{"id":643,"date":"2018-11-27T22:37:58","date_gmt":"2018-11-27T22:37:58","guid":{"rendered":"https:\/\/balmertcom.com\/?page_id=643"},"modified":"2025-10-07T15:36:29","modified_gmt":"2025-10-07T19:36:29","slug":"subscribe-managing-safety-performance-news","status":"publish","type":"page","link":"https:\/\/balmert.com\/pt\/subscribe-managing-safety-performance-news\/","title":{"rendered":"SE INSCREVER"},"content":{"rendered":"\t\t<div data-elementor-type=\"wp-post\" data-elementor-id=\"643\" class=\"elementor elementor-643 elementor-bc-flex-widget\" data-elementor-post-type=\"page\">\n\t\t\t\t\t\t<section class=\"elementor-section elementor-top-section elementor-element elementor-element-fe5448a elementor-section-boxed elementor-section-height-default elementor-section-height-default\" data-id=\"fe5448a\" data-element_type=\"section\" data-e-type=\"section\">\n\t\t\t\t\t\t<div class=\"elementor-container elementor-column-gap-default\">\n\t\t\t\t\t<div class=\"elementor-column elementor-col-100 elementor-top-column elementor-element elementor-element-4166321\" data-id=\"4166321\" data-element_type=\"column\" data-e-type=\"column\">\n\t\t\t<div class=\"elementor-widget-wrap elementor-element-populated\">\n\t\t\t\t\t\t<div class=\"elementor-element elementor-element-7d60052 elementor-widget elementor-widget-heading\" data-id=\"7d60052\" data-element_type=\"widget\" data-e-type=\"widget\" data-widget_type=\"heading.default\">\n\t\t\t\t<div class=\"elementor-widget-container\">\n\t\t\t\t\t<h2 class=\"elementor-heading-title elementor-size-default\">Our Ideas: Right to Your Inbox<\/h2>\t\t\t\t<\/div>\n\t\t\t\t<\/div>\n\t\t\t\t<div class=\"elementor-element elementor-element-137e49e elementor-widget elementor-widget-text-editor\" data-id=\"137e49e\" data-element_type=\"widget\" data-e-type=\"widget\" data-widget_type=\"text-editor.default\">\n\t\t\t\t<div class=\"elementor-widget-container\">\n\t\t\t\t\t\t\t\t\t<p>Around\u00a0Balmert Consulting, we&#8217;re convinced the principal\u00a0value we bring our clients and friends is our &#8220;Darn Good\u00a0Thinking&#8221;\u00a0&#8211; the kind of thinking that helps them make a\u00a0difference. \u00a0That starts with what\u2019s found in the chapters of\u00a0Alive And Well At The End Of The Day.\u00a0But it doesn\u2019t stop\u00a0there, as there are other ways to learn what we\u2019re thinking.<br \/><br \/>For the last fifteen years, we\u2019ve published our\u00a0Managing Safety Performance Newsletter\u00a0to a loyal following of industrial leaders across the\u00a0globe. It\u2019s been our privilege \u2013 and pleasure \u2013 to share our take on important issues that bear on safety leadership. We\u2019d like to think in its\u00a0own small way, the Newsletter has made a contribution to making the world a safer place to work. As long as we have things to say, we\u2019ll\u00a0keep writing the Newsletter.<\/p>\t\t\t\t\t\t\t\t<\/div>\n\t\t\t\t<\/div>\n\t\t\t\t\t<\/div>\n\t\t<\/div>\n\t\t\t\t\t<\/div>\n\t\t<\/section>\n\t\t\t\t<section class=\"elementor-section elementor-top-section elementor-element elementor-element-bb596ee elementor-section-boxed elementor-section-height-default elementor-section-height-default\" data-id=\"bb596ee\" data-element_type=\"section\" data-e-type=\"section\">\n\t\t\t\t\t\t<div class=\"elementor-container elementor-column-gap-default\">\n\t\t\t\t\t<div class=\"elementor-column elementor-col-50 elementor-top-column elementor-element elementor-element-011a443\" data-id=\"011a443\" data-element_type=\"column\" data-e-type=\"column\">\n\t\t\t<div class=\"elementor-widget-wrap elementor-element-populated\">\n\t\t\t\t\t\t<div class=\"elementor-element elementor-element-9669da4 elementor-widget elementor-widget-text-editor\" data-id=\"9669da4\" data-element_type=\"widget\" data-e-type=\"widget\" data-widget_type=\"text-editor.default\">\n\t\t\t\t<div class=\"elementor-widget-container\">\n\t\t\t\t\t\t\t\t\t<p><div class=\"wpforms-container wpforms-container-full\" id=\"wpforms-1456\"><form id=\"wpforms-form-1456\" class=\"wpforms-validate wpforms-form\" data-formid=\"1456\" method=\"post\" enctype=\"multipart\/form-data\" action=\"\/pt\/wp-json\/wp\/v2\/pages\/643\" data-token=\"ec253ff778208ea00b22ee53505406a3\" data-token-time=\"1774438194\"><noscript class=\"wpforms-error-noscript\">Ative o JavaScript no seu navegador para preencher este formul\u00e1rio.<\/noscript><div class=\"wpforms-field-container\"><div id=\"wpforms-1456-field_0-container\" class=\"wpforms-field wpforms-field-name\" data-field-id=\"0\"><label class=\"wpforms-field-label\" for=\"wpforms-1456-field_0\">Name <span class=\"wpforms-required-label\">*<\/span><\/label><div class=\"wpforms-field-row wpforms-field-medium\"><div class=\"wpforms-field-row-block wpforms-first wpforms-one-half\"><input type=\"text\" id=\"wpforms-1456-field_0\" class=\"wpforms-field-name-first wpforms-field-required\" name=\"wpforms[fields][0][first]\" required><label for=\"wpforms-1456-field_0\" class=\"wpforms-field-sublabel after \">Nome<\/label><\/div><div class=\"wpforms-field-row-block wpforms-one-half\"><input type=\"text\" id=\"wpforms-1456-field_0-last\" class=\"wpforms-field-name-last wpforms-field-required\" name=\"wpforms[fields][0][last]\" required><label for=\"wpforms-1456-field_0-last\" class=\"wpforms-field-sublabel after \">Sobrenome<\/label><\/div><\/div><\/div><div id=\"wpforms-1456-field_4-container\" class=\"wpforms-field wpforms-field-text\" data-field-id=\"4\"><label class=\"wpforms-field-label\" for=\"wpforms-1456-field_4\">Company <span class=\"wpforms-required-label\">*<\/span><\/label><input type=\"text\" id=\"wpforms-1456-field_4\" class=\"wpforms-field-medium wpforms-field-required\" name=\"wpforms[fields][4]\" required><\/div><div id=\"wpforms-1456-field_6-container\" class=\"wpforms-field wpforms-field-text\" data-field-id=\"6\"><label class=\"wpforms-field-label\" for=\"wpforms-1456-field_6\">Location <span class=\"wpforms-required-label\">*<\/span><\/label><input type=\"text\" id=\"wpforms-1456-field_6\" class=\"wpforms-field-medium wpforms-field-required\" name=\"wpforms[fields][6]\" required><\/div><div id=\"wpforms-1456-field_5-container\" class=\"wpforms-field wpforms-field-text\" data-field-id=\"5\"><label class=\"wpforms-field-label\" for=\"wpforms-1456-field_5\">Job Title <span class=\"wpforms-required-label\">*<\/span><\/label><input type=\"text\" id=\"wpforms-1456-field_5\" class=\"wpforms-field-medium wpforms-field-required\" name=\"wpforms[fields][5]\" required><\/div><div id=\"wpforms-1456-field_1-container\" class=\"wpforms-field wpforms-field-email\" data-field-id=\"1\"><label class=\"wpforms-field-label\" for=\"wpforms-1456-field_1\">Email <span class=\"wpforms-required-label\">*<\/span><\/label><input type=\"email\" id=\"wpforms-1456-field_1\" class=\"wpforms-field-medium wpforms-field-required\" name=\"wpforms[fields][1]\" spellcheck=\"false\" required><\/div><div id=\"wpforms-1456-field_8-container\" class=\"wpforms-field wpforms-field-checkbox\" data-field-id=\"8\"><label class=\"wpforms-field-label\" for=\"wpforms-1456-field_8\">Your Subscriptions<\/label><ul id=\"wpforms-1456-field_8\"><li class=\"choice-1 depth-1 wpforms-selected\"><input type=\"checkbox\" id=\"wpforms-1456-field_8_1\" name=\"wpforms[fields][8][]\" value=\"Managing Safety Performance News\"   checked='checked'><label class=\"wpforms-field-label-inline\" for=\"wpforms-1456-field_8_1\">Managing Safety Performance News<\/label><\/li><li class=\"choice-2 depth-1 wpforms-selected\"><input type=\"checkbox\" id=\"wpforms-1456-field_8_2\" name=\"wpforms[fields][8][]\" value=\"Managing Safety Performance NewsFlash\"   checked='checked'><label class=\"wpforms-field-label-inline\" for=\"wpforms-1456-field_8_2\">Managing Safety Performance NewsFlash<\/label><\/li><li class=\"choice-3 depth-1\"><input type=\"checkbox\" id=\"wpforms-1456-field_8_3\" name=\"wpforms[fields][8][]\" value=\"Course Information and Product Updates \"  ><label class=\"wpforms-field-label-inline\" for=\"wpforms-1456-field_8_3\">Course Information and Product Updates<\/label><\/li><li class=\"choice-4 depth-1\"><input type=\"checkbox\" id=\"wpforms-1456-field_8_4\" name=\"wpforms[fields][8][]\" value=\"Podcasts\"  ><label class=\"wpforms-field-label-inline\" for=\"wpforms-1456-field_8_4\">Podcasts<\/label><\/li><\/ul><\/div><\/div><!-- .wpforms-field-container --><div class=\"wpforms-field wpforms-field-hp\"><label for=\"wpforms-1456-field-hp\" class=\"wpforms-field-label\">Name<\/label><input type=\"text\" name=\"wpforms[hp]\" id=\"wpforms-1456-field-hp\" class=\"wpforms-field-medium\"><\/div><div class=\"wpforms-submit-container\" ><input type=\"hidden\" name=\"wpforms[id]\" value=\"1456\"><input type=\"hidden\" name=\"page_title\" value=\"\"><input type=\"hidden\" name=\"page_url\" value=\"https:\/\/balmert.com\/pt\/wp-json\/wp\/v2\/pages\/643\"><button type=\"submit\" name=\"wpforms[submit]\" id=\"wpforms-submit-1456\" class=\"wpforms-submit\" data-alt-text=\"Sending...\" data-submit-text=\"Submit\" aria-live=\"assertive\" value=\"wpforms-submit\">Submit<\/button><\/div><\/form><\/div>  <!-- .wpforms-container --><\/p>\t\t\t\t\t\t\t\t<\/div>\n\t\t\t\t<\/div>\n\t\t\t\t\t<\/div>\n\t\t<\/div>\n\t\t\t\t<div class=\"elementor-column elementor-col-50 elementor-top-column elementor-element elementor-element-b51580b\" data-id=\"b51580b\" data-element_type=\"column\" data-e-type=\"column\">\n\t\t\t<div class=\"elementor-widget-wrap elementor-element-populated\">\n\t\t\t\t\t\t<div class=\"elementor-element elementor-element-4267fe6 elementor-widget elementor-widget-image\" data-id=\"4267fe6\" data-element_type=\"widget\" data-e-type=\"widget\" data-widget_type=\"image.default\">\n\t\t\t\t<div class=\"elementor-widget-container\">\n\t\t\t\t\t\t\t\t\t\t\t\t\t\t\t<img fetchpriority=\"high\" decoding=\"async\" data-attachment-id=\"94\" data-permalink=\"https:\/\/balmert.com\/pt\/800x631-msp-what-how-2-web\/\" data-orig-file=\"https:\/\/i0.wp.com\/balmert.com\/wp-content\/uploads\/2018\/10\/800x631-msp-what-how-2-web.png?fit=800%2C631&amp;ssl=1\" data-orig-size=\"800,631\" data-comments-opened=\"0\" data-image-meta=\"{&quot;aperture&quot;:&quot;0&quot;,&quot;credit&quot;:&quot;&quot;,&quot;camera&quot;:&quot;&quot;,&quot;caption&quot;:&quot;&quot;,&quot;created_timestamp&quot;:&quot;0&quot;,&quot;copyright&quot;:&quot;&quot;,&quot;focal_length&quot;:&quot;0&quot;,&quot;iso&quot;:&quot;0&quot;,&quot;shutter_speed&quot;:&quot;0&quot;,&quot;title&quot;:&quot;&quot;,&quot;orientation&quot;:&quot;0&quot;}\" data-image-title=\"800X631 MSP-What-&amp;amp;-How-2-web\" data-image-description=\"\" data-image-caption=\"\" data-medium-file=\"https:\/\/i0.wp.com\/balmert.com\/wp-content\/uploads\/2018\/10\/800x631-msp-what-how-2-web.png?fit=300%2C237&amp;ssl=1\" data-large-file=\"https:\/\/i0.wp.com\/balmert.com\/wp-content\/uploads\/2018\/10\/800x631-msp-what-how-2-web.png?fit=800%2C631&amp;ssl=1\" width=\"800\" height=\"631\" src=\"https:\/\/i0.wp.com\/balmert.com\/wp-content\/uploads\/2018\/10\/800x631-msp-what-how-2-web.png?fit=800%2C631&amp;ssl=1\" class=\"attachment-full size-full wp-image-94\" alt=\"\" data-attachment-id=\"94\" data-permalink=\"https:\/\/balmert.com\/pt\/800x631-msp-what-how-2-web\/\" data-orig-file=\"https:\/\/i0.wp.com\/balmert.com\/wp-content\/uploads\/2018\/10\/800x631-msp-what-how-2-web.png?fit=800%2C631&amp;ssl=1\" data-orig-size=\"800,631\" data-comments-opened=\"0\" data-image-meta=\"{&quot;aperture&quot;:&quot;0&quot;,&quot;credit&quot;:&quot;&quot;,&quot;camera&quot;:&quot;&quot;,&quot;caption&quot;:&quot;&quot;,&quot;created_timestamp&quot;:&quot;0&quot;,&quot;copyright&quot;:&quot;&quot;,&quot;focal_length&quot;:&quot;0&quot;,&quot;iso&quot;:&quot;0&quot;,&quot;shutter_speed&quot;:&quot;0&quot;,&quot;title&quot;:&quot;&quot;,&quot;orientation&quot;:&quot;0&quot;}\" data-image-title=\"800X631 MSP-What-&amp;amp;-How-2-web\" data-image-description=\"\" data-image-caption=\"\" data-medium-file=\"https:\/\/i0.wp.com\/balmert.com\/wp-content\/uploads\/2018\/10\/800x631-msp-what-how-2-web.png?fit=300%2C237&amp;ssl=1\" data-large-file=\"https:\/\/i0.wp.com\/balmert.com\/wp-content\/uploads\/2018\/10\/800x631-msp-what-how-2-web.png?fit=800%2C631&amp;ssl=1\" \/>\t\t\t\t\t\t\t\t\t\t\t\t\t\t\t<\/div>\n\t\t\t\t<\/div>\n\t\t\t\t\t<\/div>\n\t\t<\/div>\n\t\t\t\t\t<\/div>\n\t\t<\/section>\n\t\t\t\t<\/div>\n\t\t","protected":false},"excerpt":{"rendered":"<p>Our Ideas: Right to Your Inbox Around\u00a0Balmert Consulting, we&#8217;re convinced the principal\u00a0value we bring our clients and friends is our &#8220;Darn Good\u00a0Thinking&#8221;\u00a0&#8211; the kind of thinking that helps them make a\u00a0difference. \u00a0That starts with what\u2019s found in the chapters of\u00a0Alive And Well At The End Of The Day.\u00a0But it doesn\u2019t stop\u00a0there, as there are other [&hellip;]<\/p>\n","protected":false},"author":1,"featured_media":0,"parent":0,"menu_order":0,"comment_status":"closed","ping_status":"closed","template":"","meta":{"site-sidebar-layout":"no-sidebar","site-content-layout":"page-builder","ast-site-content-layout":"full-width-container","site-content-style":"unboxed","site-sidebar-style":"unboxed","ast-global-header-display":"","ast-banner-title-visibility":"","ast-main-header-display":"","ast-hfb-above-header-display":"","ast-hfb-below-header-display":"","ast-hfb-mobile-header-display":"","site-post-title":"disabled","ast-breadcrumbs-content":"","ast-featured-img":"disabled","footer-sml-layout":"","ast-disable-related-posts":"","theme-transparent-header-meta":"default","adv-header-id-meta":"","stick-header-meta":"default","header-above-stick-meta":"","header-main-stick-meta":"","header-below-stick-meta":"","astra-migrate-meta-layouts":"set","ast-page-background-enabled":"default","ast-page-background-meta":{"desktop":{"background-color":"","background-image":"","background-repeat":"repeat","background-position":"center center","background-size":"auto","background-attachment":"scroll","background-type":"","background-media":"","overlay-type":"","overlay-color":"","overlay-opacity":"","overlay-gradient":""},"tablet":{"background-color":"","background-image":"","background-repeat":"repeat","background-position":"center center","background-size":"auto","background-attachment":"scroll","background-type":"","background-media":"","overlay-type":"","overlay-color":"","overlay-opacity":"","overlay-gradient":""},"mobile":{"background-color":"","background-image":"","background-repeat":"repeat","background-position":"center center","background-size":"auto","background-attachment":"scroll","background-type":"","background-media":"","overlay-type":"","overlay-color":"","overlay-opacity":"","overlay-gradient":""}},"ast-content-background-meta":{"desktop":{"background-color":"var(--ast-global-color-5)","background-image":"","background-repeat":"repeat","background-position":"center center","background-size":"auto","background-attachment":"scroll","background-type":"","background-media":"","overlay-type":"","overlay-color":"","overlay-opacity":"","overlay-gradient":""},"tablet":{"background-color":"var(--ast-global-color-5)","background-image":"","background-repeat":"repeat","background-position":"center center","background-size":"auto","background-attachment":"scroll","background-type":"","background-media":"","overlay-type":"","overlay-color":"","overlay-opacity":"","overlay-gradient":""},"mobile":{"background-color":"var(--ast-global-color-5)","background-image":"","background-repeat":"repeat","background-position":"center center","background-size":"auto","background-attachment":"scroll","background-type":"","background-media":"","overlay-type":"","overlay-color":"","overlay-opacity":"","overlay-gradient":""}},"episode_type":"","audio_file":"","podmotor_file_id":"","podmotor_episode_id":"","cover_image":"","cover_image_id":"","duration":"","filesize":"","filesize_raw":"","date_recorded":"","explicit":"","block":"","itunes_episode_number":"","itunes_title":"","itunes_season_number":"","itunes_episode_type":"","jetpack_post_was_ever_published":false,"footnotes":""},"class_list":["post-643","page","type-page","status-publish","hentry"],"yoast_head":"<!-- This site is optimized with the Yoast SEO plugin v27.2 - https:\/\/yoast.com\/product\/yoast-seo-wordpress\/ -->\n<title>SUBSCRIBE - Balmert Consulting<\/title>\n<meta name=\"description\" content=\"We\u2019d like to think in its own small way, the Newsletter has made a contribution to making the world a safer place to work.\" \/>\n<meta name=\"robots\" content=\"index, follow, max-snippet:-1, max-image-preview:large, max-video-preview:-1\" \/>\n<link rel=\"canonical\" href=\"https:\/\/balmert.com\/pt\/subscribe-managing-safety-performance-news\/\" \/>\n<meta property=\"og:locale\" content=\"pt_BR\" \/>\n<meta property=\"og:type\" content=\"article\" \/>\n<meta property=\"og:title\" content=\"SUBSCRIBE - Balmert Consulting\" \/>\n<meta property=\"og:description\" content=\"We\u2019d like to think in its own small way, the Newsletter has made a contribution to making the world a safer place to work.\" \/>\n<meta property=\"og:url\" content=\"https:\/\/balmert.com\/pt\/subscribe-managing-safety-performance-news\/\" \/>\n<meta property=\"og:site_name\" content=\"Balmert Consulting\" \/>\n<meta property=\"article:publisher\" content=\"https:\/\/www.facebook.com\/BalmertConsulting\/\" \/>\n<meta property=\"article:modified_time\" content=\"2025-10-07T19:36:29+00:00\" \/>\n<meta property=\"og:image\" content=\"https:\/\/balmert.com\/wp-content\/uploads\/2018\/10\/800x631-msp-what-how-2-web.png\" \/>\n<meta name=\"twitter:card\" content=\"summary_large_image\" \/>\n<meta name=\"twitter:label1\" content=\"Est. tempo de leitura\" \/>\n\t<meta name=\"twitter:data1\" content=\"1 minuto\" \/>\n<script type=\"application\/ld+json\" class=\"yoast-schema-graph\">{\"@context\":\"https:\/\/schema.org\",\"@graph\":[{\"@type\":\"WebPage\",\"@id\":\"https:\/\/balmert.com\/subscribe-managing-safety-performance-news\/\",\"url\":\"https:\/\/balmert.com\/subscribe-managing-safety-performance-news\/\",\"name\":\"SUBSCRIBE - Balmert Consulting\",\"isPartOf\":{\"@id\":\"https:\/\/balmert.com\/#website\"},\"primaryImageOfPage\":{\"@id\":\"https:\/\/balmert.com\/subscribe-managing-safety-performance-news\/#primaryimage\"},\"image\":{\"@id\":\"https:\/\/balmert.com\/subscribe-managing-safety-performance-news\/#primaryimage\"},\"thumbnailUrl\":\"https:\/\/balmert.com\/wp-content\/uploads\/2018\/10\/800x631-msp-what-how-2-web.png\",\"datePublished\":\"2018-11-27T22:37:58+00:00\",\"dateModified\":\"2025-10-07T19:36:29+00:00\",\"description\":\"We\u2019d like to think in its own small way, the Newsletter has made a contribution to making the world a safer place to work.\",\"breadcrumb\":{\"@id\":\"https:\/\/balmert.com\/subscribe-managing-safety-performance-news\/#breadcrumb\"},\"inLanguage\":\"pt-BR\",\"potentialAction\":[{\"@type\":\"ReadAction\",\"target\":[\"https:\/\/balmert.com\/subscribe-managing-safety-performance-news\/\"]}]},{\"@type\":\"ImageObject\",\"inLanguage\":\"pt-BR\",\"@id\":\"https:\/\/balmert.com\/subscribe-managing-safety-performance-news\/#primaryimage\",\"url\":\"https:\/\/balmert.com\/wp-content\/uploads\/2018\/10\/800x631-msp-what-how-2-web.png\",\"contentUrl\":\"https:\/\/balmert.com\/wp-content\/uploads\/2018\/10\/800x631-msp-what-how-2-web.png\"},{\"@type\":\"BreadcrumbList\",\"@id\":\"https:\/\/balmert.com\/subscribe-managing-safety-performance-news\/#breadcrumb\",\"itemListElement\":[{\"@type\":\"ListItem\",\"position\":1,\"name\":\"Home\",\"item\":\"https:\/\/balmert.com\/\"},{\"@type\":\"ListItem\",\"position\":2,\"name\":\"SUBSCRIBE\"}]},{\"@type\":\"WebSite\",\"@id\":\"https:\/\/balmert.com\/#website\",\"url\":\"https:\/\/balmert.com\/\",\"name\":\"Balmert Consulting\",\"description\":\"Most of our clients have tough safety, leadership and\/or execution challenges that keep them up at night. They trust us to help them solve those problems.\",\"publisher\":{\"@id\":\"https:\/\/balmert.com\/#organization\"},\"potentialAction\":[{\"@type\":\"SearchAction\",\"target\":{\"@type\":\"EntryPoint\",\"urlTemplate\":\"https:\/\/balmert.com\/?s={search_term_string}\"},\"query-input\":{\"@type\":\"PropertyValueSpecification\",\"valueRequired\":true,\"valueName\":\"search_term_string\"}}],\"inLanguage\":\"pt-BR\"},{\"@type\":\"Organization\",\"@id\":\"https:\/\/balmert.com\/#organization\",\"name\":\"Balmert Consulting\",\"url\":\"https:\/\/balmert.com\/\",\"logo\":{\"@type\":\"ImageObject\",\"inLanguage\":\"pt-BR\",\"@id\":\"https:\/\/balmert.com\/#\/schema\/logo\/image\/\",\"url\":\"https:\/\/i0.wp.com\/balmert.com\/wp-content\/uploads\/2018\/10\/skeets.png?fit=206%2C258&ssl=1\",\"contentUrl\":\"https:\/\/i0.wp.com\/balmert.com\/wp-content\/uploads\/2018\/10\/skeets.png?fit=206%2C258&ssl=1\",\"width\":\"206\",\"height\":\"258\",\"caption\":\"Balmert Consulting\"},\"image\":{\"@id\":\"https:\/\/balmert.com\/#\/schema\/logo\/image\/\"},\"sameAs\":[\"https:\/\/www.facebook.com\/BalmertConsulting\/\",\"https:\/\/www.linkedin.com\/company\/balmert-consulting\/about\/\"]}]}<\/script>\n<!-- \/ Yoast SEO plugin. -->","yoast_head_json":{"title":"SUBSCRIBE - Balmert Consulting","description":"We\u2019d like to think in its own small way, the Newsletter has made a contribution to making the world a safer place to work.","robots":{"index":"index","follow":"follow","max-snippet":"max-snippet:-1","max-image-preview":"max-image-preview:large","max-video-preview":"max-video-preview:-1"},"canonical":"https:\/\/balmert.com\/pt\/subscribe-managing-safety-performance-news\/","og_locale":"pt_BR","og_type":"article","og_title":"SUBSCRIBE - Balmert Consulting","og_description":"We\u2019d like to think in its own small way, the Newsletter has made a contribution to making the world a safer place to work.","og_url":"https:\/\/balmert.com\/pt\/subscribe-managing-safety-performance-news\/","og_site_name":"Balmert Consulting","article_publisher":"https:\/\/www.facebook.com\/BalmertConsulting\/","article_modified_time":"2025-10-07T19:36:29+00:00","og_image":[{"url":"https:\/\/balmert.com\/wp-content\/uploads\/2018\/10\/800x631-msp-what-how-2-web.png","type":"","width":"","height":""}],"twitter_card":"summary_large_image","twitter_misc":{"Est. tempo de leitura":"1 minuto"},"schema":{"@context":"https:\/\/schema.org","@graph":[{"@type":"WebPage","@id":"https:\/\/balmert.com\/subscribe-managing-safety-performance-news\/","url":"https:\/\/balmert.com\/subscribe-managing-safety-performance-news\/","name":"SUBSCRIBE - Balmert Consulting","isPartOf":{"@id":"https:\/\/balmert.com\/#website"},"primaryImageOfPage":{"@id":"https:\/\/balmert.com\/subscribe-managing-safety-performance-news\/#primaryimage"},"image":{"@id":"https:\/\/balmert.com\/subscribe-managing-safety-performance-news\/#primaryimage"},"thumbnailUrl":"https:\/\/balmert.com\/wp-content\/uploads\/2018\/10\/800x631-msp-what-how-2-web.png","datePublished":"2018-11-27T22:37:58+00:00","dateModified":"2025-10-07T19:36:29+00:00","description":"We\u2019d like to think in its own small way, the Newsletter has made a contribution to making the world a safer place to work.","breadcrumb":{"@id":"https:\/\/balmert.com\/subscribe-managing-safety-performance-news\/#breadcrumb"},"inLanguage":"pt-BR","potentialAction":[{"@type":"ReadAction","target":["https:\/\/balmert.com\/subscribe-managing-safety-performance-news\/"]}]},{"@type":"ImageObject","inLanguage":"pt-BR","@id":"https:\/\/balmert.com\/subscribe-managing-safety-performance-news\/#primaryimage","url":"https:\/\/balmert.com\/wp-content\/uploads\/2018\/10\/800x631-msp-what-how-2-web.png","contentUrl":"https:\/\/balmert.com\/wp-content\/uploads\/2018\/10\/800x631-msp-what-how-2-web.png"},{"@type":"BreadcrumbList","@id":"https:\/\/balmert.com\/subscribe-managing-safety-performance-news\/#breadcrumb","itemListElement":[{"@type":"ListItem","position":1,"name":"Home","item":"https:\/\/balmert.com\/"},{"@type":"ListItem","position":2,"name":"SUBSCRIBE"}]},{"@type":"WebSite","@id":"https:\/\/balmert.com\/#website","url":"https:\/\/balmert.com\/","name":"Balmert Consulting","description":"A maioria dos nossos clientes tem desafios dif\u00edceis de seguran\u00e7a, lideran\u00e7a e \/ ou execu\u00e7\u00e3o que os mant\u00eam acordados \u00e0 noite. Eles confiam em n\u00f3s para ajud\u00e1-los a resolver esses problemas.","publisher":{"@id":"https:\/\/balmert.com\/#organization"},"potentialAction":[{"@type":"SearchAction","target":{"@type":"EntryPoint","urlTemplate":"https:\/\/balmert.com\/?s={search_term_string}"},"query-input":{"@type":"PropertyValueSpecification","valueRequired":true,"valueName":"search_term_string"}}],"inLanguage":"pt-BR"},{"@type":"Organization","@id":"https:\/\/balmert.com\/#organization","name":"Balmert Consulting","url":"https:\/\/balmert.com\/","logo":{"@type":"ImageObject","inLanguage":"pt-BR","@id":"https:\/\/balmert.com\/#\/schema\/logo\/image\/","url":"https:\/\/i0.wp.com\/balmert.com\/wp-content\/uploads\/2018\/10\/skeets.png?fit=206%2C258&ssl=1","contentUrl":"https:\/\/i0.wp.com\/balmert.com\/wp-content\/uploads\/2018\/10\/skeets.png?fit=206%2C258&ssl=1","width":"206","height":"258","caption":"Balmert Consulting"},"image":{"@id":"https:\/\/balmert.com\/#\/schema\/logo\/image\/"},"sameAs":["https:\/\/www.facebook.com\/BalmertConsulting\/","https:\/\/www.linkedin.com\/company\/balmert-consulting\/about\/"]}]}},"jetpack_sharing_enabled":true,"jetpack_shortlink":"https:\/\/wp.me\/PaokrT-an","jetpack_likes_enabled":false,"amp_enabled":true,"_links":{"self":[{"href":"https:\/\/balmert.com\/pt\/wp-json\/wp\/v2\/pages\/643","targetHints":{"allow":["GET"]}}],"collection":[{"href":"https:\/\/balmert.com\/pt\/wp-json\/wp\/v2\/pages"}],"about":[{"href":"https:\/\/balmert.com\/pt\/wp-json\/wp\/v2\/types\/page"}],"author":[{"embeddable":true,"href":"https:\/\/balmert.com\/pt\/wp-json\/wp\/v2\/users\/1"}],"replies":[{"embeddable":true,"href":"https:\/\/balmert.com\/pt\/wp-json\/wp\/v2\/comments?post=643"}],"version-history":[{"count":16,"href":"https:\/\/balmert.com\/pt\/wp-json\/wp\/v2\/pages\/643\/revisions"}],"predecessor-version":[{"id":4608,"href":"https:\/\/balmert.com\/pt\/wp-json\/wp\/v2\/pages\/643\/revisions\/4608"}],"wp:attachment":[{"href":"https:\/\/balmert.com\/pt\/wp-json\/wp\/v2\/media?parent=643"}],"curies":[{"name":"wp","href":"https:\/\/api.w.org\/{rel}","templated":true}]}}