{"id":614,"date":"2018-11-20T18:23:44","date_gmt":"2018-11-20T18:23:44","guid":{"rendered":"https:\/\/balmertcom.com\/?page_id=614"},"modified":"2025-10-07T11:33:19","modified_gmt":"2025-10-07T15:33:19","slug":"about-us","status":"publish","type":"page","link":"https:\/\/balmert.com\/pt\/about-us\/","title":{"rendered":"SOBRE N\u00d3S"},"content":{"rendered":"<div data-elementor-type=\"wp-post\" data-elementor-id=\"614\" class=\"elementor elementor-614\" data-elementor-post-type=\"page\">\n\t\t\t\t\t\t<section class=\"elementor-section elementor-top-section elementor-element elementor-element-4141f9a elementor-section-height-min-height elementor-section-boxed elementor-section-height-default elementor-section-items-middle\" data-id=\"4141f9a\" data-element_type=\"section\" data-e-type=\"section\" data-settings=\"{&quot;background_background&quot;:&quot;classic&quot;}\">\n\t\t\t\t\t\t\t<div class=\"elementor-background-overlay\"><\/div>\n\t\t\t\t\t\t\t<div class=\"elementor-container elementor-column-gap-default\">\n\t\t\t\t\t<div class=\"elementor-column elementor-col-100 elementor-top-column elementor-element elementor-element-f2c7a98\" data-id=\"f2c7a98\" data-element_type=\"column\" data-e-type=\"column\">\n\t\t\t<div class=\"elementor-widget-wrap elementor-element-populated\">\n\t\t\t\t\t\t<div class=\"elementor-element elementor-element-7208a36 elementor-widget elementor-widget-heading\" data-id=\"7208a36\" data-element_type=\"widget\" data-e-type=\"widget\" data-widget_type=\"heading.default\">\n\t\t\t\t<div class=\"elementor-widget-container\">\n\t\t\t\t\t<h2 class=\"elementor-heading-title elementor-size-large\">O foco de nossa consultoria est\u00e1 na interse\u00e7\u00e3o de execu\u00e7\u00e3o, lideran\u00e7a e opera\u00e7\u00f5es.<\/h2>\t\t\t\t<\/div>\n\t\t\t\t<\/div>\n\t\t\t\t\t<\/div>\n\t\t<\/div>\n\t\t\t\t\t<\/div>\n\t\t<\/section>\n\t\t\t\t<section class=\"elementor-section elementor-top-section elementor-element elementor-element-3bbc7ba elementor-section-boxed elementor-section-height-default elementor-section-height-default\" data-id=\"3bbc7ba\" data-element_type=\"section\" data-e-type=\"section\">\n\t\t\t\t\t\t<div class=\"elementor-container elementor-column-gap-default\">\n\t\t\t\t\t<div class=\"elementor-column elementor-col-100 elementor-top-column elementor-element elementor-element-cad147a\" data-id=\"cad147a\" data-element_type=\"column\" data-e-type=\"column\">\n\t\t\t<div class=\"elementor-widget-wrap elementor-element-populated\">\n\t\t\t\t\t\t<section class=\"elementor-section elementor-inner-section elementor-element elementor-element-3ab61b8 elementor-section-boxed elementor-section-height-default elementor-section-height-default\" data-id=\"3ab61b8\" data-element_type=\"section\" data-e-type=\"section\">\n\t\t\t\t\t\t<div class=\"elementor-container elementor-column-gap-default\">\n\t\t\t\t\t<div class=\"elementor-column elementor-col-100 elementor-inner-column elementor-element elementor-element-20c3a58\" data-id=\"20c3a58\" data-element_type=\"column\" data-e-type=\"column\">\n\t\t\t<div class=\"elementor-widget-wrap elementor-element-populated\">\n\t\t\t\t\t\t<div class=\"elementor-element elementor-element-39238c5 elementor-widget elementor-widget-text-editor\" data-id=\"39238c5\" data-element_type=\"widget\" data-e-type=\"widget\" data-widget_type=\"text-editor.default\">\n\t\t\t\t<div class=\"elementor-widget-container\">\n\t\t\t\t\t\t\t\t\t<p>A Balmert Consulting \u00e9 uma empresa global de consultoria de gest\u00e3o com sede em Seabrook, Texas. Oferecemos produtos de treinamento e servi\u00e7os de consultoria projetados para obter uma melhoria sustent\u00e1vel na execu\u00e7\u00e3o das opera\u00e7\u00f5es. Nas \u00faltimas duas d\u00e9cadas, treinamos mais de 75.000 l\u00edderes de linha, de supervisores e gerentes de linha de frente a vice-presidentes, presidentes de divis\u00e3o, presidentes e CEOs, e prestamos servi\u00e7os em seis continentes, em cinco idiomas diferentes, em uma ampla gama de ind\u00fastrias, alcan\u00e7ando resultados extremamente bem-sucedidos.<\/p><p>O foco de nossa consultoria e nossa experi\u00eancia est\u00e3o no cruzamento de execu\u00e7\u00e3o, lideran\u00e7a e opera\u00e7\u00f5es. Acreditamos que a execu\u00e7\u00e3o \u00e9 a diferen\u00e7a que faz a diferen\u00e7a na convers\u00e3o de metas em resultados. Nos neg\u00f3cios, a execu\u00e7\u00e3o \u00e9 fun\u00e7\u00e3o da ger\u00eancia: \u00e9 preciso lideran\u00e7a para impulsionar a execu\u00e7\u00e3o.<\/p>\t\t\t\t\t\t\t\t<\/div>\n\t\t\t\t<\/div>\n\t\t\t\t\t<\/div>\n\t\t<\/div>\n\t\t\t\t\t<\/div>\n\t\t<\/section>\n\t\t\t\t<section class=\"elementor-section elementor-inner-section elementor-element elementor-element-e1f24ef elementor-section-boxed elementor-section-height-default elementor-section-height-default\" data-id=\"e1f24ef\" data-element_type=\"section\" data-e-type=\"section\">\n\t\t\t\t\t\t<div class=\"elementor-container elementor-column-gap-default\">\n\t\t\t\t\t<div class=\"elementor-column elementor-col-100 elementor-inner-column elementor-element elementor-element-79939f9\" data-id=\"79939f9\" data-element_type=\"column\" data-e-type=\"column\">\n\t\t\t<div class=\"elementor-widget-wrap elementor-element-populated\">\n\t\t\t\t\t\t<div class=\"elementor-element elementor-element-86f310d elementor-widget elementor-widget-text-editor\" data-id=\"86f310d\" data-element_type=\"widget\" data-e-type=\"widget\" data-widget_type=\"text-editor.default\">\n\t\t\t\t<div class=\"elementor-widget-container\">\n\t\t\t\t\t\t\t\t\t<h3 id=\"u7804-3\"><span id=\"u7804-2\"><i>\u201cA maioria dos nossos clientes tem desafios dif\u00edceis de seguran\u00e7a, lideran\u00e7a e \/ ou execu\u00e7\u00e3o que os mant\u00eam acordados \u00e0 noite. <\/i><\/span><\/h3><h3><span id=\"u7804-2\"><i>Eles confiam em n\u00f3s para ajud\u00e1-los a resolver esses problemas. \u201d<\/i><\/span><\/h3>\t\t\t\t\t\t\t\t<\/div>\n\t\t\t\t<\/div>\n\t\t\t\t\t<\/div>\n\t\t<\/div>\n\t\t\t\t\t<\/div>\n\t\t<\/section>\n\t\t\t\t<section class=\"elementor-section elementor-inner-section elementor-element elementor-element-7f60d8d elementor-section-boxed elementor-section-height-default elementor-section-height-default\" data-id=\"7f60d8d\" data-element_type=\"section\" data-e-type=\"section\">\n\t\t\t\t\t\t<div class=\"elementor-container elementor-column-gap-default\">\n\t\t\t\t\t<div class=\"elementor-column elementor-col-100 elementor-inner-column elementor-element elementor-element-846f8c3\" data-id=\"846f8c3\" data-element_type=\"column\" data-e-type=\"column\">\n\t\t\t<div class=\"elementor-widget-wrap elementor-element-populated\">\n\t\t\t\t\t\t<div class=\"elementor-element elementor-element-092e6c4 elementor-widget elementor-widget-text-editor\" data-id=\"092e6c4\" data-element_type=\"widget\" data-e-type=\"widget\" data-widget_type=\"text-editor.default\">\n\t\t\t\t<div class=\"elementor-widget-container\">\n\t\t\t\t\t\t\t\t\t<p id=\"u7804-5\">Para os l\u00edderes em opera\u00e7\u00f5es, acertar a seguran\u00e7a - enviar todos para casa, vivos e bem no final de cada dia - \u00e9 a primeira ordem de neg\u00f3cios. Estabelecer esse objetivo \u00e9 uma coisa; o que realmente importa \u00e9 fazer isso acontecer. No caminho, h\u00e1 um conjunto de dif\u00edceis desafios de lideran\u00e7a em seguran\u00e7a que podem ser resumidos em uma palavra: execu\u00e7\u00e3o.<\/p><p id=\"u7804-7\">Como ex-l\u00edderes de opera\u00e7\u00f5es, entendemos a necessidade de execu\u00e7\u00e3o. Tamb\u00e9m entendemos que l\u00edderes incrivelmente ocupados est\u00e3o procurando solu\u00e7\u00f5es para esses desafios. N\u00e3o teorias, mas coisas pr\u00e1ticas que os l\u00edderes podem fazer para fazer uma diferen\u00e7a real na execu\u00e7\u00e3o e seguran\u00e7a.<\/p><p id=\"u7804-11\">\u00c9 por isso que, em <span id=\"u7804-9\">Balmert Consulting<\/span>, nos concentramos em seguran\u00e7a, execu\u00e7\u00e3o e lideran\u00e7a.<\/p><p id=\"u7804-13\">Estamos convencidos de que a execu\u00e7\u00e3o \u00e9 a diferen\u00e7a que faz a diferen\u00e7a na convers\u00e3o de metas em resultados. Oferecemos produtos de treinamento e servi\u00e7os de consultoria comprovados para criar uma melhoria sustent\u00e1vel na execu\u00e7\u00e3o - come\u00e7ando pela seguran\u00e7a.\u00a0<\/p><p id=\"u7804-18\">E se <span id=\"u7804-15\">seu<\/span> O desafio \u00e9 obter grande seguran\u00e7a, execu\u00e7\u00e3o e lideran\u00e7a <span id=\"u7804-17\">\u00e9 a\u00ed que podemos ajudar!<\/span><\/p>\t\t\t\t\t\t\t\t<\/div>\n\t\t\t\t<\/div>\n\t\t\t\t\t<\/div>\n\t\t<\/div>\n\t\t\t\t\t<\/div>\n\t\t<\/section>\n\t\t\t\t\t<\/div>\n\t\t<\/div>\n\t\t\t\t\t<\/div>\n\t\t<\/section>\n\t\t\t\t<\/div>","protected":false},"excerpt":{"rendered":"<p>The focus of our consultancy lies at the intersection of execution, leadership \u2013 and operations. Balmert Consulting is a global management consulting firm headquartered in Seabrook, Texas. We offer training products\u00a0and consulting services designed to achieve a sustainable improvement in execution in operations. Over the last two decades we have trained over 75,000 line leaders, [&hellip;]<\/p>\n","protected":false},"author":1,"featured_media":0,"parent":0,"menu_order":0,"comment_status":"closed","ping_status":"closed","template":"","meta":{"site-sidebar-layout":"no-sidebar","site-content-layout":"page-builder","ast-site-content-layout":"full-width-container","site-content-style":"unboxed","site-sidebar-style":"unboxed","ast-global-header-display":"","ast-banner-title-visibility":"","ast-main-header-display":"","ast-hfb-above-header-display":"","ast-hfb-below-header-display":"","ast-hfb-mobile-header-display":"","site-post-title":"disabled","ast-breadcrumbs-content":"","ast-featured-img":"disabled","footer-sml-layout":"","ast-disable-related-posts":"","theme-transparent-header-meta":"default","adv-header-id-meta":"","stick-header-meta":"default","header-above-stick-meta":"","header-main-stick-meta":"","header-below-stick-meta":"","astra-migrate-meta-layouts":"set","ast-page-background-enabled":"default","ast-page-background-meta":{"desktop":{"background-color":"","background-image":"","background-repeat":"repeat","background-position":"center center","background-size":"auto","background-attachment":"scroll","background-type":"","background-media":"","overlay-type":"","overlay-color":"","overlay-opacity":"","overlay-gradient":""},"tablet":{"background-color":"","background-image":"","background-repeat":"repeat","background-position":"center center","background-size":"auto","background-attachment":"scroll","background-type":"","background-media":"","overlay-type":"","overlay-color":"","overlay-opacity":"","overlay-gradient":""},"mobile":{"background-color":"","background-image":"","background-repeat":"repeat","background-position":"center center","background-size":"auto","background-attachment":"scroll","background-type":"","background-media":"","overlay-type":"","overlay-color":"","overlay-opacity":"","overlay-gradient":""}},"ast-content-background-meta":{"desktop":{"background-color":"var(--ast-global-color-5)","background-image":"","background-repeat":"repeat","background-position":"center center","background-size":"auto","background-attachment":"scroll","background-type":"","background-media":"","overlay-type":"","overlay-color":"","overlay-opacity":"","overlay-gradient":""},"tablet":{"background-color":"var(--ast-global-color-5)","background-image":"","background-repeat":"repeat","background-position":"center center","background-size":"auto","background-attachment":"scroll","background-type":"","background-media":"","overlay-type":"","overlay-color":"","overlay-opacity":"","overlay-gradient":""},"mobile":{"background-color":"var(--ast-global-color-5)","background-image":"","background-repeat":"repeat","background-position":"center center","background-size":"auto","background-attachment":"scroll","background-type":"","background-media":"","overlay-type":"","overlay-color":"","overlay-opacity":"","overlay-gradient":""}},"episode_type":"","audio_file":"","podmotor_file_id":"","podmotor_episode_id":"","cover_image":"","cover_image_id":"","duration":"","filesize":"","filesize_raw":"","date_recorded":"","explicit":"","block":"","itunes_episode_number":"","itunes_title":"","itunes_season_number":"","itunes_episode_type":"","footnotes":""},"class_list":["post-614","page","type-page","status-publish","hentry"],"yoast_head":"<!-- This site is optimized with the Yoast SEO plugin v27.4 - https:\/\/yoast.com\/product\/yoast-seo-wordpress\/ -->\n<title>ABOUT US - Balmert Consulting<\/title>\n<meta name=\"description\" content=\"We offer Safety Leadership Training and consulting services designed to achieve a sustainable improvement in execution in operations.\" \/>\n<meta name=\"robots\" content=\"index, follow, max-snippet:-1, max-image-preview:large, max-video-preview:-1\" \/>\n<link rel=\"canonical\" href=\"https:\/\/balmert.com\/pt\/about-us\/\" \/>\n<meta property=\"og:locale\" content=\"pt_BR\" \/>\n<meta property=\"og:type\" content=\"article\" \/>\n<meta property=\"og:title\" content=\"ABOUT US - Balmert Consulting\" \/>\n<meta property=\"og:description\" content=\"We offer Safety Leadership Training and consulting services designed to achieve a sustainable improvement in execution in operations.\" \/>\n<meta property=\"og:url\" content=\"https:\/\/balmert.com\/pt\/about-us\/\" \/>\n<meta property=\"og:site_name\" content=\"Balmert Consulting\" \/>\n<meta property=\"article:publisher\" content=\"https:\/\/www.facebook.com\/BalmertConsulting\/\" \/>\n<meta property=\"article:modified_time\" content=\"2025-10-07T15:33:19+00:00\" \/>\n<meta name=\"twitter:card\" content=\"summary_large_image\" \/>\n<meta name=\"twitter:label1\" content=\"Est. tempo de leitura\" \/>\n\t<meta name=\"twitter:data1\" content=\"2 minutos\" \/>\n<script type=\"application\/ld+json\" class=\"yoast-schema-graph\">{\"@context\":\"https:\\\/\\\/schema.org\",\"@graph\":[{\"@type\":\"WebPage\",\"@id\":\"https:\\\/\\\/balmert.com\\\/about-us\\\/\",\"url\":\"https:\\\/\\\/balmert.com\\\/about-us\\\/\",\"name\":\"ABOUT US - Balmert Consulting\",\"isPartOf\":{\"@id\":\"https:\\\/\\\/balmert.com\\\/#website\"},\"datePublished\":\"2018-11-20T18:23:44+00:00\",\"dateModified\":\"2025-10-07T15:33:19+00:00\",\"description\":\"We offer Safety Leadership Training and consulting services designed to achieve a sustainable improvement in execution in operations.\",\"breadcrumb\":{\"@id\":\"https:\\\/\\\/balmert.com\\\/about-us\\\/#breadcrumb\"},\"inLanguage\":\"pt-BR\",\"potentialAction\":[{\"@type\":\"ReadAction\",\"target\":[\"https:\\\/\\\/balmert.com\\\/about-us\\\/\"]}]},{\"@type\":\"BreadcrumbList\",\"@id\":\"https:\\\/\\\/balmert.com\\\/about-us\\\/#breadcrumb\",\"itemListElement\":[{\"@type\":\"ListItem\",\"position\":1,\"name\":\"Home\",\"item\":\"https:\\\/\\\/balmert.com\\\/\"},{\"@type\":\"ListItem\",\"position\":2,\"name\":\"ABOUT US\"}]},{\"@type\":\"WebSite\",\"@id\":\"https:\\\/\\\/balmert.com\\\/#website\",\"url\":\"https:\\\/\\\/balmert.com\\\/\",\"name\":\"Balmert Consulting\",\"description\":\"Most of our clients have tough safety, leadership and\\\/or execution challenges that keep them up at night. They trust us to help them solve those problems.\",\"publisher\":{\"@id\":\"https:\\\/\\\/balmert.com\\\/#organization\"},\"potentialAction\":[{\"@type\":\"SearchAction\",\"target\":{\"@type\":\"EntryPoint\",\"urlTemplate\":\"https:\\\/\\\/balmert.com\\\/?s={search_term_string}\"},\"query-input\":{\"@type\":\"PropertyValueSpecification\",\"valueRequired\":true,\"valueName\":\"search_term_string\"}}],\"inLanguage\":\"pt-BR\"},{\"@type\":\"Organization\",\"@id\":\"https:\\\/\\\/balmert.com\\\/#organization\",\"name\":\"Balmert Consulting\",\"url\":\"https:\\\/\\\/balmert.com\\\/\",\"logo\":{\"@type\":\"ImageObject\",\"inLanguage\":\"pt-BR\",\"@id\":\"https:\\\/\\\/balmert.com\\\/#\\\/schema\\\/logo\\\/image\\\/\",\"url\":\"https:\\\/\\\/i0.wp.com\\\/balmert.com\\\/wp-content\\\/uploads\\\/2018\\\/10\\\/skeets.png?fit=206%2C258&ssl=1\",\"contentUrl\":\"https:\\\/\\\/i0.wp.com\\\/balmert.com\\\/wp-content\\\/uploads\\\/2018\\\/10\\\/skeets.png?fit=206%2C258&ssl=1\",\"width\":\"206\",\"height\":\"258\",\"caption\":\"Balmert Consulting\"},\"image\":{\"@id\":\"https:\\\/\\\/balmert.com\\\/#\\\/schema\\\/logo\\\/image\\\/\"},\"sameAs\":[\"https:\\\/\\\/www.facebook.com\\\/BalmertConsulting\\\/\",\"https:\\\/\\\/www.linkedin.com\\\/company\\\/balmert-consulting\\\/about\\\/\"]}]}<\/script>\n<!-- \/ Yoast SEO plugin. -->","yoast_head_json":{"title":"ABOUT US - Balmert Consulting","description":"We offer Safety Leadership Training and consulting services designed to achieve a sustainable improvement in execution in operations.","robots":{"index":"index","follow":"follow","max-snippet":"max-snippet:-1","max-image-preview":"max-image-preview:large","max-video-preview":"max-video-preview:-1"},"canonical":"https:\/\/balmert.com\/pt\/about-us\/","og_locale":"pt_BR","og_type":"article","og_title":"ABOUT US - Balmert Consulting","og_description":"We offer Safety Leadership Training and consulting services designed to achieve a sustainable improvement in execution in operations.","og_url":"https:\/\/balmert.com\/pt\/about-us\/","og_site_name":"Balmert Consulting","article_publisher":"https:\/\/www.facebook.com\/BalmertConsulting\/","article_modified_time":"2025-10-07T15:33:19+00:00","twitter_card":"summary_large_image","twitter_misc":{"Est. tempo de leitura":"2 minutos"},"schema":{"@context":"https:\/\/schema.org","@graph":[{"@type":"WebPage","@id":"https:\/\/balmert.com\/about-us\/","url":"https:\/\/balmert.com\/about-us\/","name":"ABOUT US - Balmert Consulting","isPartOf":{"@id":"https:\/\/balmert.com\/#website"},"datePublished":"2018-11-20T18:23:44+00:00","dateModified":"2025-10-07T15:33:19+00:00","description":"We offer Safety Leadership Training and consulting services designed to achieve a sustainable improvement in execution in operations.","breadcrumb":{"@id":"https:\/\/balmert.com\/about-us\/#breadcrumb"},"inLanguage":"pt-BR","potentialAction":[{"@type":"ReadAction","target":["https:\/\/balmert.com\/about-us\/"]}]},{"@type":"BreadcrumbList","@id":"https:\/\/balmert.com\/about-us\/#breadcrumb","itemListElement":[{"@type":"ListItem","position":1,"name":"Home","item":"https:\/\/balmert.com\/"},{"@type":"ListItem","position":2,"name":"ABOUT US"}]},{"@type":"WebSite","@id":"https:\/\/balmert.com\/#website","url":"https:\/\/balmert.com\/","name":"Balmert Consulting","description":"A maioria dos nossos clientes tem desafios dif\u00edceis de seguran\u00e7a, lideran\u00e7a e \/ ou execu\u00e7\u00e3o que os mant\u00eam acordados \u00e0 noite. Eles confiam em n\u00f3s para ajud\u00e1-los a resolver esses problemas.","publisher":{"@id":"https:\/\/balmert.com\/#organization"},"potentialAction":[{"@type":"SearchAction","target":{"@type":"EntryPoint","urlTemplate":"https:\/\/balmert.com\/?s={search_term_string}"},"query-input":{"@type":"PropertyValueSpecification","valueRequired":true,"valueName":"search_term_string"}}],"inLanguage":"pt-BR"},{"@type":"Organization","@id":"https:\/\/balmert.com\/#organization","name":"Balmert Consulting","url":"https:\/\/balmert.com\/","logo":{"@type":"ImageObject","inLanguage":"pt-BR","@id":"https:\/\/balmert.com\/#\/schema\/logo\/image\/","url":"https:\/\/i0.wp.com\/balmert.com\/wp-content\/uploads\/2018\/10\/skeets.png?fit=206%2C258&ssl=1","contentUrl":"https:\/\/i0.wp.com\/balmert.com\/wp-content\/uploads\/2018\/10\/skeets.png?fit=206%2C258&ssl=1","width":"206","height":"258","caption":"Balmert Consulting"},"image":{"@id":"https:\/\/balmert.com\/#\/schema\/logo\/image\/"},"sameAs":["https:\/\/www.facebook.com\/BalmertConsulting\/","https:\/\/www.linkedin.com\/company\/balmert-consulting\/about\/"]}]}},"jetpack_sharing_enabled":true,"jetpack_shortlink":"https:\/\/wp.me\/PaokrT-9U","jetpack_likes_enabled":false,"amp_enabled":true,"_links":{"self":[{"href":"https:\/\/balmert.com\/pt\/wp-json\/wp\/v2\/pages\/614","targetHints":{"allow":["GET"]}}],"collection":[{"href":"https:\/\/balmert.com\/pt\/wp-json\/wp\/v2\/pages"}],"about":[{"href":"https:\/\/balmert.com\/pt\/wp-json\/wp\/v2\/types\/page"}],"author":[{"embeddable":true,"href":"https:\/\/balmert.com\/pt\/wp-json\/wp\/v2\/users\/1"}],"replies":[{"embeddable":true,"href":"https:\/\/balmert.com\/pt\/wp-json\/wp\/v2\/comments?post=614"}],"version-history":[{"count":29,"href":"https:\/\/balmert.com\/pt\/wp-json\/wp\/v2\/pages\/614\/revisions"}],"predecessor-version":[{"id":4589,"href":"https:\/\/balmert.com\/pt\/wp-json\/wp\/v2\/pages\/614\/revisions\/4589"}],"wp:attachment":[{"href":"https:\/\/balmert.com\/pt\/wp-json\/wp\/v2\/media?parent=614"}],"curies":[{"name":"wp","href":"https:\/\/api.w.org\/{rel}","templated":true}]}}