{"id":4367,"date":"2025-03-19T13:05:13","date_gmt":"2025-03-19T17:05:13","guid":{"rendered":"https:\/\/balmert.com\/?page_id=4367"},"modified":"2025-03-31T10:04:56","modified_gmt":"2025-03-31T14:04:56","slug":"the-human-decision-process","status":"publish","type":"page","link":"https:\/\/balmert.com\/pt\/the-human-decision-process\/","title":{"rendered":"The Human Decision Process"},"content":{"rendered":"<div data-elementor-type=\"wp-page\" data-elementor-id=\"4367\" class=\"elementor elementor-4367\" data-elementor-post-type=\"page\">\n\t\t\t\t\t\t<section class=\"elementor-section elementor-top-section elementor-element elementor-element-1c0a87d9 elementor-section-items-top elementor-section-height-min-height elementor-section-full_width elementor-section-height-default\" data-id=\"1c0a87d9\" data-element_type=\"section\" data-e-type=\"section\" data-settings=\"{&quot;background_background&quot;:&quot;classic&quot;}\">\n\t\t\t\t\t\t\t<div class=\"elementor-background-overlay\"><\/div>\n\t\t\t\t\t\t\t<div class=\"elementor-container elementor-column-gap-default\">\n\t\t\t\t\t<div class=\"elementor-column elementor-col-100 elementor-top-column elementor-element elementor-element-4c9744c6\" data-id=\"4c9744c6\" data-element_type=\"column\" data-e-type=\"column\">\n\t\t\t<div class=\"elementor-widget-wrap elementor-element-populated\">\n\t\t\t\t\t\t<div class=\"elementor-element elementor-element-1e9539e2 elementor-widget elementor-widget-heading\" data-id=\"1e9539e2\" data-element_type=\"widget\" data-e-type=\"widget\" data-widget_type=\"heading.default\">\n\t\t\t\t<div class=\"elementor-widget-container\">\n\t\t\t\t\t<h1 class=\"elementor-heading-title elementor-size-large\">Pensamento humano e reconhecimento de perigos\n<\/h1>\t\t\t\t<\/div>\n\t\t\t\t<\/div>\n\t\t\t\t<div class=\"elementor-element elementor-element-7cfe15c5 elementor-widget elementor-widget-heading\" data-id=\"7cfe15c5\" data-element_type=\"widget\" data-e-type=\"widget\" data-widget_type=\"heading.default\">\n\t\t\t\t<div class=\"elementor-widget-container\">\n\t\t\t\t\t<h1 class=\"elementor-heading-title elementor-size-large\">Com o Dr. Peter Robison<\/h1>\t\t\t\t<\/div>\n\t\t\t\t<\/div>\n\t\t\t\t\t<\/div>\n\t\t<\/div>\n\t\t\t\t\t<\/div>\n\t\t<\/section>\n\t\t\t\t<section class=\"elementor-section elementor-top-section elementor-element elementor-element-bc11d3b elementor-section-boxed elementor-section-height-default elementor-section-height-default\" data-id=\"bc11d3b\" data-element_type=\"section\" data-e-type=\"section\">\n\t\t\t\t\t\t<div class=\"elementor-container elementor-column-gap-no\">\n\t\t\t\t\t<div class=\"elementor-column elementor-col-100 elementor-top-column elementor-element elementor-element-55fa4bf2\" data-id=\"55fa4bf2\" data-element_type=\"column\" data-e-type=\"column\">\n\t\t\t<div class=\"elementor-widget-wrap elementor-element-populated\">\n\t\t\t\t\t\t<div class=\"elementor-element elementor-element-678cfcfd elementor-widget elementor-widget-heading\" data-id=\"678cfcfd\" data-element_type=\"widget\" data-e-type=\"widget\" data-widget_type=\"heading.default\">\n\t\t\t\t<div class=\"elementor-widget-container\">\n\t\t\t\t\t<h3 class=\"elementor-heading-title elementor-size-large\">Pensamento humano e reconhecimento de perigos<\/h3>\t\t\t\t<\/div>\n\t\t\t\t<\/div>\n\t\t\t\t<div class=\"elementor-element elementor-element-215080e4 elementor-widget elementor-widget-text-editor\" data-id=\"215080e4\" data-element_type=\"widget\" data-e-type=\"widget\" data-widget_type=\"text-editor.default\">\n\t\t\t\t<div class=\"elementor-widget-container\">\n\t\t\t\t\t\t\t\t\t<p>Neste podcast, \u201cO que ele estava pensando?\u201d Pete Robison se junta a Paul para discutir a rela\u00e7\u00e3o entre tomada de decis\u00e3o humana e seguran\u00e7a. Pete se baseia em muitas das li\u00e7\u00f5es aprendidas com Daniel Kahneman, cujo trabalho se concentrou na psicologia do julgamento e tomada de decis\u00e3o, pelo qual ele recebeu o Pr\u00eamio Nobel de Economia.<\/p><div><div dir=\"auto\">Observar a mente humana para entender melhor como os seguidores reconhecem os perigos e tomam decis\u00f5es sobre eles \u00e9 de vital import\u00e2ncia para o processo de lideran\u00e7a em seguran\u00e7a e para garantir que todos voltem para casa, vivos e bem, no final do dia.\u00a0<\/div><\/div>\t\t\t\t\t\t\t\t<\/div>\n\t\t\t\t<\/div>\n\t\t\t\t\t<\/div>\n\t\t<\/div>\n\t\t\t\t\t<\/div>\n\t\t<\/section>\n\t\t\t\t<section class=\"elementor-section elementor-top-section elementor-element elementor-element-310d3e77 elementor-section-boxed elementor-section-height-default elementor-section-height-default\" data-id=\"310d3e77\" data-element_type=\"section\" data-e-type=\"section\">\n\t\t\t\t\t\t<div class=\"elementor-container elementor-column-gap-default\">\n\t\t\t\t\t<div class=\"elementor-column elementor-col-100 elementor-top-column elementor-element elementor-element-20c005c\" data-id=\"20c005c\" data-element_type=\"column\" data-e-type=\"column\">\n\t\t\t<div class=\"elementor-widget-wrap elementor-element-populated\">\n\t\t\t\t\t\t<div class=\"elementor-element elementor-element-a450e6e elementor-widget elementor-widget-video\" data-id=\"a450e6e\" data-element_type=\"widget\" data-e-type=\"widget\" data-settings=\"{&quot;video_type&quot;:&quot;hosted&quot;,&quot;controls&quot;:&quot;yes&quot;}\" data-widget_type=\"video.default\">\n\t\t\t\t<div class=\"elementor-widget-container\">\n\t\t\t\t\t\t\t<div class=\"e-hosted-video elementor-wrapper elementor-open-inline\">\n\t\t\t\t\t<video class=\"elementor-video\" src=\"https:\/\/balmert.com\/wp-content\/uploads\/2025\/03\/Human-Decision-Making.mp3\" controls=\"\" preload=\"metadata\" controlslist=\"nodownload\" poster=\"https:\/\/balmert.com\/wp-content\/uploads\/2024\/10\/2-bigstock-Crowd-3830490.jpg\"><\/video>\n\t\t\t\t<\/div>\n\t\t\t\t\t\t<\/div>\n\t\t\t\t<\/div>\n\t\t\t\t<div class=\"elementor-element elementor-element-09ce53d elementor-align-center elementor-widget elementor-widget-button\" data-id=\"09ce53d\" data-element_type=\"widget\" data-e-type=\"widget\" data-widget_type=\"button.default\">\n\t\t\t\t<div class=\"elementor-widget-container\">\n\t\t\t\t\t\t\t\t\t<div class=\"elementor-button-wrapper\">\n\t\t\t\t\t<a class=\"elementor-button elementor-button-link elementor-size-sm\" href=\"https:\/\/balmert.com\/pt\/subscribe\/\">\n\t\t\t\t\t\t<span class=\"elementor-button-content-wrapper\">\n\t\t\t\t\t\t\t\t\t<span class=\"elementor-button-text\">SE INSCREVER<\/span>\n\t\t\t\t\t<\/span>\n\t\t\t\t\t<\/a>\n\t\t\t\t<\/div>\n\t\t\t\t\t\t\t\t<\/div>\n\t\t\t\t<\/div>\n\t\t\t\t\t<\/div>\n\t\t<\/div>\n\t\t\t\t\t<\/div>\n\t\t<\/section>\n\t\t\t\t<section class=\"elementor-section elementor-top-section elementor-element elementor-element-bd930f7 elementor-section-boxed elementor-section-height-default elementor-section-height-default\" data-id=\"bd930f7\" data-element_type=\"section\" data-e-type=\"section\">\n\t\t\t\t\t\t<div class=\"elementor-container elementor-column-gap-default\">\n\t\t\t\t\t<div class=\"elementor-column elementor-col-100 elementor-top-column elementor-element elementor-element-becf5e9\" data-id=\"becf5e9\" data-element_type=\"column\" data-e-type=\"column\">\n\t\t\t<div class=\"elementor-widget-wrap elementor-element-populated\">\n\t\t\t\t\t\t<div class=\"elementor-element elementor-element-d08de16 elementor-widget elementor-widget-spacer\" data-id=\"d08de16\" data-element_type=\"widget\" data-e-type=\"widget\" data-widget_type=\"spacer.default\">\n\t\t\t\t<div class=\"elementor-widget-container\">\n\t\t\t\t\t\t\t<div class=\"elementor-spacer\">\n\t\t\t<div class=\"elementor-spacer-inner\"><\/div>\n\t\t<\/div>\n\t\t\t\t\t\t<\/div>\n\t\t\t\t<\/div>\n\t\t\t\t\t<\/div>\n\t\t<\/div>\n\t\t\t\t\t<\/div>\n\t\t<\/section>\n\t\t\t\t<\/div>","protected":false},"excerpt":{"rendered":"<p>Human Thinking and Hazard Recognition With Dr. Peter Robison Human Thinking and Hazard Recognition In this podcast, &#8220;What was he thinking?&#8221; Pete Robison joins Paul to discuss the relationship between human decision making and safety. Pete builds on many of the lessons learned from Daniel Kahneman, whose work focused on the psychology of judgement and [&hellip;]<\/p>\n","protected":false},"author":1,"featured_media":0,"parent":0,"menu_order":0,"comment_status":"closed","ping_status":"closed","template":"","meta":{"site-sidebar-layout":"no-sidebar","site-content-layout":"page-builder","ast-site-content-layout":"full-width-container","site-content-style":"default","site-sidebar-style":"default","ast-global-header-display":"","ast-banner-title-visibility":"","ast-main-header-display":"","ast-hfb-above-header-display":"","ast-hfb-below-header-display":"","ast-hfb-mobile-header-display":"","site-post-title":"disabled","ast-breadcrumbs-content":"","ast-featured-img":"disabled","footer-sml-layout":"","ast-disable-related-posts":"","theme-transparent-header-meta":"","adv-header-id-meta":"","stick-header-meta":"","header-above-stick-meta":"","header-main-stick-meta":"","header-below-stick-meta":"","astra-migrate-meta-layouts":"default","ast-page-background-enabled":"default","ast-page-background-meta":{"desktop":{"background-color":"","background-image":"","background-repeat":"repeat","background-position":"center center","background-size":"auto","background-attachment":"scroll","background-type":"","background-media":"","overlay-type":"","overlay-color":"","overlay-opacity":"","overlay-gradient":""},"tablet":{"background-color":"","background-image":"","background-repeat":"repeat","background-position":"center center","background-size":"auto","background-attachment":"scroll","background-type":"","background-media":"","overlay-type":"","overlay-color":"","overlay-opacity":"","overlay-gradient":""},"mobile":{"background-color":"","background-image":"","background-repeat":"repeat","background-position":"center center","background-size":"auto","background-attachment":"scroll","background-type":"","background-media":"","overlay-type":"","overlay-color":"","overlay-opacity":"","overlay-gradient":""}},"ast-content-background-meta":{"desktop":{"background-color":"var(--ast-global-color-5)","background-image":"","background-repeat":"repeat","background-position":"center center","background-size":"auto","background-attachment":"scroll","background-type":"","background-media":"","overlay-type":"","overlay-color":"","overlay-opacity":"","overlay-gradient":""},"tablet":{"background-color":"var(--ast-global-color-5)","background-image":"","background-repeat":"repeat","background-position":"center center","background-size":"auto","background-attachment":"scroll","background-type":"","background-media":"","overlay-type":"","overlay-color":"","overlay-opacity":"","overlay-gradient":""},"mobile":{"background-color":"var(--ast-global-color-5)","background-image":"","background-repeat":"repeat","background-position":"center center","background-size":"auto","background-attachment":"scroll","background-type":"","background-media":"","overlay-type":"","overlay-color":"","overlay-opacity":"","overlay-gradient":""}},"episode_type":"","audio_file":"","podmotor_file_id":"","podmotor_episode_id":"","cover_image":"","cover_image_id":"","duration":"","filesize":"","filesize_raw":"","date_recorded":"","explicit":"","block":"","itunes_episode_number":"","itunes_title":"","itunes_season_number":"","itunes_episode_type":"","footnotes":""},"class_list":["post-4367","page","type-page","status-publish","hentry"],"yoast_head":"<!-- This site is optimized with the Yoast SEO plugin v27.4 - https:\/\/yoast.com\/product\/yoast-seo-wordpress\/ -->\n<title>The Human Decision Process - Balmert Consulting<\/title>\n<meta name=\"robots\" content=\"index, follow, max-snippet:-1, max-image-preview:large, max-video-preview:-1\" \/>\n<link rel=\"canonical\" href=\"https:\/\/balmert.com\/pt\/the-human-decision-process\/\" \/>\n<meta property=\"og:locale\" content=\"pt_BR\" \/>\n<meta property=\"og:type\" content=\"article\" \/>\n<meta property=\"og:title\" content=\"The Human Decision Process - Balmert Consulting\" \/>\n<meta property=\"og:description\" content=\"Human Thinking and Hazard Recognition With Dr. Peter Robison Human Thinking and Hazard Recognition In this podcast, &#8220;What was he thinking?&#8221; Pete Robison joins Paul to discuss the relationship between human decision making and safety. Pete builds on many of the lessons learned from Daniel Kahneman, whose work focused on the psychology of judgement and [&hellip;]\" \/>\n<meta property=\"og:url\" content=\"https:\/\/balmert.com\/pt\/the-human-decision-process\/\" \/>\n<meta property=\"og:site_name\" content=\"Balmert Consulting\" \/>\n<meta property=\"article:publisher\" content=\"https:\/\/www.facebook.com\/BalmertConsulting\/\" \/>\n<meta property=\"article:modified_time\" content=\"2025-03-31T14:04:56+00:00\" \/>\n<meta name=\"twitter:card\" content=\"summary_large_image\" \/>\n<meta name=\"twitter:label1\" content=\"Est. tempo de leitura\" \/>\n\t<meta name=\"twitter:data1\" content=\"1 minuto\" \/>\n<script type=\"application\/ld+json\" class=\"yoast-schema-graph\">{\"@context\":\"https:\\\/\\\/schema.org\",\"@graph\":[{\"@type\":\"WebPage\",\"@id\":\"https:\\\/\\\/balmert.com\\\/the-human-decision-process\\\/\",\"url\":\"https:\\\/\\\/balmert.com\\\/the-human-decision-process\\\/\",\"name\":\"The Human Decision Process - Balmert Consulting\",\"isPartOf\":{\"@id\":\"https:\\\/\\\/balmert.com\\\/#website\"},\"datePublished\":\"2025-03-19T17:05:13+00:00\",\"dateModified\":\"2025-03-31T14:04:56+00:00\",\"breadcrumb\":{\"@id\":\"https:\\\/\\\/balmert.com\\\/the-human-decision-process\\\/#breadcrumb\"},\"inLanguage\":\"pt-BR\",\"potentialAction\":[{\"@type\":\"ReadAction\",\"target\":[\"https:\\\/\\\/balmert.com\\\/the-human-decision-process\\\/\"]}]},{\"@type\":\"BreadcrumbList\",\"@id\":\"https:\\\/\\\/balmert.com\\\/the-human-decision-process\\\/#breadcrumb\",\"itemListElement\":[{\"@type\":\"ListItem\",\"position\":1,\"name\":\"Home\",\"item\":\"https:\\\/\\\/balmert.com\\\/\"},{\"@type\":\"ListItem\",\"position\":2,\"name\":\"The Human Decision Process\"}]},{\"@type\":\"WebSite\",\"@id\":\"https:\\\/\\\/balmert.com\\\/#website\",\"url\":\"https:\\\/\\\/balmert.com\\\/\",\"name\":\"Balmert Consulting\",\"description\":\"Most of our clients have tough safety, leadership and\\\/or execution challenges that keep them up at night. They trust us to help them solve those problems.\",\"publisher\":{\"@id\":\"https:\\\/\\\/balmert.com\\\/#organization\"},\"potentialAction\":[{\"@type\":\"SearchAction\",\"target\":{\"@type\":\"EntryPoint\",\"urlTemplate\":\"https:\\\/\\\/balmert.com\\\/?s={search_term_string}\"},\"query-input\":{\"@type\":\"PropertyValueSpecification\",\"valueRequired\":true,\"valueName\":\"search_term_string\"}}],\"inLanguage\":\"pt-BR\"},{\"@type\":\"Organization\",\"@id\":\"https:\\\/\\\/balmert.com\\\/#organization\",\"name\":\"Balmert Consulting\",\"url\":\"https:\\\/\\\/balmert.com\\\/\",\"logo\":{\"@type\":\"ImageObject\",\"inLanguage\":\"pt-BR\",\"@id\":\"https:\\\/\\\/balmert.com\\\/#\\\/schema\\\/logo\\\/image\\\/\",\"url\":\"https:\\\/\\\/i0.wp.com\\\/balmert.com\\\/wp-content\\\/uploads\\\/2018\\\/10\\\/skeets.png?fit=206%2C258&ssl=1\",\"contentUrl\":\"https:\\\/\\\/i0.wp.com\\\/balmert.com\\\/wp-content\\\/uploads\\\/2018\\\/10\\\/skeets.png?fit=206%2C258&ssl=1\",\"width\":\"206\",\"height\":\"258\",\"caption\":\"Balmert Consulting\"},\"image\":{\"@id\":\"https:\\\/\\\/balmert.com\\\/#\\\/schema\\\/logo\\\/image\\\/\"},\"sameAs\":[\"https:\\\/\\\/www.facebook.com\\\/BalmertConsulting\\\/\",\"https:\\\/\\\/www.linkedin.com\\\/company\\\/balmert-consulting\\\/about\\\/\"]}]}<\/script>\n<!-- \/ Yoast SEO plugin. -->","yoast_head_json":{"title":"The Human Decision Process - Balmert Consulting","robots":{"index":"index","follow":"follow","max-snippet":"max-snippet:-1","max-image-preview":"max-image-preview:large","max-video-preview":"max-video-preview:-1"},"canonical":"https:\/\/balmert.com\/pt\/the-human-decision-process\/","og_locale":"pt_BR","og_type":"article","og_title":"The Human Decision Process - Balmert Consulting","og_description":"Human Thinking and Hazard Recognition With Dr. Peter Robison Human Thinking and Hazard Recognition In this podcast, &#8220;What was he thinking?&#8221; Pete Robison joins Paul to discuss the relationship between human decision making and safety. Pete builds on many of the lessons learned from Daniel Kahneman, whose work focused on the psychology of judgement and [&hellip;]","og_url":"https:\/\/balmert.com\/pt\/the-human-decision-process\/","og_site_name":"Balmert Consulting","article_publisher":"https:\/\/www.facebook.com\/BalmertConsulting\/","article_modified_time":"2025-03-31T14:04:56+00:00","twitter_card":"summary_large_image","twitter_misc":{"Est. tempo de leitura":"1 minuto"},"schema":{"@context":"https:\/\/schema.org","@graph":[{"@type":"WebPage","@id":"https:\/\/balmert.com\/the-human-decision-process\/","url":"https:\/\/balmert.com\/the-human-decision-process\/","name":"The Human Decision Process - Balmert Consulting","isPartOf":{"@id":"https:\/\/balmert.com\/#website"},"datePublished":"2025-03-19T17:05:13+00:00","dateModified":"2025-03-31T14:04:56+00:00","breadcrumb":{"@id":"https:\/\/balmert.com\/the-human-decision-process\/#breadcrumb"},"inLanguage":"pt-BR","potentialAction":[{"@type":"ReadAction","target":["https:\/\/balmert.com\/the-human-decision-process\/"]}]},{"@type":"BreadcrumbList","@id":"https:\/\/balmert.com\/the-human-decision-process\/#breadcrumb","itemListElement":[{"@type":"ListItem","position":1,"name":"Home","item":"https:\/\/balmert.com\/"},{"@type":"ListItem","position":2,"name":"The Human Decision Process"}]},{"@type":"WebSite","@id":"https:\/\/balmert.com\/#website","url":"https:\/\/balmert.com\/","name":"Balmert Consulting","description":"A maioria dos nossos clientes tem desafios dif\u00edceis de seguran\u00e7a, lideran\u00e7a e \/ ou execu\u00e7\u00e3o que os mant\u00eam acordados \u00e0 noite. Eles confiam em n\u00f3s para ajud\u00e1-los a resolver esses problemas.","publisher":{"@id":"https:\/\/balmert.com\/#organization"},"potentialAction":[{"@type":"SearchAction","target":{"@type":"EntryPoint","urlTemplate":"https:\/\/balmert.com\/?s={search_term_string}"},"query-input":{"@type":"PropertyValueSpecification","valueRequired":true,"valueName":"search_term_string"}}],"inLanguage":"pt-BR"},{"@type":"Organization","@id":"https:\/\/balmert.com\/#organization","name":"Balmert Consulting","url":"https:\/\/balmert.com\/","logo":{"@type":"ImageObject","inLanguage":"pt-BR","@id":"https:\/\/balmert.com\/#\/schema\/logo\/image\/","url":"https:\/\/i0.wp.com\/balmert.com\/wp-content\/uploads\/2018\/10\/skeets.png?fit=206%2C258&ssl=1","contentUrl":"https:\/\/i0.wp.com\/balmert.com\/wp-content\/uploads\/2018\/10\/skeets.png?fit=206%2C258&ssl=1","width":"206","height":"258","caption":"Balmert Consulting"},"image":{"@id":"https:\/\/balmert.com\/#\/schema\/logo\/image\/"},"sameAs":["https:\/\/www.facebook.com\/BalmertConsulting\/","https:\/\/www.linkedin.com\/company\/balmert-consulting\/about\/"]}]}},"jetpack_sharing_enabled":true,"jetpack_shortlink":"https:\/\/wp.me\/PaokrT-18r","jetpack_likes_enabled":false,"amp_enabled":true,"_links":{"self":[{"href":"https:\/\/balmert.com\/pt\/wp-json\/wp\/v2\/pages\/4367","targetHints":{"allow":["GET"]}}],"collection":[{"href":"https:\/\/balmert.com\/pt\/wp-json\/wp\/v2\/pages"}],"about":[{"href":"https:\/\/balmert.com\/pt\/wp-json\/wp\/v2\/types\/page"}],"author":[{"embeddable":true,"href":"https:\/\/balmert.com\/pt\/wp-json\/wp\/v2\/users\/1"}],"replies":[{"embeddable":true,"href":"https:\/\/balmert.com\/pt\/wp-json\/wp\/v2\/comments?post=4367"}],"version-history":[{"count":26,"href":"https:\/\/balmert.com\/pt\/wp-json\/wp\/v2\/pages\/4367\/revisions"}],"predecessor-version":[{"id":4403,"href":"https:\/\/balmert.com\/pt\/wp-json\/wp\/v2\/pages\/4367\/revisions\/4403"}],"wp:attachment":[{"href":"https:\/\/balmert.com\/pt\/wp-json\/wp\/v2\/media?parent=4367"}],"curies":[{"name":"wp","href":"https:\/\/api.w.org\/{rel}","templated":true}]}}