{"id":2636,"date":"2022-02-22T15:51:19","date_gmt":"2022-02-22T20:51:19","guid":{"rendered":"https:\/\/balmert.com\/?page_id=2636"},"modified":"2022-02-25T11:34:14","modified_gmt":"2022-02-25T16:34:14","slug":"tough-safety-challenges","status":"publish","type":"page","link":"https:\/\/balmert.com\/it\/tough-safety-challenges\/","title":{"rendered":"Sfide difficili per la sicurezza"},"content":{"rendered":"<div data-elementor-type=\"wp-page\" data-elementor-id=\"2636\" class=\"elementor elementor-2636\" data-elementor-post-type=\"page\">\n\t\t\t\t\t\t<section class=\"elementor-section elementor-top-section elementor-element elementor-element-5c0242cc elementor-section-height-min-height elementor-section-full_width elementor-section-height-default elementor-section-items-middle\" data-id=\"5c0242cc\" data-element_type=\"section\" data-e-type=\"section\" data-settings=\"{&quot;background_background&quot;:&quot;classic&quot;}\">\n\t\t\t\t\t\t\t<div class=\"elementor-background-overlay\"><\/div>\n\t\t\t\t\t\t\t<div class=\"elementor-container elementor-column-gap-default\">\n\t\t\t\t\t<div class=\"elementor-column elementor-col-100 elementor-top-column elementor-element elementor-element-524112c9\" data-id=\"524112c9\" data-element_type=\"column\" data-e-type=\"column\">\n\t\t\t<div class=\"elementor-widget-wrap elementor-element-populated\">\n\t\t\t\t\t\t<div class=\"elementor-element elementor-element-1322a7e5 elementor-widget elementor-widget-heading\" data-id=\"1322a7e5\" data-element_type=\"widget\" data-e-type=\"widget\" data-widget_type=\"heading.default\">\n\t\t\t\t<div class=\"elementor-widget-container\">\n\t\t\t\t\t<h1 class=\"elementor-heading-title elementor-size-large\">Sfide difficili per la sicurezza<\/h1>\t\t\t\t<\/div>\n\t\t\t\t<\/div>\n\t\t\t\t\t<\/div>\n\t\t<\/div>\n\t\t\t\t\t<\/div>\n\t\t<\/section>\n\t\t\t\t<section class=\"elementor-section elementor-top-section elementor-element elementor-element-6a57e6f6 elementor-section-boxed elementor-section-height-default elementor-section-height-default\" data-id=\"6a57e6f6\" data-element_type=\"section\" data-e-type=\"section\">\n\t\t\t\t\t\t<div class=\"elementor-container elementor-column-gap-no\">\n\t\t\t\t\t<div class=\"elementor-column elementor-col-100 elementor-top-column elementor-element elementor-element-58e331e7\" data-id=\"58e331e7\" data-element_type=\"column\" data-e-type=\"column\">\n\t\t\t<div class=\"elementor-widget-wrap elementor-element-populated\">\n\t\t\t\t\t\t<div class=\"elementor-element elementor-element-53b90d85 elementor-widget elementor-widget-heading\" data-id=\"53b90d85\" data-element_type=\"widget\" data-e-type=\"widget\" data-widget_type=\"heading.default\">\n\t\t\t\t<div class=\"elementor-widget-container\">\n\t\t\t\t\t<h3 class=\"elementor-heading-title elementor-size-large\">Sfide difficili per la sicurezza<\/h3>\t\t\t\t<\/div>\n\t\t\t\t<\/div>\n\t\t\t\t<div class=\"elementor-element elementor-element-75850656 elementor-widget elementor-widget-text-editor\" data-id=\"75850656\" data-element_type=\"widget\" data-e-type=\"widget\" data-widget_type=\"text-editor.default\">\n\t\t\t\t<div class=\"elementor-widget-container\">\n\t\t\t\t\t\t\t\t\t<p>Per vent&#039;anni abbiamo posto la domanda &quot;quali sono le tue sfide di sicurezza pi\u00f9 difficili&quot; ai leader, letteralmente in tutto il mondo. Ad un&#039;ampia fascia di leader industriali presso clienti grandi e piccoli. In siti che sono i pi\u00f9 sicuri al mondo e alcuni che stanno tirando fuori il gruppo. Al CEO e ai membri del consiglio di amministrazione, ai membri dei comitati per la sicurezza e ai delegati di negozio.<\/p><p>Pi\u00f9 significativamente, abbiamo posto questa domanda a un enorme contingente di supervisori in prima linea: quelli direttamente responsabili della sicurezza di coloro che hanno maggiori probabilit\u00e0 di farsi male facendo il lavoro dell&#039;azienda.<\/p><p>Le loro risposte, in ordine alfabetico, a cominciare dalle A: Atteggiamento. Consapevolezza. Comportamento. Consenso. Una sfilza di sfide che iniziano con la lettera C: compliance, compiacimento, comunicazione, cambiamento, cultura.<\/p><p>Distrazioni. Ambiente. Attrezzatura. Messa a fuoco. Convincere le persone a... seguire le regole quando il leader non \u00e8 presente. Altrimenti noto come Integrit\u00e0. Convincere le persone a denunciare i quasi incidenti e convincere le persone a dire la verit\u00e0 in un&#039;indagine su qualcosa che \u00e8 andato storto.<\/p><p>Fino a Z: Zero: con tutte queste sfide, come diavolo riusciamo a raggiungere lo zero?<\/p><p>Suona familiare?<\/p><p>In questa edizione Paolo discute il nostro approccio nell&#039;aiutare i vostri leader a rispondere meglio al difficile elenco di sfide che affrontano ogni giorno.\u00a0<\/p>\t\t\t\t\t\t\t\t<\/div>\n\t\t\t\t<\/div>\n\t\t\t\t<div class=\"elementor-element elementor-element-7076b17 elementor-widget elementor-widget-video\" data-id=\"7076b17\" data-element_type=\"widget\" data-e-type=\"widget\" data-settings=\"{&quot;video_type&quot;:&quot;hosted&quot;,&quot;controls&quot;:&quot;yes&quot;}\" data-widget_type=\"video.default\">\n\t\t\t\t<div class=\"elementor-widget-container\">\n\t\t\t\t\t\t\t<div class=\"e-hosted-video elementor-wrapper elementor-open-inline\">\n\t\t\t\t\t<video class=\"elementor-video\" src=\"https:\/\/videos.files.wordpress.com\/ojtiUNDs\/tough-safety-challenges-lbr-1.mp4\" controls=\"\" preload=\"metadata\" controlslist=\"nodownload\" poster=\"https:\/\/balmert.com\/wp-content\/uploads\/2022\/02\/Tough-Safety-Challenges.png\"><\/video>\n\t\t\t\t<\/div>\n\t\t\t\t\t\t<\/div>\n\t\t\t\t<\/div>\n\t\t\t\t<div class=\"elementor-element elementor-element-cf9daf5 elementor-widget elementor-widget-spacer\" data-id=\"cf9daf5\" data-element_type=\"widget\" data-e-type=\"widget\" data-widget_type=\"spacer.default\">\n\t\t\t\t<div class=\"elementor-widget-container\">\n\t\t\t\t\t\t\t<div class=\"elementor-spacer\">\n\t\t\t<div class=\"elementor-spacer-inner\"><\/div>\n\t\t<\/div>\n\t\t\t\t\t\t<\/div>\n\t\t\t\t<\/div>\n\t\t\t\t\t<\/div>\n\t\t<\/div>\n\t\t\t\t\t<\/div>\n\t\t<\/section>\n\t\t\t\t<section class=\"elementor-section elementor-top-section elementor-element elementor-element-69cb1bfd elementor-section-boxed elementor-section-height-default elementor-section-height-default\" data-id=\"69cb1bfd\" data-element_type=\"section\" data-e-type=\"section\">\n\t\t\t\t\t\t<div class=\"elementor-container elementor-column-gap-default\">\n\t\t\t\t\t<div class=\"elementor-column elementor-col-100 elementor-top-column elementor-element elementor-element-9412fb0\" data-id=\"9412fb0\" data-element_type=\"column\" data-e-type=\"column\">\n\t\t\t<div class=\"elementor-widget-wrap\">\n\t\t\t\t\t\t\t<\/div>\n\t\t<\/div>\n\t\t\t\t\t<\/div>\n\t\t<\/section>\n\t\t\t\t<section class=\"elementor-section elementor-top-section elementor-element elementor-element-44666428 elementor-section-boxed elementor-section-height-default elementor-section-height-default\" data-id=\"44666428\" data-element_type=\"section\" data-e-type=\"section\" data-settings=\"{&quot;background_background&quot;:&quot;classic&quot;}\">\n\t\t\t\t\t\t\t<div class=\"elementor-background-overlay\"><\/div>\n\t\t\t\t\t\t\t<div class=\"elementor-container elementor-column-gap-default\">\n\t\t\t\t\t<div class=\"elementor-column elementor-col-100 elementor-top-column elementor-element elementor-element-18df3c97\" data-id=\"18df3c97\" data-element_type=\"column\" data-e-type=\"column\">\n\t\t\t<div class=\"elementor-widget-wrap elementor-element-populated\">\n\t\t\t\t\t\t<div class=\"elementor-element elementor-element-17933983 elementor-widget elementor-widget-heading\" data-id=\"17933983\" data-element_type=\"widget\" data-e-type=\"widget\" data-widget_type=\"heading.default\">\n\t\t\t\t<div class=\"elementor-widget-container\">\n\t\t\t\t\t<h2 class=\"elementor-heading-title elementor-size-large\">Scopri di pi\u00f9<\/h2>\t\t\t\t<\/div>\n\t\t\t\t<\/div>\n\t\t\t\t<div class=\"elementor-element elementor-element-79b616d7 elementor-widget elementor-widget-heading\" data-id=\"79b616d7\" data-element_type=\"widget\" data-e-type=\"widget\" data-widget_type=\"heading.default\">\n\t\t\t\t<div class=\"elementor-widget-container\">\n\t\t\t\t\t<p class=\"elementor-heading-title elementor-size-medium\">Contattaci per una descrizione completa del corso e ulteriori informazioni<\/p>\t\t\t\t<\/div>\n\t\t\t\t<\/div>\n\t\t\t\t<div class=\"elementor-element elementor-element-5e79fb15 elementor-widget elementor-widget-button\" data-id=\"5e79fb15\" data-element_type=\"widget\" data-e-type=\"widget\" data-widget_type=\"button.default\">\n\t\t\t\t<div class=\"elementor-widget-container\">\n\t\t\t\t\t\t\t\t\t<div class=\"elementor-button-wrapper\">\n\t\t\t\t\t<a class=\"elementor-button elementor-button-link elementor-size-md\" href=\"\">\n\t\t\t\t\t\t<span class=\"elementor-button-content-wrapper\">\n\t\t\t\t\t\t\t\t\t<span class=\"elementor-button-text\">Contatto<\/span>\n\t\t\t\t\t<\/span>\n\t\t\t\t\t<\/a>\n\t\t\t\t<\/div>\n\t\t\t\t\t\t\t\t<\/div>\n\t\t\t\t<\/div>\n\t\t\t\t\t<\/div>\n\t\t<\/div>\n\t\t\t\t\t<\/div>\n\t\t<\/section>\n\t\t\t\t<\/div>","protected":false},"excerpt":{"rendered":"<p>Tough Safety Challenges Tough Safety Challenges For twenty years we\u2019ve been asking the question &#8220;what are your toughest safety challenges&#8221; to leaders, literally all over the world. To a wide swath of industrial leaders at clients big and small. At sites that are the safest in the world, and some that are bringing up the [&hellip;]<\/p>\n","protected":false},"author":1,"featured_media":0,"parent":0,"menu_order":0,"comment_status":"closed","ping_status":"closed","template":"","meta":{"site-sidebar-layout":"no-sidebar","site-content-layout":"page-builder","ast-site-content-layout":"default","site-content-style":"default","site-sidebar-style":"default","ast-global-header-display":"","ast-banner-title-visibility":"","ast-main-header-display":"","ast-hfb-above-header-display":"","ast-hfb-below-header-display":"","ast-hfb-mobile-header-display":"","site-post-title":"disabled","ast-breadcrumbs-content":"","ast-featured-img":"disabled","footer-sml-layout":"","ast-disable-related-posts":"","theme-transparent-header-meta":"","adv-header-id-meta":"","stick-header-meta":"","header-above-stick-meta":"","header-main-stick-meta":"","header-below-stick-meta":"","astra-migrate-meta-layouts":"default","ast-page-background-enabled":"default","ast-page-background-meta":{"desktop":{"background-color":"","background-image":"","background-repeat":"repeat","background-position":"center center","background-size":"auto","background-attachment":"scroll","background-type":"","background-media":"","overlay-type":"","overlay-color":"","overlay-opacity":"","overlay-gradient":""},"tablet":{"background-color":"","background-image":"","background-repeat":"repeat","background-position":"center center","background-size":"auto","background-attachment":"scroll","background-type":"","background-media":"","overlay-type":"","overlay-color":"","overlay-opacity":"","overlay-gradient":""},"mobile":{"background-color":"","background-image":"","background-repeat":"repeat","background-position":"center center","background-size":"auto","background-attachment":"scroll","background-type":"","background-media":"","overlay-type":"","overlay-color":"","overlay-opacity":"","overlay-gradient":""}},"ast-content-background-meta":{"desktop":{"background-color":"var(--ast-global-color-5)","background-image":"","background-repeat":"repeat","background-position":"center center","background-size":"auto","background-attachment":"scroll","background-type":"","background-media":"","overlay-type":"","overlay-color":"","overlay-opacity":"","overlay-gradient":""},"tablet":{"background-color":"var(--ast-global-color-5)","background-image":"","background-repeat":"repeat","background-position":"center center","background-size":"auto","background-attachment":"scroll","background-type":"","background-media":"","overlay-type":"","overlay-color":"","overlay-opacity":"","overlay-gradient":""},"mobile":{"background-color":"var(--ast-global-color-5)","background-image":"","background-repeat":"repeat","background-position":"center center","background-size":"auto","background-attachment":"scroll","background-type":"","background-media":"","overlay-type":"","overlay-color":"","overlay-opacity":"","overlay-gradient":""}},"episode_type":"","audio_file":"","podmotor_file_id":"","podmotor_episode_id":"","cover_image":"","cover_image_id":"","duration":"","filesize":"","filesize_raw":"","date_recorded":"","explicit":"","block":"","itunes_episode_number":"","itunes_title":"","itunes_season_number":"","itunes_episode_type":"","footnotes":""},"class_list":["post-2636","page","type-page","status-publish","hentry"],"yoast_head":"<!-- This site is optimized with the Yoast SEO plugin v27.4 - https:\/\/yoast.com\/product\/yoast-seo-wordpress\/ -->\n<title>Tough Safety Challenges - Balmert Consulting<\/title>\n<meta name=\"robots\" content=\"index, follow, max-snippet:-1, max-image-preview:large, max-video-preview:-1\" \/>\n<link rel=\"canonical\" href=\"https:\/\/balmert.com\/it\/tough-safety-challenges\/\" \/>\n<meta property=\"og:locale\" content=\"it_IT\" \/>\n<meta property=\"og:type\" content=\"article\" \/>\n<meta property=\"og:title\" content=\"Tough Safety Challenges - Balmert Consulting\" \/>\n<meta property=\"og:description\" content=\"Tough Safety Challenges Tough Safety Challenges For twenty years we\u2019ve been asking the question &#8220;what are your toughest safety challenges&#8221; to leaders, literally all over the world. To a wide swath of industrial leaders at clients big and small. At sites that are the safest in the world, and some that are bringing up the [&hellip;]\" \/>\n<meta property=\"og:url\" content=\"https:\/\/balmert.com\/it\/tough-safety-challenges\/\" \/>\n<meta property=\"og:site_name\" content=\"Balmert Consulting\" \/>\n<meta property=\"article:publisher\" content=\"https:\/\/www.facebook.com\/BalmertConsulting\/\" \/>\n<meta property=\"article:modified_time\" content=\"2022-02-25T16:34:14+00:00\" \/>\n<meta name=\"twitter:card\" content=\"summary_large_image\" \/>\n<meta name=\"twitter:label1\" content=\"Tempo di lettura stimato\" \/>\n\t<meta name=\"twitter:data1\" content=\"2 minuti\" \/>\n<script type=\"application\/ld+json\" class=\"yoast-schema-graph\">{\"@context\":\"https:\\\/\\\/schema.org\",\"@graph\":[{\"@type\":\"WebPage\",\"@id\":\"https:\\\/\\\/balmert.com\\\/tough-safety-challenges\\\/\",\"url\":\"https:\\\/\\\/balmert.com\\\/tough-safety-challenges\\\/\",\"name\":\"Tough Safety Challenges - Balmert Consulting\",\"isPartOf\":{\"@id\":\"https:\\\/\\\/balmert.com\\\/#website\"},\"datePublished\":\"2022-02-22T20:51:19+00:00\",\"dateModified\":\"2022-02-25T16:34:14+00:00\",\"breadcrumb\":{\"@id\":\"https:\\\/\\\/balmert.com\\\/tough-safety-challenges\\\/#breadcrumb\"},\"inLanguage\":\"it-IT\",\"potentialAction\":[{\"@type\":\"ReadAction\",\"target\":[\"https:\\\/\\\/balmert.com\\\/tough-safety-challenges\\\/\"]}]},{\"@type\":\"BreadcrumbList\",\"@id\":\"https:\\\/\\\/balmert.com\\\/tough-safety-challenges\\\/#breadcrumb\",\"itemListElement\":[{\"@type\":\"ListItem\",\"position\":1,\"name\":\"Home\",\"item\":\"https:\\\/\\\/balmert.com\\\/\"},{\"@type\":\"ListItem\",\"position\":2,\"name\":\"Tough Safety Challenges\"}]},{\"@type\":\"WebSite\",\"@id\":\"https:\\\/\\\/balmert.com\\\/#website\",\"url\":\"https:\\\/\\\/balmert.com\\\/\",\"name\":\"Balmert Consulting\",\"description\":\"Most of our clients have tough safety, leadership and\\\/or execution challenges that keep them up at night. They trust us to help them solve those problems.\",\"publisher\":{\"@id\":\"https:\\\/\\\/balmert.com\\\/#organization\"},\"potentialAction\":[{\"@type\":\"SearchAction\",\"target\":{\"@type\":\"EntryPoint\",\"urlTemplate\":\"https:\\\/\\\/balmert.com\\\/?s={search_term_string}\"},\"query-input\":{\"@type\":\"PropertyValueSpecification\",\"valueRequired\":true,\"valueName\":\"search_term_string\"}}],\"inLanguage\":\"it-IT\"},{\"@type\":\"Organization\",\"@id\":\"https:\\\/\\\/balmert.com\\\/#organization\",\"name\":\"Balmert Consulting\",\"url\":\"https:\\\/\\\/balmert.com\\\/\",\"logo\":{\"@type\":\"ImageObject\",\"inLanguage\":\"it-IT\",\"@id\":\"https:\\\/\\\/balmert.com\\\/#\\\/schema\\\/logo\\\/image\\\/\",\"url\":\"https:\\\/\\\/i0.wp.com\\\/balmert.com\\\/wp-content\\\/uploads\\\/2018\\\/10\\\/skeets.png?fit=206%2C258&ssl=1\",\"contentUrl\":\"https:\\\/\\\/i0.wp.com\\\/balmert.com\\\/wp-content\\\/uploads\\\/2018\\\/10\\\/skeets.png?fit=206%2C258&ssl=1\",\"width\":\"206\",\"height\":\"258\",\"caption\":\"Balmert Consulting\"},\"image\":{\"@id\":\"https:\\\/\\\/balmert.com\\\/#\\\/schema\\\/logo\\\/image\\\/\"},\"sameAs\":[\"https:\\\/\\\/www.facebook.com\\\/BalmertConsulting\\\/\",\"https:\\\/\\\/www.linkedin.com\\\/company\\\/balmert-consulting\\\/about\\\/\"]}]}<\/script>\n<!-- \/ Yoast SEO plugin. -->","yoast_head_json":{"title":"Tough Safety Challenges - Balmert Consulting","robots":{"index":"index","follow":"follow","max-snippet":"max-snippet:-1","max-image-preview":"max-image-preview:large","max-video-preview":"max-video-preview:-1"},"canonical":"https:\/\/balmert.com\/it\/tough-safety-challenges\/","og_locale":"it_IT","og_type":"article","og_title":"Tough Safety Challenges - Balmert Consulting","og_description":"Tough Safety Challenges Tough Safety Challenges For twenty years we\u2019ve been asking the question &#8220;what are your toughest safety challenges&#8221; to leaders, literally all over the world. To a wide swath of industrial leaders at clients big and small. At sites that are the safest in the world, and some that are bringing up the [&hellip;]","og_url":"https:\/\/balmert.com\/it\/tough-safety-challenges\/","og_site_name":"Balmert Consulting","article_publisher":"https:\/\/www.facebook.com\/BalmertConsulting\/","article_modified_time":"2022-02-25T16:34:14+00:00","twitter_card":"summary_large_image","twitter_misc":{"Tempo di lettura stimato":"2 minuti"},"schema":{"@context":"https:\/\/schema.org","@graph":[{"@type":"WebPage","@id":"https:\/\/balmert.com\/tough-safety-challenges\/","url":"https:\/\/balmert.com\/tough-safety-challenges\/","name":"Tough Safety Challenges - Balmert Consulting","isPartOf":{"@id":"https:\/\/balmert.com\/#website"},"datePublished":"2022-02-22T20:51:19+00:00","dateModified":"2022-02-25T16:34:14+00:00","breadcrumb":{"@id":"https:\/\/balmert.com\/tough-safety-challenges\/#breadcrumb"},"inLanguage":"it-IT","potentialAction":[{"@type":"ReadAction","target":["https:\/\/balmert.com\/tough-safety-challenges\/"]}]},{"@type":"BreadcrumbList","@id":"https:\/\/balmert.com\/tough-safety-challenges\/#breadcrumb","itemListElement":[{"@type":"ListItem","position":1,"name":"Home","item":"https:\/\/balmert.com\/"},{"@type":"ListItem","position":2,"name":"Tough Safety Challenges"}]},{"@type":"WebSite","@id":"https:\/\/balmert.com\/#website","url":"https:\/\/balmert.com\/","name":"Consulenza Balmert","description":"La maggior parte dei nostri clienti ha difficolt\u00e0 di sicurezza, leadership e \/ o esecuzione che li tengono svegli durante la notte. Si fidano di noi per aiutarli a risolvere questi problemi.","publisher":{"@id":"https:\/\/balmert.com\/#organization"},"potentialAction":[{"@type":"SearchAction","target":{"@type":"EntryPoint","urlTemplate":"https:\/\/balmert.com\/?s={search_term_string}"},"query-input":{"@type":"PropertyValueSpecification","valueRequired":true,"valueName":"search_term_string"}}],"inLanguage":"it-IT"},{"@type":"Organization","@id":"https:\/\/balmert.com\/#organization","name":"Consulenza Balmert","url":"https:\/\/balmert.com\/","logo":{"@type":"ImageObject","inLanguage":"it-IT","@id":"https:\/\/balmert.com\/#\/schema\/logo\/image\/","url":"https:\/\/i0.wp.com\/balmert.com\/wp-content\/uploads\/2018\/10\/skeets.png?fit=206%2C258&ssl=1","contentUrl":"https:\/\/i0.wp.com\/balmert.com\/wp-content\/uploads\/2018\/10\/skeets.png?fit=206%2C258&ssl=1","width":"206","height":"258","caption":"Balmert Consulting"},"image":{"@id":"https:\/\/balmert.com\/#\/schema\/logo\/image\/"},"sameAs":["https:\/\/www.facebook.com\/BalmertConsulting\/","https:\/\/www.linkedin.com\/company\/balmert-consulting\/about\/"]}]}},"jetpack_sharing_enabled":true,"jetpack_shortlink":"https:\/\/wp.me\/PaokrT-Gw","jetpack_likes_enabled":false,"amp_enabled":true,"_links":{"self":[{"href":"https:\/\/balmert.com\/it\/wp-json\/wp\/v2\/pages\/2636","targetHints":{"allow":["GET"]}}],"collection":[{"href":"https:\/\/balmert.com\/it\/wp-json\/wp\/v2\/pages"}],"about":[{"href":"https:\/\/balmert.com\/it\/wp-json\/wp\/v2\/types\/page"}],"author":[{"embeddable":true,"href":"https:\/\/balmert.com\/it\/wp-json\/wp\/v2\/users\/1"}],"replies":[{"embeddable":true,"href":"https:\/\/balmert.com\/it\/wp-json\/wp\/v2\/comments?post=2636"}],"version-history":[{"count":18,"href":"https:\/\/balmert.com\/it\/wp-json\/wp\/v2\/pages\/2636\/revisions"}],"predecessor-version":[{"id":2829,"href":"https:\/\/balmert.com\/it\/wp-json\/wp\/v2\/pages\/2636\/revisions\/2829"}],"wp:attachment":[{"href":"https:\/\/balmert.com\/it\/wp-json\/wp\/v2\/media?parent=2636"}],"curies":[{"name":"wp","href":"https:\/\/api.w.org\/{rel}","templated":true}]}}