{"id":614,"date":"2018-11-20T18:23:44","date_gmt":"2018-11-20T18:23:44","guid":{"rendered":"https:\/\/balmertcom.com\/?page_id=614"},"modified":"2025-10-07T11:33:19","modified_gmt":"2025-10-07T15:33:19","slug":"about-us","status":"publish","type":"page","link":"https:\/\/balmert.com\/fr\/about-us\/","title":{"rendered":"\u00c0 PROPOS DE NOUS"},"content":{"rendered":"<div data-elementor-type=\"wp-post\" data-elementor-id=\"614\" class=\"elementor elementor-614\" data-elementor-post-type=\"page\">\n\t\t\t\t\t\t<section class=\"elementor-section elementor-top-section elementor-element elementor-element-4141f9a elementor-section-height-min-height elementor-section-boxed elementor-section-height-default elementor-section-items-middle\" data-id=\"4141f9a\" data-element_type=\"section\" data-e-type=\"section\" data-settings=\"{&quot;background_background&quot;:&quot;classic&quot;}\">\n\t\t\t\t\t\t\t<div class=\"elementor-background-overlay\"><\/div>\n\t\t\t\t\t\t\t<div class=\"elementor-container elementor-column-gap-default\">\n\t\t\t\t\t<div class=\"elementor-column elementor-col-100 elementor-top-column elementor-element elementor-element-f2c7a98\" data-id=\"f2c7a98\" data-element_type=\"column\" data-e-type=\"column\">\n\t\t\t<div class=\"elementor-widget-wrap elementor-element-populated\">\n\t\t\t\t\t\t<div class=\"elementor-element elementor-element-7208a36 elementor-widget elementor-widget-heading\" data-id=\"7208a36\" data-element_type=\"widget\" data-e-type=\"widget\" data-widget_type=\"heading.default\">\n\t\t\t\t<div class=\"elementor-widget-container\">\n\t\t\t\t\t<h2 class=\"elementor-heading-title elementor-size-large\">Notre conseil se concentre sur l&#039;intersection de l&#039;ex\u00e9cution, du leadership et des op\u00e9rations.<\/h2>\t\t\t\t<\/div>\n\t\t\t\t<\/div>\n\t\t\t\t\t<\/div>\n\t\t<\/div>\n\t\t\t\t\t<\/div>\n\t\t<\/section>\n\t\t\t\t<section class=\"elementor-section elementor-top-section elementor-element elementor-element-3bbc7ba elementor-section-boxed elementor-section-height-default elementor-section-height-default\" data-id=\"3bbc7ba\" data-element_type=\"section\" data-e-type=\"section\">\n\t\t\t\t\t\t<div class=\"elementor-container elementor-column-gap-default\">\n\t\t\t\t\t<div class=\"elementor-column elementor-col-100 elementor-top-column elementor-element elementor-element-cad147a\" data-id=\"cad147a\" data-element_type=\"column\" data-e-type=\"column\">\n\t\t\t<div class=\"elementor-widget-wrap elementor-element-populated\">\n\t\t\t\t\t\t<section class=\"elementor-section elementor-inner-section elementor-element elementor-element-3ab61b8 elementor-section-boxed elementor-section-height-default elementor-section-height-default\" data-id=\"3ab61b8\" data-element_type=\"section\" data-e-type=\"section\">\n\t\t\t\t\t\t<div class=\"elementor-container elementor-column-gap-default\">\n\t\t\t\t\t<div class=\"elementor-column elementor-col-100 elementor-inner-column elementor-element elementor-element-20c3a58\" data-id=\"20c3a58\" data-element_type=\"column\" data-e-type=\"column\">\n\t\t\t<div class=\"elementor-widget-wrap elementor-element-populated\">\n\t\t\t\t\t\t<div class=\"elementor-element elementor-element-39238c5 elementor-widget elementor-widget-text-editor\" data-id=\"39238c5\" data-element_type=\"widget\" data-e-type=\"widget\" data-widget_type=\"text-editor.default\">\n\t\t\t\t<div class=\"elementor-widget-container\">\n\t\t\t\t\t\t\t\t\t<p>Balmert Consulting est une soci\u00e9t\u00e9 mondiale de conseil en gestion bas\u00e9e \u00e0 Seabrook, au Texas. Nous proposons des produits de formation et des services de conseil con\u00e7us pour parvenir \u00e0 une am\u00e9lioration durable de l&#039;ex\u00e9cution des op\u00e9rations. Au cours des deux derni\u00e8res d\u00e9cennies, nous avons form\u00e9 plus de 75 000 chefs de file, des superviseurs et gestionnaires de premi\u00e8re ligne aux vice-pr\u00e9sidents, pr\u00e9sidents de division, pr\u00e9sidents et PDG, et fourni des services sur six continents, en cinq langues diff\u00e9rentes, dans un large \u00e9ventail d&#039;industries r\u00e9sultats extr\u00eamement r\u00e9ussis.<\/p><p>Notre expertise et notre expertise se concentrent au croisement de l&#039;ex\u00e9cution, du leadership et des op\u00e9rations. Nous pensons que l&#039;ex\u00e9cution est la diff\u00e9rence qui fait la diff\u00e9rence dans la conversion des objectifs en r\u00e9sultats. Dans les affaires, l&#039;ex\u00e9cution est la fonction du management: il faut du leadership pour conduire l&#039;ex\u00e9cution.<\/p>\t\t\t\t\t\t\t\t<\/div>\n\t\t\t\t<\/div>\n\t\t\t\t\t<\/div>\n\t\t<\/div>\n\t\t\t\t\t<\/div>\n\t\t<\/section>\n\t\t\t\t<section class=\"elementor-section elementor-inner-section elementor-element elementor-element-e1f24ef elementor-section-boxed elementor-section-height-default elementor-section-height-default\" data-id=\"e1f24ef\" data-element_type=\"section\" data-e-type=\"section\">\n\t\t\t\t\t\t<div class=\"elementor-container elementor-column-gap-default\">\n\t\t\t\t\t<div class=\"elementor-column elementor-col-100 elementor-inner-column elementor-element elementor-element-79939f9\" data-id=\"79939f9\" data-element_type=\"column\" data-e-type=\"column\">\n\t\t\t<div class=\"elementor-widget-wrap elementor-element-populated\">\n\t\t\t\t\t\t<div class=\"elementor-element elementor-element-86f310d elementor-widget elementor-widget-text-editor\" data-id=\"86f310d\" data-element_type=\"widget\" data-e-type=\"widget\" data-widget_type=\"text-editor.default\">\n\t\t\t\t<div class=\"elementor-widget-container\">\n\t\t\t\t\t\t\t\t\t<h3 id=\"u7804-3\"><span id=\"u7804-2\"><i>\u00abLa plupart de nos clients ont des d\u00e9fis de s\u00e9curit\u00e9, de leadership et \/ ou d&#039;ex\u00e9cution difficiles qui les emp\u00eachent de dormir la nuit. <\/i><\/span><\/h3><h3><span id=\"u7804-2\"><i>Ils nous font confiance pour les aider \u00e0 r\u00e9soudre ces probl\u00e8mes. \u00bb<\/i><\/span><\/h3>\t\t\t\t\t\t\t\t<\/div>\n\t\t\t\t<\/div>\n\t\t\t\t\t<\/div>\n\t\t<\/div>\n\t\t\t\t\t<\/div>\n\t\t<\/section>\n\t\t\t\t<section class=\"elementor-section elementor-inner-section elementor-element elementor-element-7f60d8d elementor-section-boxed elementor-section-height-default elementor-section-height-default\" data-id=\"7f60d8d\" data-element_type=\"section\" data-e-type=\"section\">\n\t\t\t\t\t\t<div class=\"elementor-container elementor-column-gap-default\">\n\t\t\t\t\t<div class=\"elementor-column elementor-col-100 elementor-inner-column elementor-element elementor-element-846f8c3\" data-id=\"846f8c3\" data-element_type=\"column\" data-e-type=\"column\">\n\t\t\t<div class=\"elementor-widget-wrap elementor-element-populated\">\n\t\t\t\t\t\t<div class=\"elementor-element elementor-element-092e6c4 elementor-widget elementor-widget-text-editor\" data-id=\"092e6c4\" data-element_type=\"widget\" data-e-type=\"widget\" data-widget_type=\"text-editor.default\">\n\t\t\t\t<div class=\"elementor-widget-container\">\n\t\t\t\t\t\t\t\t\t<p id=\"u7804-5\">Pour les chefs de file des op\u00e9rations, assurer la s\u00e9curit\u00e9 - renvoyer tout le monde \u00e0 la maison, vivant et bien \u00e0 la fin de chaque journ\u00e9e - est la premi\u00e8re chose \u00e0 faire. Fixer cet objectif est une chose; ce qui compte vraiment, c&#039;est que cela se produise. Un obstacle est un ensemble de d\u00e9fis de leadership en mati\u00e8re de s\u00e9curit\u00e9 qui peuvent \u00eatre r\u00e9sum\u00e9s en un mot: l&#039;ex\u00e9cution.<\/p><p id=\"u7804-7\">En tant qu&#039;anciens chefs des op\u00e9rations, nous comprenons la n\u00e9cessit\u00e9 de l&#039;ex\u00e9cution. Nous comprenons \u00e9galement que les dirigeants extr\u00eamement occup\u00e9s recherchent des solutions \u00e0 ces d\u00e9fis. Pas des th\u00e9ories, mais des choses pratiques que les dirigeants peuvent faire pour faire une r\u00e9elle diff\u00e9rence dans l&#039;ex\u00e9cution et la s\u00e9curit\u00e9.<\/p><p id=\"u7804-11\">Voil\u00e0 pourquoi, \u00e0 <span id=\"u7804-9\">Balmert Consulting<\/span>, nous nous concentrons sur la s\u00e9curit\u00e9, l&#039;ex\u00e9cution - et le leadership.<\/p><p id=\"u7804-13\">Nous sommes convaincus que l&#039;ex\u00e9cution est la diff\u00e9rence qui fait la diff\u00e9rence dans la conversion des objectifs en r\u00e9sultats. Nous proposons des produits de formation et des services de conseil \u00e9prouv\u00e9s pour cr\u00e9er une am\u00e9lioration durable de l&#039;ex\u00e9cution - \u00e0 commencer par la s\u00e9curit\u00e9.\u00a0<\/p><p id=\"u7804-18\">Si <span id=\"u7804-15\">votre<\/span> le d\u00e9fi est d&#039;obtenir une s\u00e9curit\u00e9, une ex\u00e9cution et un leadership excellents <span id=\"u7804-17\">c&#039;est l\u00e0 que nous pouvons vous aider!<\/span><\/p>\t\t\t\t\t\t\t\t<\/div>\n\t\t\t\t<\/div>\n\t\t\t\t\t<\/div>\n\t\t<\/div>\n\t\t\t\t\t<\/div>\n\t\t<\/section>\n\t\t\t\t\t<\/div>\n\t\t<\/div>\n\t\t\t\t\t<\/div>\n\t\t<\/section>\n\t\t\t\t<\/div>","protected":false},"excerpt":{"rendered":"<p>The focus of our consultancy lies at the intersection of execution, leadership \u2013 and operations. Balmert Consulting is a global management consulting firm headquartered in Seabrook, Texas. We offer training products\u00a0and consulting services designed to achieve a sustainable improvement in execution in operations. Over the last two decades we have trained over 75,000 line leaders, [&hellip;]<\/p>\n","protected":false},"author":1,"featured_media":0,"parent":0,"menu_order":0,"comment_status":"closed","ping_status":"closed","template":"","meta":{"site-sidebar-layout":"no-sidebar","site-content-layout":"page-builder","ast-site-content-layout":"full-width-container","site-content-style":"unboxed","site-sidebar-style":"unboxed","ast-global-header-display":"","ast-banner-title-visibility":"","ast-main-header-display":"","ast-hfb-above-header-display":"","ast-hfb-below-header-display":"","ast-hfb-mobile-header-display":"","site-post-title":"disabled","ast-breadcrumbs-content":"","ast-featured-img":"disabled","footer-sml-layout":"","ast-disable-related-posts":"","theme-transparent-header-meta":"default","adv-header-id-meta":"","stick-header-meta":"default","header-above-stick-meta":"","header-main-stick-meta":"","header-below-stick-meta":"","astra-migrate-meta-layouts":"set","ast-page-background-enabled":"default","ast-page-background-meta":{"desktop":{"background-color":"","background-image":"","background-repeat":"repeat","background-position":"center center","background-size":"auto","background-attachment":"scroll","background-type":"","background-media":"","overlay-type":"","overlay-color":"","overlay-opacity":"","overlay-gradient":""},"tablet":{"background-color":"","background-image":"","background-repeat":"repeat","background-position":"center center","background-size":"auto","background-attachment":"scroll","background-type":"","background-media":"","overlay-type":"","overlay-color":"","overlay-opacity":"","overlay-gradient":""},"mobile":{"background-color":"","background-image":"","background-repeat":"repeat","background-position":"center center","background-size":"auto","background-attachment":"scroll","background-type":"","background-media":"","overlay-type":"","overlay-color":"","overlay-opacity":"","overlay-gradient":""}},"ast-content-background-meta":{"desktop":{"background-color":"var(--ast-global-color-5)","background-image":"","background-repeat":"repeat","background-position":"center center","background-size":"auto","background-attachment":"scroll","background-type":"","background-media":"","overlay-type":"","overlay-color":"","overlay-opacity":"","overlay-gradient":""},"tablet":{"background-color":"var(--ast-global-color-5)","background-image":"","background-repeat":"repeat","background-position":"center center","background-size":"auto","background-attachment":"scroll","background-type":"","background-media":"","overlay-type":"","overlay-color":"","overlay-opacity":"","overlay-gradient":""},"mobile":{"background-color":"var(--ast-global-color-5)","background-image":"","background-repeat":"repeat","background-position":"center center","background-size":"auto","background-attachment":"scroll","background-type":"","background-media":"","overlay-type":"","overlay-color":"","overlay-opacity":"","overlay-gradient":""}},"episode_type":"","audio_file":"","podmotor_file_id":"","podmotor_episode_id":"","cover_image":"","cover_image_id":"","duration":"","filesize":"","filesize_raw":"","date_recorded":"","explicit":"","block":"","itunes_episode_number":"","itunes_title":"","itunes_season_number":"","itunes_episode_type":"","jetpack_post_was_ever_published":false,"footnotes":""},"class_list":["post-614","page","type-page","status-publish","hentry"],"yoast_head":"<!-- This site is optimized with the Yoast SEO plugin v27.2 - https:\/\/yoast.com\/product\/yoast-seo-wordpress\/ -->\n<title>ABOUT US - Balmert Consulting<\/title>\n<meta name=\"description\" content=\"We offer Safety Leadership Training and consulting services designed to achieve a sustainable improvement in execution in operations.\" \/>\n<meta name=\"robots\" content=\"index, follow, max-snippet:-1, max-image-preview:large, max-video-preview:-1\" \/>\n<link rel=\"canonical\" href=\"https:\/\/balmert.com\/fr\/about-us\/\" \/>\n<meta property=\"og:locale\" content=\"fr_FR\" \/>\n<meta property=\"og:type\" content=\"article\" \/>\n<meta property=\"og:title\" content=\"ABOUT US - Balmert Consulting\" \/>\n<meta property=\"og:description\" content=\"We offer Safety Leadership Training and consulting services designed to achieve a sustainable improvement in execution in operations.\" \/>\n<meta property=\"og:url\" content=\"https:\/\/balmert.com\/fr\/about-us\/\" \/>\n<meta property=\"og:site_name\" content=\"Balmert Consulting\" \/>\n<meta property=\"article:publisher\" content=\"https:\/\/www.facebook.com\/BalmertConsulting\/\" \/>\n<meta property=\"article:modified_time\" content=\"2025-10-07T15:33:19+00:00\" \/>\n<meta name=\"twitter:card\" content=\"summary_large_image\" \/>\n<meta name=\"twitter:label1\" content=\"Dur\u00e9e de lecture estim\u00e9e\" \/>\n\t<meta name=\"twitter:data1\" content=\"2 minutes\" \/>\n<script type=\"application\/ld+json\" class=\"yoast-schema-graph\">{\"@context\":\"https:\/\/schema.org\",\"@graph\":[{\"@type\":\"WebPage\",\"@id\":\"https:\/\/balmert.com\/about-us\/\",\"url\":\"https:\/\/balmert.com\/about-us\/\",\"name\":\"ABOUT US - Balmert Consulting\",\"isPartOf\":{\"@id\":\"https:\/\/balmert.com\/#website\"},\"datePublished\":\"2018-11-20T18:23:44+00:00\",\"dateModified\":\"2025-10-07T15:33:19+00:00\",\"description\":\"We offer Safety Leadership Training and consulting services designed to achieve a sustainable improvement in execution in operations.\",\"breadcrumb\":{\"@id\":\"https:\/\/balmert.com\/about-us\/#breadcrumb\"},\"inLanguage\":\"fr-FR\",\"potentialAction\":[{\"@type\":\"ReadAction\",\"target\":[\"https:\/\/balmert.com\/about-us\/\"]}]},{\"@type\":\"BreadcrumbList\",\"@id\":\"https:\/\/balmert.com\/about-us\/#breadcrumb\",\"itemListElement\":[{\"@type\":\"ListItem\",\"position\":1,\"name\":\"Home\",\"item\":\"https:\/\/balmert.com\/\"},{\"@type\":\"ListItem\",\"position\":2,\"name\":\"ABOUT US\"}]},{\"@type\":\"WebSite\",\"@id\":\"https:\/\/balmert.com\/#website\",\"url\":\"https:\/\/balmert.com\/\",\"name\":\"Balmert Consulting\",\"description\":\"Most of our clients have tough safety, leadership and\/or execution challenges that keep them up at night. They trust us to help them solve those problems.\",\"publisher\":{\"@id\":\"https:\/\/balmert.com\/#organization\"},\"potentialAction\":[{\"@type\":\"SearchAction\",\"target\":{\"@type\":\"EntryPoint\",\"urlTemplate\":\"https:\/\/balmert.com\/?s={search_term_string}\"},\"query-input\":{\"@type\":\"PropertyValueSpecification\",\"valueRequired\":true,\"valueName\":\"search_term_string\"}}],\"inLanguage\":\"fr-FR\"},{\"@type\":\"Organization\",\"@id\":\"https:\/\/balmert.com\/#organization\",\"name\":\"Balmert Consulting\",\"url\":\"https:\/\/balmert.com\/\",\"logo\":{\"@type\":\"ImageObject\",\"inLanguage\":\"fr-FR\",\"@id\":\"https:\/\/balmert.com\/#\/schema\/logo\/image\/\",\"url\":\"https:\/\/i0.wp.com\/balmert.com\/wp-content\/uploads\/2018\/10\/skeets.png?fit=206%2C258&ssl=1\",\"contentUrl\":\"https:\/\/i0.wp.com\/balmert.com\/wp-content\/uploads\/2018\/10\/skeets.png?fit=206%2C258&ssl=1\",\"width\":\"206\",\"height\":\"258\",\"caption\":\"Balmert Consulting\"},\"image\":{\"@id\":\"https:\/\/balmert.com\/#\/schema\/logo\/image\/\"},\"sameAs\":[\"https:\/\/www.facebook.com\/BalmertConsulting\/\",\"https:\/\/www.linkedin.com\/company\/balmert-consulting\/about\/\"]}]}<\/script>\n<!-- \/ Yoast SEO plugin. -->","yoast_head_json":{"title":"ABOUT US - Balmert Consulting","description":"We offer Safety Leadership Training and consulting services designed to achieve a sustainable improvement in execution in operations.","robots":{"index":"index","follow":"follow","max-snippet":"max-snippet:-1","max-image-preview":"max-image-preview:large","max-video-preview":"max-video-preview:-1"},"canonical":"https:\/\/balmert.com\/fr\/about-us\/","og_locale":"fr_FR","og_type":"article","og_title":"ABOUT US - Balmert Consulting","og_description":"We offer Safety Leadership Training and consulting services designed to achieve a sustainable improvement in execution in operations.","og_url":"https:\/\/balmert.com\/fr\/about-us\/","og_site_name":"Balmert Consulting","article_publisher":"https:\/\/www.facebook.com\/BalmertConsulting\/","article_modified_time":"2025-10-07T15:33:19+00:00","twitter_card":"summary_large_image","twitter_misc":{"Dur\u00e9e de lecture estim\u00e9e":"2 minutes"},"schema":{"@context":"https:\/\/schema.org","@graph":[{"@type":"WebPage","@id":"https:\/\/balmert.com\/about-us\/","url":"https:\/\/balmert.com\/about-us\/","name":"ABOUT US - Balmert Consulting","isPartOf":{"@id":"https:\/\/balmert.com\/#website"},"datePublished":"2018-11-20T18:23:44+00:00","dateModified":"2025-10-07T15:33:19+00:00","description":"We offer Safety Leadership Training and consulting services designed to achieve a sustainable improvement in execution in operations.","breadcrumb":{"@id":"https:\/\/balmert.com\/about-us\/#breadcrumb"},"inLanguage":"fr-FR","potentialAction":[{"@type":"ReadAction","target":["https:\/\/balmert.com\/about-us\/"]}]},{"@type":"BreadcrumbList","@id":"https:\/\/balmert.com\/about-us\/#breadcrumb","itemListElement":[{"@type":"ListItem","position":1,"name":"Home","item":"https:\/\/balmert.com\/"},{"@type":"ListItem","position":2,"name":"ABOUT US"}]},{"@type":"WebSite","@id":"https:\/\/balmert.com\/#website","url":"https:\/\/balmert.com\/","name":"Balmert Consulting","description":"La plupart de nos clients ont des d\u00e9fis de s\u00e9curit\u00e9, de leadership et \/ ou d&#039;ex\u00e9cution difficiles qui les emp\u00eachent de dormir la nuit. Ils nous font confiance pour les aider \u00e0 r\u00e9soudre ces probl\u00e8mes.","publisher":{"@id":"https:\/\/balmert.com\/#organization"},"potentialAction":[{"@type":"SearchAction","target":{"@type":"EntryPoint","urlTemplate":"https:\/\/balmert.com\/?s={search_term_string}"},"query-input":{"@type":"PropertyValueSpecification","valueRequired":true,"valueName":"search_term_string"}}],"inLanguage":"fr-FR"},{"@type":"Organization","@id":"https:\/\/balmert.com\/#organization","name":"Balmert Consulting","url":"https:\/\/balmert.com\/","logo":{"@type":"ImageObject","inLanguage":"fr-FR","@id":"https:\/\/balmert.com\/#\/schema\/logo\/image\/","url":"https:\/\/i0.wp.com\/balmert.com\/wp-content\/uploads\/2018\/10\/skeets.png?fit=206%2C258&ssl=1","contentUrl":"https:\/\/i0.wp.com\/balmert.com\/wp-content\/uploads\/2018\/10\/skeets.png?fit=206%2C258&ssl=1","width":"206","height":"258","caption":"Balmert Consulting"},"image":{"@id":"https:\/\/balmert.com\/#\/schema\/logo\/image\/"},"sameAs":["https:\/\/www.facebook.com\/BalmertConsulting\/","https:\/\/www.linkedin.com\/company\/balmert-consulting\/about\/"]}]}},"jetpack_sharing_enabled":true,"jetpack_shortlink":"https:\/\/wp.me\/PaokrT-9U","jetpack_likes_enabled":false,"amp_enabled":true,"_links":{"self":[{"href":"https:\/\/balmert.com\/fr\/wp-json\/wp\/v2\/pages\/614","targetHints":{"allow":["GET"]}}],"collection":[{"href":"https:\/\/balmert.com\/fr\/wp-json\/wp\/v2\/pages"}],"about":[{"href":"https:\/\/balmert.com\/fr\/wp-json\/wp\/v2\/types\/page"}],"author":[{"embeddable":true,"href":"https:\/\/balmert.com\/fr\/wp-json\/wp\/v2\/users\/1"}],"replies":[{"embeddable":true,"href":"https:\/\/balmert.com\/fr\/wp-json\/wp\/v2\/comments?post=614"}],"version-history":[{"count":29,"href":"https:\/\/balmert.com\/fr\/wp-json\/wp\/v2\/pages\/614\/revisions"}],"predecessor-version":[{"id":4589,"href":"https:\/\/balmert.com\/fr\/wp-json\/wp\/v2\/pages\/614\/revisions\/4589"}],"wp:attachment":[{"href":"https:\/\/balmert.com\/fr\/wp-json\/wp\/v2\/media?parent=614"}],"curies":[{"name":"wp","href":"https:\/\/api.w.org\/{rel}","templated":true}]}}