{"id":599,"date":"2018-11-20T04:42:40","date_gmt":"2018-11-20T04:42:40","guid":{"rendered":"https:\/\/balmertcom.com\/?page_id=599"},"modified":"2025-12-31T04:46:12","modified_gmt":"2025-12-31T09:46:12","slug":"leadership-training","status":"publish","type":"page","link":"https:\/\/balmert.com\/fr\/leadership-training\/","title":{"rendered":"FORMATION AU LEADERSHIP"},"content":{"rendered":"<div data-elementor-type=\"wp-post\" data-elementor-id=\"599\" class=\"elementor elementor-599\" data-elementor-post-type=\"page\">\n\t\t\t\t\t\t<section class=\"elementor-section elementor-top-section elementor-element elementor-element-2dc4db3e elementor-section-height-min-height elementor-section-boxed elementor-section-height-default elementor-section-items-middle\" data-id=\"2dc4db3e\" data-element_type=\"section\" data-e-type=\"section\" data-settings=\"{&quot;background_background&quot;:&quot;classic&quot;}\">\n\t\t\t\t\t\t\t<div class=\"elementor-background-overlay\"><\/div>\n\t\t\t\t\t\t\t<div class=\"elementor-container elementor-column-gap-default\">\n\t\t\t\t\t<div class=\"elementor-column elementor-col-100 elementor-top-column elementor-element elementor-element-2d7694c6\" data-id=\"2d7694c6\" data-element_type=\"column\" data-e-type=\"column\">\n\t\t\t<div class=\"elementor-widget-wrap elementor-element-populated\">\n\t\t\t\t\t\t<div class=\"elementor-element elementor-element-85e1f49 elementor-widget elementor-widget-heading\" data-id=\"85e1f49\" data-element_type=\"widget\" data-e-type=\"widget\" data-widget_type=\"heading.default\">\n\t\t\t\t<div class=\"elementor-widget-container\">\n\t\t\t\t\t<h2 class=\"elementor-heading-title elementor-size-large\">Qu&#039;est-ce qui nous differencie?<\/h2>\t\t\t\t<\/div>\n\t\t\t\t<\/div>\n\t\t\t\t<div class=\"elementor-element elementor-element-63fa1d94 elementor-widget-divider--view-line elementor-widget elementor-widget-divider\" data-id=\"63fa1d94\" data-element_type=\"widget\" data-e-type=\"widget\" data-widget_type=\"divider.default\">\n\t\t\t\t<div class=\"elementor-widget-container\">\n\t\t\t\t\t\t\t<div class=\"elementor-divider\">\n\t\t\t<span class=\"elementor-divider-separator\">\n\t\t\t\t\t\t<\/span>\n\t\t<\/div>\n\t\t\t\t\t\t<\/div>\n\t\t\t\t<\/div>\n\t\t\t\t<div class=\"elementor-element elementor-element-5a474123 elementor-widget elementor-widget-testimonial\" data-id=\"5a474123\" data-element_type=\"widget\" data-e-type=\"widget\" data-widget_type=\"testimonial.default\">\n\t\t\t\t<div class=\"elementor-widget-container\">\n\t\t\t\t\t\t\t<div class=\"elementor-testimonial-wrapper\">\n\t\t\t\t\t\t\t<div class=\"elementor-testimonial-content\">Nous avons appris ce qui fonctionne, ce qui ne fonctionne pas et ce qui fait vraiment la diff\u00e9rence!<\/div>\n\t\t\t\n\t\t\t\t\t<\/div>\n\t\t\t\t\t\t<\/div>\n\t\t\t\t<\/div>\n\t\t\t\t\t<\/div>\n\t\t<\/div>\n\t\t\t\t\t<\/div>\n\t\t<\/section>\n\t\t\t\t<section class=\"elementor-section elementor-top-section elementor-element elementor-element-96e1042 elementor-section-boxed elementor-section-height-default elementor-section-height-default\" data-id=\"96e1042\" data-element_type=\"section\" data-e-type=\"section\" data-settings=\"{&quot;background_background&quot;:&quot;none&quot;}\">\n\t\t\t\t\t\t<div class=\"elementor-container elementor-column-gap-default\">\n\t\t\t\t\t<div class=\"elementor-column elementor-col-100 elementor-top-column elementor-element elementor-element-5ef4080d\" data-id=\"5ef4080d\" data-element_type=\"column\" data-e-type=\"column\">\n\t\t\t<div class=\"elementor-widget-wrap elementor-element-populated\">\n\t\t\t\t\t\t<div class=\"elementor-element elementor-element-6937d62 elementor-widget elementor-widget-heading\" data-id=\"6937d62\" data-element_type=\"widget\" data-e-type=\"widget\" data-widget_type=\"heading.default\">\n\t\t\t\t<div class=\"elementor-widget-container\">\n\t\t\t\t\t<h2 class=\"elementor-heading-title elementor-size-default\">Formation en leadership<\/h2>\t\t\t\t<\/div>\n\t\t\t\t<\/div>\n\t\t\t\t<div class=\"elementor-element elementor-element-6c631f4 elementor-widget elementor-widget-text-editor\" data-id=\"6c631f4\" data-element_type=\"widget\" data-e-type=\"widget\" data-widget_type=\"text-editor.default\">\n\t\t\t\t<div class=\"elementor-widget-container\">\n\t\t\t\t\t\t\t\t\t<p id=\"u6011-5\" class=\"normal1\"><span id=\"u6011\" class=\"Normal\">En tant que consultants, nous nous concentrons sur<\/span><span id=\"u6011-2\" class=\"Normal\">\u00a0<b>pratiques de leadership<\/b><\/span><span id=\"u6011-3\" class=\"Normal\">: <\/span><span id=\"u6011-4\" class=\"Normal---Italic\">les choses pratiques que les dirigeants font qui font une diff\u00e9rence dans les op\u00e9rations.<\/span><\/p><p id=\"u6011-5\" class=\"normal1\"><span style=\"font-size: 25px;\">Ce sont des pratiques que nous connaissons bien. Avant d&#039;\u00eatre consultants, nous \u00e9tions managers - dans les op\u00e9rations. Ce que nous enseignons, parlons, \u00e9crivons et consultons sont les m\u00eames pratiques que nous avons apprises et observ\u00e9es en tant que gestionnaires. Gr\u00e2ce \u00e0 notre exp\u00e9rience de premi\u00e8re main, nous savons quelles pratiques font la diff\u00e9rence, pourquoi elles fonctionnent et comment les appliquer imm\u00e9diatement - les ex\u00e9cuter - au travail.<\/span><\/p><p id=\"u6011-9\" class=\"normal1\"><span id=\"u6011-8\" class=\"Normal\">Vous n&#039;avez pas \u00e0 nous croire sur parole: demandez \u00e0 nos clients. Ils d\u00e9criront les ateliers que nous avons enseign\u00e9s comme \u00able meilleur cours auquel j&#039;ai jamais assist\u00e9\u00bb et vous diront que les pratiques qu&#039;ils ont apprises ont vraiment fait une diff\u00e9rence.<\/span><\/p><p id=\"u6011-11\" class=\"normal1\"><span id=\"u6011-10\" class=\"Normal\">Apr\u00e8s tout, cela ne fait-il pas une diff\u00e9rence?<\/span><\/p><p id=\"u6011-15\" class=\"Paragraph-Style\"><span class=\"Normal---Bold-Italic\">Paul D. Balmert<br \/><\/span>Principal<br \/>Balmert Consulting<\/p>\t\t\t\t\t\t\t\t<\/div>\n\t\t\t\t<\/div>\n\t\t\t\t\t<\/div>\n\t\t<\/div>\n\t\t\t\t\t<\/div>\n\t\t<\/section>\n\t\t\t\t<section class=\"elementor-section elementor-top-section elementor-element elementor-element-b4d3ee elementor-section-height-min-height elementor-section-content-middle elementor-section-boxed elementor-section-height-default elementor-section-items-middle\" data-id=\"b4d3ee\" data-element_type=\"section\" data-e-type=\"section\" data-settings=\"{&quot;background_background&quot;:&quot;classic&quot;}\">\n\t\t\t\t\t\t<div class=\"elementor-container elementor-column-gap-default\">\n\t\t\t\t\t<div class=\"elementor-column elementor-col-100 elementor-top-column elementor-element elementor-element-46cf36e4\" data-id=\"46cf36e4\" data-element_type=\"column\" data-e-type=\"column\">\n\t\t\t<div class=\"elementor-widget-wrap elementor-element-populated\">\n\t\t\t\t\t\t<div class=\"elementor-element elementor-element-bb09ecd elementor-widget-divider--view-line elementor-widget elementor-widget-divider\" data-id=\"bb09ecd\" data-element_type=\"widget\" data-e-type=\"widget\" data-widget_type=\"divider.default\">\n\t\t\t\t<div class=\"elementor-widget-container\">\n\t\t\t\t\t\t\t<div class=\"elementor-divider\">\n\t\t\t<span class=\"elementor-divider-separator\">\n\t\t\t\t\t\t<\/span>\n\t\t<\/div>\n\t\t\t\t\t\t<\/div>\n\t\t\t\t<\/div>\n\t\t\t\t<div class=\"elementor-element elementor-element-6c2d9a43 elementor-widget elementor-widget-heading\" data-id=\"6c2d9a43\" data-element_type=\"widget\" data-e-type=\"widget\" data-widget_type=\"heading.default\">\n\t\t\t\t<div class=\"elementor-widget-container\">\n\t\t\t\t\t<h3 class=\"elementor-heading-title elementor-size-large\">La pratique du leadership: outils pour les gestionnaires et les superviseurs pour g\u00e9rer l&#039;ex\u00e9cution\n<\/h3>\t\t\t\t<\/div>\n\t\t\t\t<\/div>\n\t\t\t\t<div class=\"elementor-element elementor-element-67c1e24 elementor-widget elementor-widget-text-editor\" data-id=\"67c1e24\" data-element_type=\"widget\" data-e-type=\"widget\" data-widget_type=\"text-editor.default\">\n\t\t\t\t<div class=\"elementor-widget-container\">\n\t\t\t\t\t\t\t\t\t<p>La gestion de l&#039;ex\u00e9cution est le r\u00f4le fondamental de chaque superviseur et gestionnaire. Mais l&#039;ex\u00e9cution - faire en sorte que les choses se passent exactement comme elles le devraient - est le d\u00e9fi fondamental auquel sont confront\u00e9s tous les dirigeants de toutes les organisations du monde. Quant \u00e0 savoir pourquoi l&#039;ex\u00e9cution est le grand d\u00e9fi que cela repr\u00e9sente, la r\u00e9ponse est simple: il faut des personnes pour faire bouger les choses. Lorsque les humains sont responsables de l&#039;ex\u00e9cution du travail, il y a toujours des d\u00e9fis de performance humaine.<br \/><br \/>Essayez comme certains dirigeants pourraient le faire, il n&#039;y a pas de r\u00e9alit\u00e9 qui s&#039;\u00e9chappe: bien diriger les gens est essentiel \u00e0 une ex\u00e9cution r\u00e9ussie.<br \/><br \/>La pratique du leadership enseigne des pratiques de leadership simples et puissantes qui proviennent de leaders qui ont r\u00e9ussi \u00e0 g\u00e9rer l&#039;ex\u00e9cution. Les participants apprennent des outils de gestion et de leadership \u00e9prouv\u00e9s - \u00abque faire\u00bb et \u00abcomment faire\u00bb - ax\u00e9s sp\u00e9cifiquement sur l&#039;ex\u00e9cution, qui peuvent \u00eatre mis en pratique imm\u00e9diatement. Ces outils de leadership peuvent faire la diff\u00e9rence entre le succ\u00e8s et l&#039;\u00e9chec au point d&#039;ex\u00e9cution. L&#039;atelier est dispens\u00e9 par d&#039;anciens cadres sup\u00e9rieurs avec une exp\u00e9rience \u00e9prouv\u00e9e dans la gestion de l&#039;ex\u00e9cution.<\/p>\t\t\t\t\t\t\t\t<\/div>\n\t\t\t\t<\/div>\n\t\t\t\t<div class=\"elementor-element elementor-element-5e84de26 elementor-widget elementor-widget-heading\" data-id=\"5e84de26\" data-element_type=\"widget\" data-e-type=\"widget\" data-widget_type=\"heading.default\">\n\t\t\t\t<div class=\"elementor-widget-container\">\n\t\t\t\t\t<p class=\"elementor-heading-title elementor-size-medium\"><a href=\"https:\/\/balmertcom.com\/contact\/\">Aper\u00e7u de la demande<\/a><\/p>\t\t\t\t<\/div>\n\t\t\t\t<\/div>\n\t\t\t\t\t<\/div>\n\t\t<\/div>\n\t\t\t\t\t<\/div>\n\t\t<\/section>\n\t\t\t\t<section class=\"elementor-section elementor-top-section elementor-element elementor-element-73f8a27d elementor-section-height-min-height elementor-section-content-middle elementor-reverse-mobile elementor-section-boxed elementor-section-height-default elementor-section-items-middle\" data-id=\"73f8a27d\" data-element_type=\"section\" data-e-type=\"section\" data-settings=\"{&quot;background_background&quot;:&quot;none&quot;}\">\n\t\t\t\t\t\t<div class=\"elementor-container elementor-column-gap-default\">\n\t\t\t\t\t<div class=\"elementor-column elementor-col-100 elementor-top-column elementor-element elementor-element-598a7c3f\" data-id=\"598a7c3f\" data-element_type=\"column\" data-e-type=\"column\">\n\t\t\t<div class=\"elementor-widget-wrap elementor-element-populated\">\n\t\t\t\t\t\t<div class=\"elementor-element elementor-element-136dc423 elementor-widget-divider--view-line elementor-widget elementor-widget-divider\" data-id=\"136dc423\" data-element_type=\"widget\" data-e-type=\"widget\" data-widget_type=\"divider.default\">\n\t\t\t\t<div class=\"elementor-widget-container\">\n\t\t\t\t\t\t\t<div class=\"elementor-divider\">\n\t\t\t<span class=\"elementor-divider-separator\">\n\t\t\t\t\t\t<\/span>\n\t\t<\/div>\n\t\t\t\t\t\t<\/div>\n\t\t\t\t<\/div>\n\t\t\t\t<div class=\"elementor-element elementor-element-44e35a4a elementor-widget elementor-widget-heading\" data-id=\"44e35a4a\" data-element_type=\"widget\" data-e-type=\"widget\" data-widget_type=\"heading.default\">\n\t\t\t\t<div class=\"elementor-widget-container\">\n\t\t\t\t\t<h3 class=\"elementor-heading-title elementor-size-large\">Influencer les comp\u00e9tences<\/h3>\t\t\t\t<\/div>\n\t\t\t\t<\/div>\n\t\t\t\t<div class=\"elementor-element elementor-element-6f397b14 elementor-widget elementor-widget-text-editor\" data-id=\"6f397b14\" data-element_type=\"widget\" data-e-type=\"widget\" data-widget_type=\"text-editor.default\">\n\t\t\t\t<div class=\"elementor-widget-container\">\n\t\t\t\t\t\t\t\t\t<p>Le Middle Management est au c\u0153ur de la mise en \u0153uvre de la strat\u00e9gie organisationnelle et de la protection des actifs de l&#039;entreprise. Produire des r\u00e9sultats r\u00e9ussis prend plus que simplement r\u00e9diger une nouvelle proc\u00e9dure et un discours occasionnel. L&#039;atelier sur les comp\u00e9tences d&#039;influence fournit aux cadres interm\u00e9diaires les outils pratiques dont ils ont besoin - et peuvent imm\u00e9diatement commencer \u00e0 les utiliser - pour influencer positivement et efficacement leur organisation.<\/p>\t\t\t\t\t\t\t\t<\/div>\n\t\t\t\t<\/div>\n\t\t\t\t<div class=\"elementor-element elementor-element-a1e0f17 elementor-widget elementor-widget-heading\" data-id=\"a1e0f17\" data-element_type=\"widget\" data-e-type=\"widget\" data-widget_type=\"heading.default\">\n\t\t\t\t<div class=\"elementor-widget-container\">\n\t\t\t\t\t<p class=\"elementor-heading-title elementor-size-medium\"><a href=\"https:\/\/balmertcom.com\/contact\/\">Aper\u00e7u de la demande<\/a><\/p>\t\t\t\t<\/div>\n\t\t\t\t<\/div>\n\t\t\t\t\t<\/div>\n\t\t<\/div>\n\t\t\t\t\t<\/div>\n\t\t<\/section>\n\t\t\t\t<section class=\"elementor-section elementor-top-section elementor-element elementor-element-41e91bc elementor-section-boxed elementor-section-height-default elementor-section-height-default\" data-id=\"41e91bc\" data-element_type=\"section\" data-e-type=\"section\" data-settings=\"{&quot;background_background&quot;:&quot;classic&quot;}\">\n\t\t\t\t\t\t\t<div class=\"elementor-background-overlay\"><\/div>\n\t\t\t\t\t\t\t<div class=\"elementor-container elementor-column-gap-default\">\n\t\t\t\t\t<div class=\"elementor-column elementor-col-100 elementor-top-column elementor-element elementor-element-8d93253\" data-id=\"8d93253\" data-element_type=\"column\" data-e-type=\"column\">\n\t\t\t<div class=\"elementor-widget-wrap elementor-element-populated\">\n\t\t\t\t\t\t<div class=\"elementor-element elementor-element-2e19057 elementor-widget elementor-widget-heading\" data-id=\"2e19057\" data-element_type=\"widget\" data-e-type=\"widget\" data-widget_type=\"heading.default\">\n\t\t\t\t<div class=\"elementor-widget-container\">\n\t\t\t\t\t<p class=\"elementor-heading-title elementor-size-medium\">Contactez l&#039;un de nos experts pour en savoir plus<\/p>\t\t\t\t<\/div>\n\t\t\t\t<\/div>\n\t\t\t\t<div class=\"elementor-element elementor-element-329c744 elementor-widget elementor-widget-button\" data-id=\"329c744\" data-element_type=\"widget\" data-e-type=\"widget\" data-widget_type=\"button.default\">\n\t\t\t\t<div class=\"elementor-widget-container\">\n\t\t\t\t\t\t\t\t\t<div class=\"elementor-button-wrapper\">\n\t\t\t\t\t<a class=\"elementor-button elementor-button-link elementor-size-md\" href=\"https:\/\/balmert.com\/fr\/contact\/\">\n\t\t\t\t\t\t<span class=\"elementor-button-content-wrapper\">\n\t\t\t\t\t\t\t\t\t<span class=\"elementor-button-text\">Nous contacter<\/span>\n\t\t\t\t\t<\/span>\n\t\t\t\t\t<\/a>\n\t\t\t\t<\/div>\n\t\t\t\t\t\t\t\t<\/div>\n\t\t\t\t<\/div>\n\t\t\t\t\t<\/div>\n\t\t<\/div>\n\t\t\t\t\t<\/div>\n\t\t<\/section>\n\t\t\t\t<\/div>","protected":false},"excerpt":{"rendered":"<p>what makes us different? We have learned what works, what doesn\u2019t, and what really makes a difference! Leadership Training As consultants, our focus is on\u00a0leadership practices: the practical things leaders do that make a difference in operations. Those are practices we know well. Before we were consultants, we were managers &#8211; in operations. What we [&hellip;]<\/p>\n","protected":false},"author":1,"featured_media":0,"parent":0,"menu_order":0,"comment_status":"closed","ping_status":"closed","template":"","meta":{"site-sidebar-layout":"no-sidebar","site-content-layout":"page-builder","ast-site-content-layout":"full-width-container","site-content-style":"unboxed","site-sidebar-style":"unboxed","ast-global-header-display":"","ast-banner-title-visibility":"","ast-main-header-display":"","ast-hfb-above-header-display":"","ast-hfb-below-header-display":"","ast-hfb-mobile-header-display":"","site-post-title":"disabled","ast-breadcrumbs-content":"","ast-featured-img":"disabled","footer-sml-layout":"","ast-disable-related-posts":"","theme-transparent-header-meta":"default","adv-header-id-meta":"","stick-header-meta":"default","header-above-stick-meta":"","header-main-stick-meta":"","header-below-stick-meta":"","astra-migrate-meta-layouts":"set","ast-page-background-enabled":"default","ast-page-background-meta":{"desktop":{"background-color":"","background-image":"","background-repeat":"repeat","background-position":"center center","background-size":"auto","background-attachment":"scroll","background-type":"","background-media":"","overlay-type":"","overlay-color":"","overlay-opacity":"","overlay-gradient":""},"tablet":{"background-color":"","background-image":"","background-repeat":"repeat","background-position":"center center","background-size":"auto","background-attachment":"scroll","background-type":"","background-media":"","overlay-type":"","overlay-color":"","overlay-opacity":"","overlay-gradient":""},"mobile":{"background-color":"","background-image":"","background-repeat":"repeat","background-position":"center center","background-size":"auto","background-attachment":"scroll","background-type":"","background-media":"","overlay-type":"","overlay-color":"","overlay-opacity":"","overlay-gradient":""}},"ast-content-background-meta":{"desktop":{"background-color":"var(--ast-global-color-5)","background-image":"","background-repeat":"repeat","background-position":"center center","background-size":"auto","background-attachment":"scroll","background-type":"","background-media":"","overlay-type":"","overlay-color":"","overlay-opacity":"","overlay-gradient":""},"tablet":{"background-color":"var(--ast-global-color-5)","background-image":"","background-repeat":"repeat","background-position":"center center","background-size":"auto","background-attachment":"scroll","background-type":"","background-media":"","overlay-type":"","overlay-color":"","overlay-opacity":"","overlay-gradient":""},"mobile":{"background-color":"var(--ast-global-color-5)","background-image":"","background-repeat":"repeat","background-position":"center center","background-size":"auto","background-attachment":"scroll","background-type":"","background-media":"","overlay-type":"","overlay-color":"","overlay-opacity":"","overlay-gradient":""}},"episode_type":"","audio_file":"","podmotor_file_id":"","podmotor_episode_id":"","cover_image":"","cover_image_id":"","duration":"","filesize":"","filesize_raw":"","date_recorded":"","explicit":"","block":"","itunes_episode_number":"","itunes_title":"","itunes_season_number":"","itunes_episode_type":"","jetpack_post_was_ever_published":false,"footnotes":""},"class_list":["post-599","page","type-page","status-publish","hentry"],"yoast_head":"<!-- This site is optimized with the Yoast SEO plugin v27.2 - https:\/\/yoast.com\/product\/yoast-seo-wordpress\/ -->\n<title>Balmert Leadership Training for Safety and Performance<\/title>\n<meta name=\"description\" content=\"Balmert Leadership Training provides actionable skills and proven methods to help leaders inspire teams, improve safety culture, and elevate performance.\" \/>\n<meta name=\"robots\" content=\"index, follow, max-snippet:-1, max-image-preview:large, max-video-preview:-1\" \/>\n<link rel=\"canonical\" href=\"https:\/\/balmert.com\/fr\/leadership-training\/\" \/>\n<meta property=\"og:locale\" content=\"fr_FR\" \/>\n<meta property=\"og:type\" content=\"article\" \/>\n<meta property=\"og:title\" content=\"Balmert Leadership Training for Safety and Performance\" \/>\n<meta property=\"og:description\" content=\"Balmert Leadership Training provides actionable skills and proven methods to help leaders inspire teams, improve safety culture, and elevate performance.\" \/>\n<meta property=\"og:url\" content=\"https:\/\/balmert.com\/fr\/leadership-training\/\" \/>\n<meta property=\"og:site_name\" content=\"Balmert Consulting\" \/>\n<meta property=\"article:publisher\" content=\"https:\/\/www.facebook.com\/BalmertConsulting\/\" \/>\n<meta property=\"article:modified_time\" content=\"2025-12-31T09:46:12+00:00\" \/>\n<meta name=\"twitter:card\" content=\"summary_large_image\" \/>\n<meta name=\"twitter:label1\" content=\"Dur\u00e9e de lecture estim\u00e9e\" \/>\n\t<meta name=\"twitter:data1\" content=\"2 minutes\" \/>\n<script type=\"application\/ld+json\" class=\"yoast-schema-graph\">{\"@context\":\"https:\/\/schema.org\",\"@graph\":[{\"@type\":\"WebPage\",\"@id\":\"https:\/\/balmert.com\/leadership-training\/\",\"url\":\"https:\/\/balmert.com\/leadership-training\/\",\"name\":\"Balmert Leadership Training for Safety and Performance\",\"isPartOf\":{\"@id\":\"https:\/\/balmert.com\/#website\"},\"datePublished\":\"2018-11-20T04:42:40+00:00\",\"dateModified\":\"2025-12-31T09:46:12+00:00\",\"description\":\"Balmert Leadership Training provides actionable skills and proven methods to help leaders inspire teams, improve safety culture, and elevate performance.\",\"breadcrumb\":{\"@id\":\"https:\/\/balmert.com\/leadership-training\/#breadcrumb\"},\"inLanguage\":\"fr-FR\",\"potentialAction\":[{\"@type\":\"ReadAction\",\"target\":[\"https:\/\/balmert.com\/leadership-training\/\"]}]},{\"@type\":\"BreadcrumbList\",\"@id\":\"https:\/\/balmert.com\/leadership-training\/#breadcrumb\",\"itemListElement\":[{\"@type\":\"ListItem\",\"position\":1,\"name\":\"Home\",\"item\":\"https:\/\/balmert.com\/\"},{\"@type\":\"ListItem\",\"position\":2,\"name\":\"LEADERSHIP TRAINING\"}]},{\"@type\":\"WebSite\",\"@id\":\"https:\/\/balmert.com\/#website\",\"url\":\"https:\/\/balmert.com\/\",\"name\":\"Balmert Consulting\",\"description\":\"Most of our clients have tough safety, leadership and\/or execution challenges that keep them up at night. They trust us to help them solve those problems.\",\"publisher\":{\"@id\":\"https:\/\/balmert.com\/#organization\"},\"potentialAction\":[{\"@type\":\"SearchAction\",\"target\":{\"@type\":\"EntryPoint\",\"urlTemplate\":\"https:\/\/balmert.com\/?s={search_term_string}\"},\"query-input\":{\"@type\":\"PropertyValueSpecification\",\"valueRequired\":true,\"valueName\":\"search_term_string\"}}],\"inLanguage\":\"fr-FR\"},{\"@type\":\"Organization\",\"@id\":\"https:\/\/balmert.com\/#organization\",\"name\":\"Balmert Consulting\",\"url\":\"https:\/\/balmert.com\/\",\"logo\":{\"@type\":\"ImageObject\",\"inLanguage\":\"fr-FR\",\"@id\":\"https:\/\/balmert.com\/#\/schema\/logo\/image\/\",\"url\":\"https:\/\/i0.wp.com\/balmert.com\/wp-content\/uploads\/2018\/10\/skeets.png?fit=206%2C258&ssl=1\",\"contentUrl\":\"https:\/\/i0.wp.com\/balmert.com\/wp-content\/uploads\/2018\/10\/skeets.png?fit=206%2C258&ssl=1\",\"width\":\"206\",\"height\":\"258\",\"caption\":\"Balmert Consulting\"},\"image\":{\"@id\":\"https:\/\/balmert.com\/#\/schema\/logo\/image\/\"},\"sameAs\":[\"https:\/\/www.facebook.com\/BalmertConsulting\/\",\"https:\/\/www.linkedin.com\/company\/balmert-consulting\/about\/\"]}]}<\/script>\n<!-- \/ Yoast SEO plugin. -->","yoast_head_json":{"title":"Balmert Leadership Training for Safety and Performance","description":"Balmert Leadership Training provides actionable skills and proven methods to help leaders inspire teams, improve safety culture, and elevate performance.","robots":{"index":"index","follow":"follow","max-snippet":"max-snippet:-1","max-image-preview":"max-image-preview:large","max-video-preview":"max-video-preview:-1"},"canonical":"https:\/\/balmert.com\/fr\/leadership-training\/","og_locale":"fr_FR","og_type":"article","og_title":"Balmert Leadership Training for Safety and Performance","og_description":"Balmert Leadership Training provides actionable skills and proven methods to help leaders inspire teams, improve safety culture, and elevate performance.","og_url":"https:\/\/balmert.com\/fr\/leadership-training\/","og_site_name":"Balmert Consulting","article_publisher":"https:\/\/www.facebook.com\/BalmertConsulting\/","article_modified_time":"2025-12-31T09:46:12+00:00","twitter_card":"summary_large_image","twitter_misc":{"Dur\u00e9e de lecture estim\u00e9e":"2 minutes"},"schema":{"@context":"https:\/\/schema.org","@graph":[{"@type":"WebPage","@id":"https:\/\/balmert.com\/leadership-training\/","url":"https:\/\/balmert.com\/leadership-training\/","name":"Balmert Leadership Training for Safety and Performance","isPartOf":{"@id":"https:\/\/balmert.com\/#website"},"datePublished":"2018-11-20T04:42:40+00:00","dateModified":"2025-12-31T09:46:12+00:00","description":"Balmert Leadership Training provides actionable skills and proven methods to help leaders inspire teams, improve safety culture, and elevate performance.","breadcrumb":{"@id":"https:\/\/balmert.com\/leadership-training\/#breadcrumb"},"inLanguage":"fr-FR","potentialAction":[{"@type":"ReadAction","target":["https:\/\/balmert.com\/leadership-training\/"]}]},{"@type":"BreadcrumbList","@id":"https:\/\/balmert.com\/leadership-training\/#breadcrumb","itemListElement":[{"@type":"ListItem","position":1,"name":"Home","item":"https:\/\/balmert.com\/"},{"@type":"ListItem","position":2,"name":"LEADERSHIP TRAINING"}]},{"@type":"WebSite","@id":"https:\/\/balmert.com\/#website","url":"https:\/\/balmert.com\/","name":"Balmert Consulting","description":"La plupart de nos clients ont des d\u00e9fis de s\u00e9curit\u00e9, de leadership et \/ ou d&#039;ex\u00e9cution difficiles qui les emp\u00eachent de dormir la nuit. Ils nous font confiance pour les aider \u00e0 r\u00e9soudre ces probl\u00e8mes.","publisher":{"@id":"https:\/\/balmert.com\/#organization"},"potentialAction":[{"@type":"SearchAction","target":{"@type":"EntryPoint","urlTemplate":"https:\/\/balmert.com\/?s={search_term_string}"},"query-input":{"@type":"PropertyValueSpecification","valueRequired":true,"valueName":"search_term_string"}}],"inLanguage":"fr-FR"},{"@type":"Organization","@id":"https:\/\/balmert.com\/#organization","name":"Balmert Consulting","url":"https:\/\/balmert.com\/","logo":{"@type":"ImageObject","inLanguage":"fr-FR","@id":"https:\/\/balmert.com\/#\/schema\/logo\/image\/","url":"https:\/\/i0.wp.com\/balmert.com\/wp-content\/uploads\/2018\/10\/skeets.png?fit=206%2C258&ssl=1","contentUrl":"https:\/\/i0.wp.com\/balmert.com\/wp-content\/uploads\/2018\/10\/skeets.png?fit=206%2C258&ssl=1","width":"206","height":"258","caption":"Balmert Consulting"},"image":{"@id":"https:\/\/balmert.com\/#\/schema\/logo\/image\/"},"sameAs":["https:\/\/www.facebook.com\/BalmertConsulting\/","https:\/\/www.linkedin.com\/company\/balmert-consulting\/about\/"]}]}},"jetpack_sharing_enabled":true,"jetpack_shortlink":"https:\/\/wp.me\/PaokrT-9F","jetpack_likes_enabled":false,"amp_enabled":true,"_links":{"self":[{"href":"https:\/\/balmert.com\/fr\/wp-json\/wp\/v2\/pages\/599","targetHints":{"allow":["GET"]}}],"collection":[{"href":"https:\/\/balmert.com\/fr\/wp-json\/wp\/v2\/pages"}],"about":[{"href":"https:\/\/balmert.com\/fr\/wp-json\/wp\/v2\/types\/page"}],"author":[{"embeddable":true,"href":"https:\/\/balmert.com\/fr\/wp-json\/wp\/v2\/users\/1"}],"replies":[{"embeddable":true,"href":"https:\/\/balmert.com\/fr\/wp-json\/wp\/v2\/comments?post=599"}],"version-history":[{"count":24,"href":"https:\/\/balmert.com\/fr\/wp-json\/wp\/v2\/pages\/599\/revisions"}],"predecessor-version":[{"id":4736,"href":"https:\/\/balmert.com\/fr\/wp-json\/wp\/v2\/pages\/599\/revisions\/4736"}],"wp:attachment":[{"href":"https:\/\/balmert.com\/fr\/wp-json\/wp\/v2\/media?parent=599"}],"curies":[{"name":"wp","href":"https:\/\/api.w.org\/{rel}","templated":true}]}}