{"id":4425,"date":"2025-04-29T15:02:19","date_gmt":"2025-04-29T19:02:19","guid":{"rendered":"https:\/\/balmert.com\/?page_id=4425"},"modified":"2025-04-29T15:46:16","modified_gmt":"2025-04-29T19:46:16","slug":"whats-the-deal-with-execution-2","status":"publish","type":"page","link":"https:\/\/balmert.com\/es\/whats-the-deal-with-execution-2\/","title":{"rendered":"What&#8217;s The Deal With Execution?"},"content":{"rendered":"<div data-elementor-type=\"wp-page\" data-elementor-id=\"4425\" class=\"elementor elementor-4425\" data-elementor-post-type=\"page\">\n\t\t\t\t\t\t<section class=\"elementor-section elementor-top-section elementor-element elementor-element-335388ba elementor-section-items-top elementor-section-height-min-height elementor-section-full_width elementor-section-height-default\" data-id=\"335388ba\" data-element_type=\"section\" data-e-type=\"section\" data-settings=\"{&quot;background_background&quot;:&quot;classic&quot;}\">\n\t\t\t\t\t\t\t<div class=\"elementor-background-overlay\"><\/div>\n\t\t\t\t\t\t\t<div class=\"elementor-container elementor-column-gap-default\">\n\t\t\t\t\t<div class=\"elementor-column elementor-col-100 elementor-top-column elementor-element elementor-element-202e3ff6\" data-id=\"202e3ff6\" data-element_type=\"column\" data-e-type=\"column\">\n\t\t\t<div class=\"elementor-widget-wrap elementor-element-populated\">\n\t\t\t\t\t\t<div class=\"elementor-element elementor-element-1491bc4c elementor-widget elementor-widget-heading\" data-id=\"1491bc4c\" data-element_type=\"widget\" data-e-type=\"widget\" data-widget_type=\"heading.default\">\n\t\t\t\t<div class=\"elementor-widget-container\">\n\t\t\t\t\t<h1 class=\"elementor-heading-title elementor-size-large\">\u00bfCu\u00e1l es el trato?\n<\/h1>\t\t\t\t<\/div>\n\t\t\t\t<\/div>\n\t\t\t\t<div class=\"elementor-element elementor-element-1f78e1f6 elementor-widget elementor-widget-heading\" data-id=\"1f78e1f6\" data-element_type=\"widget\" data-e-type=\"widget\" data-widget_type=\"heading.default\">\n\t\t\t\t<div class=\"elementor-widget-container\">\n\t\t\t\t\t<h1 class=\"elementor-heading-title elementor-size-large\">\u00bfCon ejecuci\u00f3n?<\/h1>\t\t\t\t<\/div>\n\t\t\t\t<\/div>\n\t\t\t\t\t<\/div>\n\t\t<\/div>\n\t\t\t\t\t<\/div>\n\t\t<\/section>\n\t\t\t\t<section class=\"elementor-section elementor-top-section elementor-element elementor-element-52fa3fa1 elementor-section-boxed elementor-section-height-default elementor-section-height-default\" data-id=\"52fa3fa1\" data-element_type=\"section\" data-e-type=\"section\">\n\t\t\t\t\t\t<div class=\"elementor-container elementor-column-gap-no\">\n\t\t\t\t\t<div class=\"elementor-column elementor-col-100 elementor-top-column elementor-element elementor-element-6ada1fa8\" data-id=\"6ada1fa8\" data-element_type=\"column\" data-e-type=\"column\">\n\t\t\t<div class=\"elementor-widget-wrap elementor-element-populated\">\n\t\t\t\t\t\t<div class=\"elementor-element elementor-element-7b2464c4 elementor-widget elementor-widget-heading\" data-id=\"7b2464c4\" data-element_type=\"widget\" data-e-type=\"widget\" data-widget_type=\"heading.default\">\n\t\t\t\t<div class=\"elementor-widget-container\">\n\t\t\t\t\t<h3 class=\"elementor-heading-title elementor-size-large\">Excelencia en la ejecuci\u00f3n y liderazgo en seguridad<\/h3>\t\t\t\t<\/div>\n\t\t\t\t<\/div>\n\t\t\t\t<div class=\"elementor-element elementor-element-63e5c525 elementor-widget elementor-widget-text-editor\" data-id=\"63e5c525\" data-element_type=\"widget\" data-e-type=\"widget\" data-widget_type=\"text-editor.default\">\n\t\t\t\t<div class=\"elementor-widget-container\">\n\t\t\t\t\t\t\t\t\t<p style=\"font-weight: 400;\">En el podcast de este mes, &quot;\u00bfQu\u00e9 es la ejecuci\u00f3n?&quot;, Paul se re\u00fane con Luis Batiz, Van Long y Gary Rivenes para explorar la ejecuci\u00f3n. \u00bfQu\u00e9 es exactamente la ejecuci\u00f3n, c\u00f3mo encaja en el proceso de gesti\u00f3n y por qu\u00e9 es tan importante? A lo largo del podcast, aprenderemos m\u00e1s sobre c\u00f3mo estos tres l\u00edderes ayudaron a las organizaciones a impulsar la ejecuci\u00f3n a lo largo de sus carreras.<\/p>\t\t\t\t\t\t\t\t<\/div>\n\t\t\t\t<\/div>\n\t\t\t\t\t<\/div>\n\t\t<\/div>\n\t\t\t\t\t<\/div>\n\t\t<\/section>\n\t\t\t\t<section class=\"elementor-section elementor-top-section elementor-element elementor-element-cefced3 elementor-section-boxed elementor-section-height-default elementor-section-height-default\" data-id=\"cefced3\" data-element_type=\"section\" data-e-type=\"section\">\n\t\t\t\t\t\t<div class=\"elementor-container elementor-column-gap-default\">\n\t\t\t\t\t<div class=\"elementor-column elementor-col-100 elementor-top-column elementor-element elementor-element-6424c6f\" data-id=\"6424c6f\" data-element_type=\"column\" data-e-type=\"column\">\n\t\t\t<div class=\"elementor-widget-wrap elementor-element-populated\">\n\t\t\t\t\t\t<div class=\"elementor-element elementor-element-08bd4d0 elementor-widget elementor-widget-video\" data-id=\"08bd4d0\" data-element_type=\"widget\" data-e-type=\"widget\" data-settings=\"{&quot;video_type&quot;:&quot;hosted&quot;,&quot;controls&quot;:&quot;yes&quot;}\" data-widget_type=\"video.default\">\n\t\t\t\t<div class=\"elementor-widget-container\">\n\t\t\t\t\t\t\t<div class=\"e-hosted-video elementor-wrapper elementor-open-inline\">\n\t\t\t\t\t<video class=\"elementor-video\" src=\"https:\/\/balmert.com\/wp-content\/uploads\/2025\/04\/Whats-the-Deal-with-Execution-1.mp3\" controls=\"\" preload=\"metadata\" controlslist=\"nodownload\" poster=\"https:\/\/balmert.com\/wp-content\/uploads\/2024\/10\/2-bigstock-Crowd-3830490.jpg\"><\/video>\n\t\t\t\t<\/div>\n\t\t\t\t\t\t<\/div>\n\t\t\t\t<\/div>\n\t\t\t\t<div class=\"elementor-element elementor-element-92b1843 elementor-widget elementor-widget-spacer\" data-id=\"92b1843\" data-element_type=\"widget\" data-e-type=\"widget\" data-widget_type=\"spacer.default\">\n\t\t\t\t<div class=\"elementor-widget-container\">\n\t\t\t\t\t\t\t<div class=\"elementor-spacer\">\n\t\t\t<div class=\"elementor-spacer-inner\"><\/div>\n\t\t<\/div>\n\t\t\t\t\t\t<\/div>\n\t\t\t\t<\/div>\n\t\t\t\t\t<\/div>\n\t\t<\/div>\n\t\t\t\t\t<\/div>\n\t\t<\/section>\n\t\t\t\t<\/div>","protected":false},"excerpt":{"rendered":"<p>What&#8217;s The Deal With Execution? Excellence In Execution and Safety Leadership In this month\u2019s podcast, \u201cWhat&#8217;s the Deal with Execution?\u201d Paul is joined by Luis Batiz, Van Long, and Gary Rivenes to explore execution. What exactly is execution, how does it fit into the management process, and why is it so important? Along the way [&hellip;]<\/p>\n","protected":false},"author":1,"featured_media":0,"parent":0,"menu_order":0,"comment_status":"closed","ping_status":"closed","template":"","meta":{"site-sidebar-layout":"no-sidebar","site-content-layout":"page-builder","ast-site-content-layout":"full-width-container","site-content-style":"default","site-sidebar-style":"default","ast-global-header-display":"","ast-banner-title-visibility":"","ast-main-header-display":"","ast-hfb-above-header-display":"","ast-hfb-below-header-display":"","ast-hfb-mobile-header-display":"","site-post-title":"disabled","ast-breadcrumbs-content":"","ast-featured-img":"disabled","footer-sml-layout":"","ast-disable-related-posts":"","theme-transparent-header-meta":"","adv-header-id-meta":"","stick-header-meta":"","header-above-stick-meta":"","header-main-stick-meta":"","header-below-stick-meta":"","astra-migrate-meta-layouts":"default","ast-page-background-enabled":"default","ast-page-background-meta":{"desktop":{"background-color":"","background-image":"","background-repeat":"repeat","background-position":"center center","background-size":"auto","background-attachment":"scroll","background-type":"","background-media":"","overlay-type":"","overlay-color":"","overlay-opacity":"","overlay-gradient":""},"tablet":{"background-color":"","background-image":"","background-repeat":"repeat","background-position":"center center","background-size":"auto","background-attachment":"scroll","background-type":"","background-media":"","overlay-type":"","overlay-color":"","overlay-opacity":"","overlay-gradient":""},"mobile":{"background-color":"","background-image":"","background-repeat":"repeat","background-position":"center center","background-size":"auto","background-attachment":"scroll","background-type":"","background-media":"","overlay-type":"","overlay-color":"","overlay-opacity":"","overlay-gradient":""}},"ast-content-background-meta":{"desktop":{"background-color":"var(--ast-global-color-5)","background-image":"","background-repeat":"repeat","background-position":"center center","background-size":"auto","background-attachment":"scroll","background-type":"","background-media":"","overlay-type":"","overlay-color":"","overlay-opacity":"","overlay-gradient":""},"tablet":{"background-color":"var(--ast-global-color-5)","background-image":"","background-repeat":"repeat","background-position":"center center","background-size":"auto","background-attachment":"scroll","background-type":"","background-media":"","overlay-type":"","overlay-color":"","overlay-opacity":"","overlay-gradient":""},"mobile":{"background-color":"var(--ast-global-color-5)","background-image":"","background-repeat":"repeat","background-position":"center center","background-size":"auto","background-attachment":"scroll","background-type":"","background-media":"","overlay-type":"","overlay-color":"","overlay-opacity":"","overlay-gradient":""}},"episode_type":"","audio_file":"","podmotor_file_id":"","podmotor_episode_id":"","cover_image":"","cover_image_id":"","duration":"","filesize":"","filesize_raw":"","date_recorded":"","explicit":"","block":"","itunes_episode_number":"","itunes_title":"","itunes_season_number":"","itunes_episode_type":"","jetpack_post_was_ever_published":false,"footnotes":""},"class_list":["post-4425","page","type-page","status-publish","hentry"],"yoast_head":"<!-- This site is optimized with the Yoast SEO plugin v27.3 - https:\/\/yoast.com\/product\/yoast-seo-wordpress\/ -->\n<title>What&#039;s The Deal With Execution? - Balmert Consulting<\/title>\n<meta name=\"robots\" content=\"index, follow, max-snippet:-1, max-image-preview:large, max-video-preview:-1\" \/>\n<link rel=\"canonical\" href=\"https:\/\/balmert.com\/es\/whats-the-deal-with-execution-2\/\" \/>\n<meta property=\"og:locale\" content=\"es_MX\" \/>\n<meta property=\"og:type\" content=\"article\" \/>\n<meta property=\"og:title\" content=\"What&#039;s The Deal With Execution? - Balmert Consulting\" \/>\n<meta property=\"og:description\" content=\"What&#8217;s The Deal With Execution? Excellence In Execution and Safety Leadership In this month\u2019s podcast, \u201cWhat&#8217;s the Deal with Execution?\u201d Paul is joined by Luis Batiz, Van Long, and Gary Rivenes to explore execution. What exactly is execution, how does it fit into the management process, and why is it so important? Along the way [&hellip;]\" \/>\n<meta property=\"og:url\" content=\"https:\/\/balmert.com\/es\/whats-the-deal-with-execution-2\/\" \/>\n<meta property=\"og:site_name\" content=\"Balmert Consulting\" \/>\n<meta property=\"article:publisher\" content=\"https:\/\/www.facebook.com\/BalmertConsulting\/\" \/>\n<meta property=\"article:modified_time\" content=\"2025-04-29T19:46:16+00:00\" \/>\n<meta name=\"twitter:card\" content=\"summary_large_image\" \/>\n<meta name=\"twitter:label1\" content=\"Tiempo de lectura\" \/>\n\t<meta name=\"twitter:data1\" content=\"1 minuto\" \/>\n<script type=\"application\/ld+json\" class=\"yoast-schema-graph\">{\"@context\":\"https:\\\/\\\/schema.org\",\"@graph\":[{\"@type\":\"WebPage\",\"@id\":\"https:\\\/\\\/balmert.com\\\/whats-the-deal-with-execution-2\\\/\",\"url\":\"https:\\\/\\\/balmert.com\\\/whats-the-deal-with-execution-2\\\/\",\"name\":\"What's The Deal With Execution? - Balmert Consulting\",\"isPartOf\":{\"@id\":\"https:\\\/\\\/balmert.com\\\/#website\"},\"datePublished\":\"2025-04-29T19:02:19+00:00\",\"dateModified\":\"2025-04-29T19:46:16+00:00\",\"breadcrumb\":{\"@id\":\"https:\\\/\\\/balmert.com\\\/whats-the-deal-with-execution-2\\\/#breadcrumb\"},\"inLanguage\":\"es\",\"potentialAction\":[{\"@type\":\"ReadAction\",\"target\":[\"https:\\\/\\\/balmert.com\\\/whats-the-deal-with-execution-2\\\/\"]}]},{\"@type\":\"BreadcrumbList\",\"@id\":\"https:\\\/\\\/balmert.com\\\/whats-the-deal-with-execution-2\\\/#breadcrumb\",\"itemListElement\":[{\"@type\":\"ListItem\",\"position\":1,\"name\":\"Home\",\"item\":\"https:\\\/\\\/balmert.com\\\/\"},{\"@type\":\"ListItem\",\"position\":2,\"name\":\"What&#8217;s The Deal With Execution?\"}]},{\"@type\":\"WebSite\",\"@id\":\"https:\\\/\\\/balmert.com\\\/#website\",\"url\":\"https:\\\/\\\/balmert.com\\\/\",\"name\":\"Balmert Consulting\",\"description\":\"Most of our clients have tough safety, leadership and\\\/or execution challenges that keep them up at night. They trust us to help them solve those problems.\",\"publisher\":{\"@id\":\"https:\\\/\\\/balmert.com\\\/#organization\"},\"potentialAction\":[{\"@type\":\"SearchAction\",\"target\":{\"@type\":\"EntryPoint\",\"urlTemplate\":\"https:\\\/\\\/balmert.com\\\/?s={search_term_string}\"},\"query-input\":{\"@type\":\"PropertyValueSpecification\",\"valueRequired\":true,\"valueName\":\"search_term_string\"}}],\"inLanguage\":\"es\"},{\"@type\":\"Organization\",\"@id\":\"https:\\\/\\\/balmert.com\\\/#organization\",\"name\":\"Balmert Consulting\",\"url\":\"https:\\\/\\\/balmert.com\\\/\",\"logo\":{\"@type\":\"ImageObject\",\"inLanguage\":\"es\",\"@id\":\"https:\\\/\\\/balmert.com\\\/#\\\/schema\\\/logo\\\/image\\\/\",\"url\":\"https:\\\/\\\/i0.wp.com\\\/balmert.com\\\/wp-content\\\/uploads\\\/2018\\\/10\\\/skeets.png?fit=206%2C258&ssl=1\",\"contentUrl\":\"https:\\\/\\\/i0.wp.com\\\/balmert.com\\\/wp-content\\\/uploads\\\/2018\\\/10\\\/skeets.png?fit=206%2C258&ssl=1\",\"width\":\"206\",\"height\":\"258\",\"caption\":\"Balmert Consulting\"},\"image\":{\"@id\":\"https:\\\/\\\/balmert.com\\\/#\\\/schema\\\/logo\\\/image\\\/\"},\"sameAs\":[\"https:\\\/\\\/www.facebook.com\\\/BalmertConsulting\\\/\",\"https:\\\/\\\/www.linkedin.com\\\/company\\\/balmert-consulting\\\/about\\\/\"]}]}<\/script>\n<!-- \/ Yoast SEO plugin. -->","yoast_head_json":{"title":"What's The Deal With Execution? - Balmert Consulting","robots":{"index":"index","follow":"follow","max-snippet":"max-snippet:-1","max-image-preview":"max-image-preview:large","max-video-preview":"max-video-preview:-1"},"canonical":"https:\/\/balmert.com\/es\/whats-the-deal-with-execution-2\/","og_locale":"es_MX","og_type":"article","og_title":"What's The Deal With Execution? - Balmert Consulting","og_description":"What&#8217;s The Deal With Execution? Excellence In Execution and Safety Leadership In this month\u2019s podcast, \u201cWhat&#8217;s the Deal with Execution?\u201d Paul is joined by Luis Batiz, Van Long, and Gary Rivenes to explore execution. What exactly is execution, how does it fit into the management process, and why is it so important? Along the way [&hellip;]","og_url":"https:\/\/balmert.com\/es\/whats-the-deal-with-execution-2\/","og_site_name":"Balmert Consulting","article_publisher":"https:\/\/www.facebook.com\/BalmertConsulting\/","article_modified_time":"2025-04-29T19:46:16+00:00","twitter_card":"summary_large_image","twitter_misc":{"Tiempo de lectura":"1 minuto"},"schema":{"@context":"https:\/\/schema.org","@graph":[{"@type":"WebPage","@id":"https:\/\/balmert.com\/whats-the-deal-with-execution-2\/","url":"https:\/\/balmert.com\/whats-the-deal-with-execution-2\/","name":"What's The Deal With Execution? - Balmert Consulting","isPartOf":{"@id":"https:\/\/balmert.com\/#website"},"datePublished":"2025-04-29T19:02:19+00:00","dateModified":"2025-04-29T19:46:16+00:00","breadcrumb":{"@id":"https:\/\/balmert.com\/whats-the-deal-with-execution-2\/#breadcrumb"},"inLanguage":"es","potentialAction":[{"@type":"ReadAction","target":["https:\/\/balmert.com\/whats-the-deal-with-execution-2\/"]}]},{"@type":"BreadcrumbList","@id":"https:\/\/balmert.com\/whats-the-deal-with-execution-2\/#breadcrumb","itemListElement":[{"@type":"ListItem","position":1,"name":"Home","item":"https:\/\/balmert.com\/"},{"@type":"ListItem","position":2,"name":"What&#8217;s The Deal With Execution?"}]},{"@type":"WebSite","@id":"https:\/\/balmert.com\/#website","url":"https:\/\/balmert.com\/","name":"Balmert Consulting","description":"La mayor\u00eda de nuestros clientes tienen desaf\u00edos dif\u00edciles de seguridad, liderazgo y \/ o ejecuci\u00f3n que los mantienen despiertos por la noche. Conf\u00edan en nosotros para ayudarlos a resolver esos problemas.","publisher":{"@id":"https:\/\/balmert.com\/#organization"},"potentialAction":[{"@type":"SearchAction","target":{"@type":"EntryPoint","urlTemplate":"https:\/\/balmert.com\/?s={search_term_string}"},"query-input":{"@type":"PropertyValueSpecification","valueRequired":true,"valueName":"search_term_string"}}],"inLanguage":"es"},{"@type":"Organization","@id":"https:\/\/balmert.com\/#organization","name":"Balmert Consulting","url":"https:\/\/balmert.com\/","logo":{"@type":"ImageObject","inLanguage":"es","@id":"https:\/\/balmert.com\/#\/schema\/logo\/image\/","url":"https:\/\/i0.wp.com\/balmert.com\/wp-content\/uploads\/2018\/10\/skeets.png?fit=206%2C258&ssl=1","contentUrl":"https:\/\/i0.wp.com\/balmert.com\/wp-content\/uploads\/2018\/10\/skeets.png?fit=206%2C258&ssl=1","width":"206","height":"258","caption":"Balmert Consulting"},"image":{"@id":"https:\/\/balmert.com\/#\/schema\/logo\/image\/"},"sameAs":["https:\/\/www.facebook.com\/BalmertConsulting\/","https:\/\/www.linkedin.com\/company\/balmert-consulting\/about\/"]}]}},"jetpack_sharing_enabled":true,"jetpack_shortlink":"https:\/\/wp.me\/PaokrT-19n","jetpack_likes_enabled":false,"amp_enabled":true,"_links":{"self":[{"href":"https:\/\/balmert.com\/es\/wp-json\/wp\/v2\/pages\/4425","targetHints":{"allow":["GET"]}}],"collection":[{"href":"https:\/\/balmert.com\/es\/wp-json\/wp\/v2\/pages"}],"about":[{"href":"https:\/\/balmert.com\/es\/wp-json\/wp\/v2\/types\/page"}],"author":[{"embeddable":true,"href":"https:\/\/balmert.com\/es\/wp-json\/wp\/v2\/users\/1"}],"replies":[{"embeddable":true,"href":"https:\/\/balmert.com\/es\/wp-json\/wp\/v2\/comments?post=4425"}],"version-history":[{"count":14,"href":"https:\/\/balmert.com\/es\/wp-json\/wp\/v2\/pages\/4425\/revisions"}],"predecessor-version":[{"id":4443,"href":"https:\/\/balmert.com\/es\/wp-json\/wp\/v2\/pages\/4425\/revisions\/4443"}],"wp:attachment":[{"href":"https:\/\/balmert.com\/es\/wp-json\/wp\/v2\/media?parent=4425"}],"curies":[{"name":"gracias","href":"https:\/\/api.w.org\/{rel}","templated":true}]}}