{"id":3621,"date":"2023-04-11T13:17:14","date_gmt":"2023-04-11T17:17:14","guid":{"rendered":"https:\/\/balmert.com\/?page_id=3621"},"modified":"2023-04-11T13:26:11","modified_gmt":"2023-04-11T17:26:11","slug":"os-desafios-mais-difiiceis-de-seguranca","status":"publish","type":"page","link":"https:\/\/balmert.com\/es\/os-desafios-mais-difiiceis-de-seguranca\/","title":{"rendered":"Os Desafios Mais Dif\u00ediceis de Seguran\u00e7a"},"content":{"rendered":"<div data-elementor-type=\"wp-page\" data-elementor-id=\"3621\" class=\"elementor elementor-3621\" data-elementor-post-type=\"page\">\n\t\t\t\t\t\t<section class=\"elementor-section elementor-top-section elementor-element elementor-element-2bf6cf12 elementor-section-items-top elementor-section-height-min-height elementor-section-full_width elementor-section-height-default\" data-id=\"2bf6cf12\" data-element_type=\"section\" data-e-type=\"section\" data-settings=\"{&quot;background_background&quot;:&quot;classic&quot;}\">\n\t\t\t\t\t\t\t<div class=\"elementor-background-overlay\"><\/div>\n\t\t\t\t\t\t\t<div class=\"elementor-container elementor-column-gap-default\">\n\t\t\t\t\t<div class=\"elementor-column elementor-col-100 elementor-top-column elementor-element elementor-element-3f2911f1\" data-id=\"3f2911f1\" data-element_type=\"column\" data-e-type=\"column\">\n\t\t\t<div class=\"elementor-widget-wrap elementor-element-populated\">\n\t\t\t\t\t\t<div class=\"elementor-element elementor-element-43fd0373 elementor-widget elementor-widget-heading\" data-id=\"43fd0373\" data-element_type=\"widget\" data-e-type=\"widget\" data-widget_type=\"heading.default\">\n\t\t\t\t<div class=\"elementor-widget-container\">\n\t\t\t\t\t<h1 class=\"elementor-heading-title elementor-size-large\"><br>Desaf\u00edos de seguran\u00e7a dif\u00edceis\n<\/h1>\t\t\t\t<\/div>\n\t\t\t\t<\/div>\n\t\t\t\t\t<\/div>\n\t\t<\/div>\n\t\t\t\t\t<\/div>\n\t\t<\/section>\n\t\t\t\t<section class=\"elementor-section elementor-top-section elementor-element elementor-element-153de169 elementor-section-boxed elementor-section-height-default elementor-section-height-default\" data-id=\"153de169\" data-element_type=\"section\" data-e-type=\"section\">\n\t\t\t\t\t\t<div class=\"elementor-container elementor-column-gap-no\">\n\t\t\t\t\t<div class=\"elementor-column elementor-col-100 elementor-top-column elementor-element elementor-element-570a542e\" data-id=\"570a542e\" data-element_type=\"column\" data-e-type=\"column\">\n\t\t\t<div class=\"elementor-widget-wrap elementor-element-populated\">\n\t\t\t\t\t\t<div class=\"elementor-element elementor-element-40602f29 elementor-widget elementor-widget-heading\" data-id=\"40602f29\" data-element_type=\"widget\" data-e-type=\"widget\" data-widget_type=\"heading.default\">\n\t\t\t\t<div class=\"elementor-widget-container\">\n\t\t\t\t\t<h3 class=\"elementor-heading-title elementor-size-large\"><span style=\"white-space: normal\">Desaf\u00edos de seguran\u00e7a dif\u00edceis<\/span><\/h3>\t\t\t\t<\/div>\n\t\t\t\t<\/div>\n\t\t\t\t<div class=\"elementor-element elementor-element-78a6d288 elementor-widget elementor-widget-text-editor\" data-id=\"78a6d288\" data-element_type=\"widget\" data-e-type=\"widget\" data-widget_type=\"text-editor.default\">\n\t\t\t\t<div class=\"elementor-widget-container\">\n\t\t\t\t\t\t\t\t\t<p>Por vinte a\u00f1os, tenemos feito a pergunta \u201cquais s\u00e3o seus desafios de seguran\u00e7a mais dif\u00edceis\u201d para os l\u00edderes, literalmente em todo o mundo. Para una amplia lista de l\u00edderes industriales en clientes grandes y peque\u00f1os. Em sites que s\u00e3o os mais seguros do world and alguns que est\u00e3o trazendo a parte de tr\u00e1s do pacote. Aos CEOs e miembros do Conselho, miembros dos Comit\u00eas de Seguran\u00e7a y delegados sindicales.<\/p><p>M\u00e1s significativamente, fizemos essa pergunta a um enorme contingente de supervisores da linha de frente: os respons\u00e1veis diretos pela seguran\u00e7a daqueles com maior probabilidade de se machucar no trabalho da empresa.<\/p><p>Suas respostas, em ordem alfab\u00e9tica, come\u00e7ando com os A&#039;s: Atitude. Conhecimento. Comportamiento. Compra em. Uma s\u00e9rie de desafios que come\u00e7am com a letra C: Cumplimiento, Complacencia, Comunicaci\u00f3n, Cambio, Cultura.<\/p><p>Distracciones. Ambiente. Equipamento. Foco. Fazer com que as pessoas\u2026 sigam as regras quando o l\u00edder n\u00e3o estiver presente. Tamb\u00e9m conhecido como Integridade. Conseguir que as pessoas relatedm quase-acidentes e que digam a true em uma investiga\u00e7\u00e3o sobre algo que deu errado.<\/p><p>Todo o caminho at\u00e9 Z: Zero: Com todos esses desafios, como no mundo realmente atingimos o zero?<\/p><p>\u00bfSoa familiar?<\/p><p>Nesta edici\u00f3n, Newton discute nossa abordagem para ayudar a sus l\u00edderes a responder mejor a la lista dif\u00edcil de desaf\u00edos que enfrentan todos los d\u00edas.<\/p>\t\t\t\t\t\t\t\t<\/div>\n\t\t\t\t<\/div>\n\t\t\t\t<div class=\"elementor-element elementor-element-5c952474 elementor-widget elementor-widget-video\" data-id=\"5c952474\" data-element_type=\"widget\" data-e-type=\"widget\" data-settings=\"{&quot;video_type&quot;:&quot;hosted&quot;,&quot;controls&quot;:&quot;yes&quot;}\" data-widget_type=\"video.default\">\n\t\t\t\t<div class=\"elementor-widget-container\">\n\t\t\t\t\t\t\t<div class=\"e-hosted-video elementor-wrapper elementor-open-inline\">\n\t\t\t\t\t<video class=\"elementor-video\" src=\"https:\/\/videos.files.wordpress.com\/51Nc9676\/os-desafios-mais-difiiceis-de-seguranca.mp4\" controls=\"\" preload=\"metadata\" controlslist=\"nodownload\" poster=\"https:\/\/balmert.com\/wp-content\/uploads\/2023\/04\/Tough-Safety-Challenges.png\"><\/video>\n\t\t\t\t<\/div>\n\t\t\t\t\t\t<\/div>\n\t\t\t\t<\/div>\n\t\t\t\t\t<\/div>\n\t\t<\/div>\n\t\t\t\t\t<\/div>\n\t\t<\/section>\n\t\t\t\t<section class=\"elementor-section elementor-top-section elementor-element elementor-element-63a2698a elementor-section-boxed elementor-section-height-default elementor-section-height-default\" data-id=\"63a2698a\" data-element_type=\"section\" data-e-type=\"section\">\n\t\t\t\t\t\t<div class=\"elementor-container elementor-column-gap-default\">\n\t\t\t\t\t<div class=\"elementor-column elementor-col-100 elementor-top-column elementor-element elementor-element-48425c01\" data-id=\"48425c01\" data-element_type=\"column\" data-e-type=\"column\">\n\t\t\t<div class=\"elementor-widget-wrap\">\n\t\t\t\t\t\t\t<\/div>\n\t\t<\/div>\n\t\t\t\t\t<\/div>\n\t\t<\/section>\n\t\t\t\t<section class=\"elementor-section elementor-top-section elementor-element elementor-element-4fb442d1 elementor-section-boxed elementor-section-height-default elementor-section-height-default\" data-id=\"4fb442d1\" data-element_type=\"section\" data-e-type=\"section\" data-settings=\"{&quot;background_background&quot;:&quot;classic&quot;}\">\n\t\t\t\t\t\t\t<div class=\"elementor-background-overlay\"><\/div>\n\t\t\t\t\t\t\t<div class=\"elementor-container elementor-column-gap-default\">\n\t\t\t\t\t<div class=\"elementor-column elementor-col-100 elementor-top-column elementor-element elementor-element-12f4fb96\" data-id=\"12f4fb96\" data-element_type=\"column\" data-e-type=\"column\">\n\t\t\t<div class=\"elementor-widget-wrap elementor-element-populated\">\n\t\t\t\t\t\t<div class=\"elementor-element elementor-element-1cd50a3a elementor-widget elementor-widget-heading\" data-id=\"1cd50a3a\" data-element_type=\"widget\" data-e-type=\"widget\" data-widget_type=\"heading.default\">\n\t\t\t\t<div class=\"elementor-widget-container\">\n\t\t\t\t\t<h2 class=\"elementor-heading-title elementor-size-large\"><span class=\"elementor-heading-title elementor-size-large\" style=\"font-style: normal;clear: both;line-height: 1.3;white-space: normal\">DESCUBRA M\u00c1S<\/span><\/h2>\t\t\t\t<\/div>\n\t\t\t\t<\/div>\n\t\t\t\t<div class=\"elementor-element elementor-element-6c5a6077 elementor-widget elementor-widget-heading\" data-id=\"6c5a6077\" data-element_type=\"widget\" data-e-type=\"widget\" data-widget_type=\"heading.default\">\n\t\t\t\t<div class=\"elementor-widget-container\">\n\t\t\t\t\t<p class=\"elementor-heading-title elementor-size-medium\">Entre en contacto conosco para obtener una copia gratuita de nuestra Gu\u00eda de Investimento em Treinamento<\/p>\t\t\t\t<\/div>\n\t\t\t\t<\/div>\n\t\t\t\t<div class=\"elementor-element elementor-element-5aa30847 elementor-widget elementor-widget-button\" data-id=\"5aa30847\" data-element_type=\"widget\" data-e-type=\"widget\" data-widget_type=\"button.default\">\n\t\t\t\t<div class=\"elementor-widget-container\">\n\t\t\t\t\t\t\t\t\t<div class=\"elementor-button-wrapper\">\n\t\t\t\t\t<a class=\"elementor-button elementor-button-link elementor-size-md\" href=\"\">\n\t\t\t\t\t\t<span class=\"elementor-button-content-wrapper\">\n\t\t\t\t\t\t\t\t\t<span class=\"elementor-button-text\">Contacto<\/span>\n\t\t\t\t\t<\/span>\n\t\t\t\t\t<\/a>\n\t\t\t\t<\/div>\n\t\t\t\t\t\t\t\t<\/div>\n\t\t\t\t<\/div>\n\t\t\t\t\t<\/div>\n\t\t<\/div>\n\t\t\t\t\t<\/div>\n\t\t<\/section>\n\t\t\t\t<\/div>","protected":false},"excerpt":{"rendered":"<p>Desafios de seguran\u00e7a dif\u00edceis Desafios de seguran\u00e7a dif\u00edceis Por vinte anos, temos feito a pergunta \u201cquais s\u00e3o seus desafios de seguran\u00e7a mais dif\u00edceis\u201d para os l\u00edderes, literalmente em todo o mundo. Para uma ampla faixa de l\u00edderes industriais em clientes grandes e pequenos. Em sites que s\u00e3o os mais seguros do mundo e alguns que [&hellip;]<\/p>\n","protected":false},"author":1,"featured_media":0,"parent":0,"menu_order":0,"comment_status":"closed","ping_status":"closed","template":"","meta":{"site-sidebar-layout":"no-sidebar","site-content-layout":"page-builder","ast-site-content-layout":"default","site-content-style":"default","site-sidebar-style":"default","ast-global-header-display":"","ast-banner-title-visibility":"","ast-main-header-display":"","ast-hfb-above-header-display":"","ast-hfb-below-header-display":"","ast-hfb-mobile-header-display":"","site-post-title":"disabled","ast-breadcrumbs-content":"","ast-featured-img":"disabled","footer-sml-layout":"","ast-disable-related-posts":"","theme-transparent-header-meta":"","adv-header-id-meta":"","stick-header-meta":"","header-above-stick-meta":"","header-main-stick-meta":"","header-below-stick-meta":"","astra-migrate-meta-layouts":"default","ast-page-background-enabled":"default","ast-page-background-meta":{"desktop":{"background-color":"","background-image":"","background-repeat":"repeat","background-position":"center center","background-size":"auto","background-attachment":"scroll","background-type":"","background-media":"","overlay-type":"","overlay-color":"","overlay-opacity":"","overlay-gradient":""},"tablet":{"background-color":"","background-image":"","background-repeat":"repeat","background-position":"center center","background-size":"auto","background-attachment":"scroll","background-type":"","background-media":"","overlay-type":"","overlay-color":"","overlay-opacity":"","overlay-gradient":""},"mobile":{"background-color":"","background-image":"","background-repeat":"repeat","background-position":"center center","background-size":"auto","background-attachment":"scroll","background-type":"","background-media":"","overlay-type":"","overlay-color":"","overlay-opacity":"","overlay-gradient":""}},"ast-content-background-meta":{"desktop":{"background-color":"var(--ast-global-color-5)","background-image":"","background-repeat":"repeat","background-position":"center center","background-size":"auto","background-attachment":"scroll","background-type":"","background-media":"","overlay-type":"","overlay-color":"","overlay-opacity":"","overlay-gradient":""},"tablet":{"background-color":"var(--ast-global-color-5)","background-image":"","background-repeat":"repeat","background-position":"center center","background-size":"auto","background-attachment":"scroll","background-type":"","background-media":"","overlay-type":"","overlay-color":"","overlay-opacity":"","overlay-gradient":""},"mobile":{"background-color":"var(--ast-global-color-5)","background-image":"","background-repeat":"repeat","background-position":"center center","background-size":"auto","background-attachment":"scroll","background-type":"","background-media":"","overlay-type":"","overlay-color":"","overlay-opacity":"","overlay-gradient":""}},"episode_type":"","audio_file":"","podmotor_file_id":"","podmotor_episode_id":"","cover_image":"","cover_image_id":"","duration":"","filesize":"","filesize_raw":"","date_recorded":"","explicit":"","block":"","itunes_episode_number":"","itunes_title":"","itunes_season_number":"","itunes_episode_type":"","jetpack_post_was_ever_published":false,"footnotes":""},"class_list":["post-3621","page","type-page","status-publish","hentry"],"yoast_head":"<!-- This site is optimized with the Yoast SEO plugin v27.3 - https:\/\/yoast.com\/product\/yoast-seo-wordpress\/ -->\n<title>Os Desafios Mais Dif\u00ediceis de Seguran\u00e7a - Balmert Consulting<\/title>\n<meta name=\"robots\" content=\"index, follow, max-snippet:-1, max-image-preview:large, max-video-preview:-1\" \/>\n<link rel=\"canonical\" href=\"https:\/\/balmert.com\/es\/os-desafios-mais-difiiceis-de-seguranca\/\" \/>\n<meta property=\"og:locale\" content=\"es_MX\" \/>\n<meta property=\"og:type\" content=\"article\" \/>\n<meta property=\"og:title\" content=\"Os Desafios Mais Dif\u00ediceis de Seguran\u00e7a - Balmert Consulting\" \/>\n<meta property=\"og:description\" content=\"Desafios de seguran\u00e7a dif\u00edceis Desafios de seguran\u00e7a dif\u00edceis Por vinte anos, temos feito a pergunta \u201cquais s\u00e3o seus desafios de seguran\u00e7a mais dif\u00edceis\u201d para os l\u00edderes, literalmente em todo o mundo. Para uma ampla faixa de l\u00edderes industriais em clientes grandes e pequenos. Em sites que s\u00e3o os mais seguros do mundo e alguns que [&hellip;]\" \/>\n<meta property=\"og:url\" content=\"https:\/\/balmert.com\/es\/os-desafios-mais-difiiceis-de-seguranca\/\" \/>\n<meta property=\"og:site_name\" content=\"Balmert Consulting\" \/>\n<meta property=\"article:publisher\" content=\"https:\/\/www.facebook.com\/BalmertConsulting\/\" \/>\n<meta property=\"article:modified_time\" content=\"2023-04-11T17:26:11+00:00\" \/>\n<meta name=\"twitter:card\" content=\"summary_large_image\" \/>\n<meta name=\"twitter:label1\" content=\"Tiempo de lectura\" \/>\n\t<meta name=\"twitter:data1\" content=\"2 minutos\" \/>\n<script type=\"application\/ld+json\" class=\"yoast-schema-graph\">{\"@context\":\"https:\\\/\\\/schema.org\",\"@graph\":[{\"@type\":\"WebPage\",\"@id\":\"https:\\\/\\\/balmert.com\\\/os-desafios-mais-difiiceis-de-seguranca\\\/\",\"url\":\"https:\\\/\\\/balmert.com\\\/os-desafios-mais-difiiceis-de-seguranca\\\/\",\"name\":\"Os Desafios Mais Dif\u00ediceis de Seguran\u00e7a - Balmert Consulting\",\"isPartOf\":{\"@id\":\"https:\\\/\\\/balmert.com\\\/#website\"},\"datePublished\":\"2023-04-11T17:17:14+00:00\",\"dateModified\":\"2023-04-11T17:26:11+00:00\",\"breadcrumb\":{\"@id\":\"https:\\\/\\\/balmert.com\\\/os-desafios-mais-difiiceis-de-seguranca\\\/#breadcrumb\"},\"inLanguage\":\"es\",\"potentialAction\":[{\"@type\":\"ReadAction\",\"target\":[\"https:\\\/\\\/balmert.com\\\/os-desafios-mais-difiiceis-de-seguranca\\\/\"]}]},{\"@type\":\"BreadcrumbList\",\"@id\":\"https:\\\/\\\/balmert.com\\\/os-desafios-mais-difiiceis-de-seguranca\\\/#breadcrumb\",\"itemListElement\":[{\"@type\":\"ListItem\",\"position\":1,\"name\":\"Home\",\"item\":\"https:\\\/\\\/balmert.com\\\/\"},{\"@type\":\"ListItem\",\"position\":2,\"name\":\"Os Desafios Mais Dif\u00ediceis de Seguran\u00e7a\"}]},{\"@type\":\"WebSite\",\"@id\":\"https:\\\/\\\/balmert.com\\\/#website\",\"url\":\"https:\\\/\\\/balmert.com\\\/\",\"name\":\"Balmert Consulting\",\"description\":\"Most of our clients have tough safety, leadership and\\\/or execution challenges that keep them up at night. They trust us to help them solve those problems.\",\"publisher\":{\"@id\":\"https:\\\/\\\/balmert.com\\\/#organization\"},\"potentialAction\":[{\"@type\":\"SearchAction\",\"target\":{\"@type\":\"EntryPoint\",\"urlTemplate\":\"https:\\\/\\\/balmert.com\\\/?s={search_term_string}\"},\"query-input\":{\"@type\":\"PropertyValueSpecification\",\"valueRequired\":true,\"valueName\":\"search_term_string\"}}],\"inLanguage\":\"es\"},{\"@type\":\"Organization\",\"@id\":\"https:\\\/\\\/balmert.com\\\/#organization\",\"name\":\"Balmert Consulting\",\"url\":\"https:\\\/\\\/balmert.com\\\/\",\"logo\":{\"@type\":\"ImageObject\",\"inLanguage\":\"es\",\"@id\":\"https:\\\/\\\/balmert.com\\\/#\\\/schema\\\/logo\\\/image\\\/\",\"url\":\"https:\\\/\\\/i0.wp.com\\\/balmert.com\\\/wp-content\\\/uploads\\\/2018\\\/10\\\/skeets.png?fit=206%2C258&ssl=1\",\"contentUrl\":\"https:\\\/\\\/i0.wp.com\\\/balmert.com\\\/wp-content\\\/uploads\\\/2018\\\/10\\\/skeets.png?fit=206%2C258&ssl=1\",\"width\":\"206\",\"height\":\"258\",\"caption\":\"Balmert Consulting\"},\"image\":{\"@id\":\"https:\\\/\\\/balmert.com\\\/#\\\/schema\\\/logo\\\/image\\\/\"},\"sameAs\":[\"https:\\\/\\\/www.facebook.com\\\/BalmertConsulting\\\/\",\"https:\\\/\\\/www.linkedin.com\\\/company\\\/balmert-consulting\\\/about\\\/\"]}]}<\/script>\n<!-- \/ Yoast SEO plugin. -->","yoast_head_json":{"title":"Os Desafios Mais Dif\u00ediceis de Seguran\u00e7a - Balmert Consulting","robots":{"index":"index","follow":"follow","max-snippet":"max-snippet:-1","max-image-preview":"max-image-preview:large","max-video-preview":"max-video-preview:-1"},"canonical":"https:\/\/balmert.com\/es\/os-desafios-mais-difiiceis-de-seguranca\/","og_locale":"es_MX","og_type":"article","og_title":"Os Desafios Mais Dif\u00ediceis de Seguran\u00e7a - Balmert Consulting","og_description":"Desafios de seguran\u00e7a dif\u00edceis Desafios de seguran\u00e7a dif\u00edceis Por vinte anos, temos feito a pergunta \u201cquais s\u00e3o seus desafios de seguran\u00e7a mais dif\u00edceis\u201d para os l\u00edderes, literalmente em todo o mundo. Para uma ampla faixa de l\u00edderes industriais em clientes grandes e pequenos. Em sites que s\u00e3o os mais seguros do mundo e alguns que [&hellip;]","og_url":"https:\/\/balmert.com\/es\/os-desafios-mais-difiiceis-de-seguranca\/","og_site_name":"Balmert Consulting","article_publisher":"https:\/\/www.facebook.com\/BalmertConsulting\/","article_modified_time":"2023-04-11T17:26:11+00:00","twitter_card":"summary_large_image","twitter_misc":{"Tiempo de lectura":"2 minutos"},"schema":{"@context":"https:\/\/schema.org","@graph":[{"@type":"WebPage","@id":"https:\/\/balmert.com\/os-desafios-mais-difiiceis-de-seguranca\/","url":"https:\/\/balmert.com\/os-desafios-mais-difiiceis-de-seguranca\/","name":"Os Desafios Mais Dif\u00ediceis de Seguran\u00e7a - Balmert Consulting","isPartOf":{"@id":"https:\/\/balmert.com\/#website"},"datePublished":"2023-04-11T17:17:14+00:00","dateModified":"2023-04-11T17:26:11+00:00","breadcrumb":{"@id":"https:\/\/balmert.com\/os-desafios-mais-difiiceis-de-seguranca\/#breadcrumb"},"inLanguage":"es","potentialAction":[{"@type":"ReadAction","target":["https:\/\/balmert.com\/os-desafios-mais-difiiceis-de-seguranca\/"]}]},{"@type":"BreadcrumbList","@id":"https:\/\/balmert.com\/os-desafios-mais-difiiceis-de-seguranca\/#breadcrumb","itemListElement":[{"@type":"ListItem","position":1,"name":"Home","item":"https:\/\/balmert.com\/"},{"@type":"ListItem","position":2,"name":"Os Desafios Mais Dif\u00ediceis de Seguran\u00e7a"}]},{"@type":"WebSite","@id":"https:\/\/balmert.com\/#website","url":"https:\/\/balmert.com\/","name":"Balmert Consulting","description":"La mayor\u00eda de nuestros clientes tienen desaf\u00edos dif\u00edciles de seguridad, liderazgo y \/ o ejecuci\u00f3n que los mantienen despiertos por la noche. Conf\u00edan en nosotros para ayudarlos a resolver esos problemas.","publisher":{"@id":"https:\/\/balmert.com\/#organization"},"potentialAction":[{"@type":"SearchAction","target":{"@type":"EntryPoint","urlTemplate":"https:\/\/balmert.com\/?s={search_term_string}"},"query-input":{"@type":"PropertyValueSpecification","valueRequired":true,"valueName":"search_term_string"}}],"inLanguage":"es"},{"@type":"Organization","@id":"https:\/\/balmert.com\/#organization","name":"Balmert Consulting","url":"https:\/\/balmert.com\/","logo":{"@type":"ImageObject","inLanguage":"es","@id":"https:\/\/balmert.com\/#\/schema\/logo\/image\/","url":"https:\/\/i0.wp.com\/balmert.com\/wp-content\/uploads\/2018\/10\/skeets.png?fit=206%2C258&ssl=1","contentUrl":"https:\/\/i0.wp.com\/balmert.com\/wp-content\/uploads\/2018\/10\/skeets.png?fit=206%2C258&ssl=1","width":"206","height":"258","caption":"Balmert Consulting"},"image":{"@id":"https:\/\/balmert.com\/#\/schema\/logo\/image\/"},"sameAs":["https:\/\/www.facebook.com\/BalmertConsulting\/","https:\/\/www.linkedin.com\/company\/balmert-consulting\/about\/"]}]}},"jetpack_sharing_enabled":true,"jetpack_shortlink":"https:\/\/wp.me\/PaokrT-Wp","jetpack_likes_enabled":false,"amp_enabled":true,"_links":{"self":[{"href":"https:\/\/balmert.com\/es\/wp-json\/wp\/v2\/pages\/3621","targetHints":{"allow":["GET"]}}],"collection":[{"href":"https:\/\/balmert.com\/es\/wp-json\/wp\/v2\/pages"}],"about":[{"href":"https:\/\/balmert.com\/es\/wp-json\/wp\/v2\/types\/page"}],"author":[{"embeddable":true,"href":"https:\/\/balmert.com\/es\/wp-json\/wp\/v2\/users\/1"}],"replies":[{"embeddable":true,"href":"https:\/\/balmert.com\/es\/wp-json\/wp\/v2\/comments?post=3621"}],"version-history":[{"count":9,"href":"https:\/\/balmert.com\/es\/wp-json\/wp\/v2\/pages\/3621\/revisions"}],"predecessor-version":[{"id":3632,"href":"https:\/\/balmert.com\/es\/wp-json\/wp\/v2\/pages\/3621\/revisions\/3632"}],"wp:attachment":[{"href":"https:\/\/balmert.com\/es\/wp-json\/wp\/v2\/media?parent=3621"}],"curies":[{"name":"gracias","href":"https:\/\/api.w.org\/{rel}","templated":true}]}}