{"id":2582,"date":"2022-02-22T14:10:15","date_gmt":"2022-02-22T19:10:15","guid":{"rendered":"https:\/\/balmert.com\/?page_id=2582"},"modified":"2026-01-02T02:16:12","modified_gmt":"2026-01-02T07:16:12","slug":"organization-power","status":"publish","type":"page","link":"https:\/\/balmert.com\/es\/organization-power\/","title":{"rendered":"Poder de organizaci\u00f3n"},"content":{"rendered":"<div data-elementor-type=\"wp-page\" data-elementor-id=\"2582\" class=\"elementor elementor-2582\" data-elementor-post-type=\"page\">\n\t\t\t\t\t\t<section class=\"elementor-section elementor-top-section elementor-element elementor-element-6749464c elementor-section-height-min-height elementor-section-full_width elementor-section-height-default elementor-section-items-middle\" data-id=\"6749464c\" data-element_type=\"section\" data-e-type=\"section\" data-settings=\"{&quot;background_background&quot;:&quot;classic&quot;}\">\n\t\t\t\t\t\t\t<div class=\"elementor-background-overlay\"><\/div>\n\t\t\t\t\t\t\t<div class=\"elementor-container elementor-column-gap-default\">\n\t\t\t\t\t<div class=\"elementor-column elementor-col-100 elementor-top-column elementor-element elementor-element-551c0926\" data-id=\"551c0926\" data-element_type=\"column\" data-e-type=\"column\">\n\t\t\t<div class=\"elementor-widget-wrap elementor-element-populated\">\n\t\t\t\t\t\t<div class=\"elementor-element elementor-element-133817fb elementor-widget elementor-widget-heading\" data-id=\"133817fb\" data-element_type=\"widget\" data-e-type=\"widget\" data-widget_type=\"heading.default\">\n\t\t\t\t<div class=\"elementor-widget-container\">\n\t\t\t\t\t<h1 class=\"elementor-heading-title elementor-size-large\">Poder de organizaci\u00f3n<\/h1>\t\t\t\t<\/div>\n\t\t\t\t<\/div>\n\t\t\t\t\t<\/div>\n\t\t<\/div>\n\t\t\t\t\t<\/div>\n\t\t<\/section>\n\t\t\t\t<section class=\"elementor-section elementor-top-section elementor-element elementor-element-43927a55 elementor-section-boxed elementor-section-height-default elementor-section-height-default\" data-id=\"43927a55\" data-element_type=\"section\" data-e-type=\"section\">\n\t\t\t\t\t\t<div class=\"elementor-container elementor-column-gap-no\">\n\t\t\t\t\t<div class=\"elementor-column elementor-col-100 elementor-top-column elementor-element elementor-element-26ad7f74\" data-id=\"26ad7f74\" data-element_type=\"column\" data-e-type=\"column\">\n\t\t\t<div class=\"elementor-widget-wrap elementor-element-populated\">\n\t\t\t\t\t\t<div class=\"elementor-element elementor-element-31145f68 elementor-widget elementor-widget-heading\" data-id=\"31145f68\" data-element_type=\"widget\" data-e-type=\"widget\" data-widget_type=\"heading.default\">\n\t\t\t\t<div class=\"elementor-widget-container\">\n\t\t\t\t\t<h3 class=\"elementor-heading-title elementor-size-large\">Poder de Organizaci\u00f3n: \u00bfQui\u00e9n lo tiene? \u00bfCu\u00e1nto y por qu\u00e9?<\/h3>\t\t\t\t<\/div>\n\t\t\t\t<\/div>\n\t\t\t\t<div class=\"elementor-element elementor-element-49a03918 elementor-widget elementor-widget-text-editor\" data-id=\"49a03918\" data-element_type=\"widget\" data-e-type=\"widget\" data-widget_type=\"text-editor.default\">\n\t\t\t\t<div class=\"elementor-widget-container\">\n\t\t\t\t\t\t\t\t\t<p>En t\u00e9rminos de ejecuci\u00f3n en lo que respecta a cualquier iniciativa de seguridad, el poder organizativo es un concepto com\u00fanmente malinterpretado por muchos de nuestros clientes. En este video, Paul analiza algunas trampas muy comunes en el tema de la influencia y el control en relaci\u00f3n con el organigrama, y brinda algunas ideas importantes para ayudar a comprender mejor qui\u00e9n tiene qu\u00e9 y por qu\u00e9. Cuando se trata de cualquier iniciativa relacionada con la seguridad, comprender el control, la influencia y su organigrama es fundamental para garantizar que se pongan en juego los recursos correctos para obtener el nivel de ejecuci\u00f3n que desea.\u00a0<\/p>\t\t\t\t\t\t\t\t<\/div>\n\t\t\t\t<\/div>\n\t\t\t\t<div class=\"elementor-element elementor-element-3e6f637 elementor-widget elementor-widget-video\" data-id=\"3e6f637\" data-element_type=\"widget\" data-e-type=\"widget\" data-settings=\"{&quot;video_type&quot;:&quot;hosted&quot;,&quot;controls&quot;:&quot;yes&quot;}\" data-widget_type=\"video.default\">\n\t\t\t\t<div class=\"elementor-widget-container\">\n\t\t\t\t\t\t\t<div class=\"e-hosted-video elementor-wrapper elementor-open-inline\">\n\t\t\t\t\t<video class=\"elementor-video\" src=\"https:\/\/videos.files.wordpress.com\/iBPMZBn8\/organization-power-lbr.mp4\" controls=\"\" preload=\"metadata\" controlslist=\"nodownload\" poster=\"https:\/\/balmert.com\/wp-content\/uploads\/2022\/02\/Power-Title-Slide-GD.png\"><\/video>\n\t\t\t\t<\/div>\n\t\t\t\t\t\t<\/div>\n\t\t\t\t<\/div>\n\t\t\t\t<div class=\"elementor-element elementor-element-a34291c elementor-widget elementor-widget-spacer\" data-id=\"a34291c\" data-element_type=\"widget\" data-e-type=\"widget\" data-widget_type=\"spacer.default\">\n\t\t\t\t<div class=\"elementor-widget-container\">\n\t\t\t\t\t\t\t<div class=\"elementor-spacer\">\n\t\t\t<div class=\"elementor-spacer-inner\"><\/div>\n\t\t<\/div>\n\t\t\t\t\t\t<\/div>\n\t\t\t\t<\/div>\n\t\t\t\t\t<\/div>\n\t\t<\/div>\n\t\t\t\t\t<\/div>\n\t\t<\/section>\n\t\t\t\t<section class=\"elementor-section elementor-top-section elementor-element elementor-element-6e4e2866 elementor-section-boxed elementor-section-height-default elementor-section-height-default\" data-id=\"6e4e2866\" data-element_type=\"section\" data-e-type=\"section\">\n\t\t\t\t\t\t<div class=\"elementor-container elementor-column-gap-default\">\n\t\t\t\t\t<div class=\"elementor-column elementor-col-100 elementor-top-column elementor-element elementor-element-2f023696\" data-id=\"2f023696\" data-element_type=\"column\" data-e-type=\"column\">\n\t\t\t<div class=\"elementor-widget-wrap\">\n\t\t\t\t\t\t\t<\/div>\n\t\t<\/div>\n\t\t\t\t\t<\/div>\n\t\t<\/section>\n\t\t\t\t<section class=\"elementor-section elementor-top-section elementor-element elementor-element-551d789b elementor-section-boxed elementor-section-height-default elementor-section-height-default\" data-id=\"551d789b\" data-element_type=\"section\" data-e-type=\"section\" data-settings=\"{&quot;background_background&quot;:&quot;classic&quot;}\">\n\t\t\t\t\t\t\t<div class=\"elementor-background-overlay\"><\/div>\n\t\t\t\t\t\t\t<div class=\"elementor-container elementor-column-gap-default\">\n\t\t\t\t\t<div class=\"elementor-column elementor-col-100 elementor-top-column elementor-element elementor-element-12df2a2a\" data-id=\"12df2a2a\" data-element_type=\"column\" data-e-type=\"column\">\n\t\t\t<div class=\"elementor-widget-wrap elementor-element-populated\">\n\t\t\t\t\t\t<div class=\"elementor-element elementor-element-cf1287e elementor-widget elementor-widget-heading\" data-id=\"cf1287e\" data-element_type=\"widget\" data-e-type=\"widget\" data-widget_type=\"heading.default\">\n\t\t\t\t<div class=\"elementor-widget-container\">\n\t\t\t\t\t<h2 class=\"elementor-heading-title elementor-size-large\">Saber m\u00e1s<\/h2>\t\t\t\t<\/div>\n\t\t\t\t<\/div>\n\t\t\t\t<div class=\"elementor-element elementor-element-34eba21e elementor-widget elementor-widget-heading\" data-id=\"34eba21e\" data-element_type=\"widget\" data-e-type=\"widget\" data-widget_type=\"heading.default\">\n\t\t\t\t<div class=\"elementor-widget-container\">\n\t\t\t\t\t<p class=\"elementor-heading-title elementor-size-medium\">Hable con uno de nuestros consultores sobre sus desaf\u00edos<\/p>\t\t\t\t<\/div>\n\t\t\t\t<\/div>\n\t\t\t\t<div class=\"elementor-element elementor-element-8ae8f6e elementor-widget elementor-widget-button\" data-id=\"8ae8f6e\" data-element_type=\"widget\" data-e-type=\"widget\" data-widget_type=\"button.default\">\n\t\t\t\t<div class=\"elementor-widget-container\">\n\t\t\t\t\t\t\t\t\t<div class=\"elementor-button-wrapper\">\n\t\t\t\t\t<a class=\"elementor-button elementor-button-link elementor-size-md\" href=\"https:\/\/balmert.com\/es\/contact\/\">\n\t\t\t\t\t\t<span class=\"elementor-button-content-wrapper\">\n\t\t\t\t\t\t\t\t\t<span class=\"elementor-button-text\">Contacto<\/span>\n\t\t\t\t\t<\/span>\n\t\t\t\t\t<\/a>\n\t\t\t\t<\/div>\n\t\t\t\t\t\t\t\t<\/div>\n\t\t\t\t<\/div>\n\t\t\t\t\t<\/div>\n\t\t<\/div>\n\t\t\t\t\t<\/div>\n\t\t<\/section>\n\t\t\t\t<\/div>","protected":false},"excerpt":{"rendered":"<p>Organization Power Organization Power: Who has it? How much, and Why? In terms of execution as it relates to any safety initiative, organizational power is a commonly misunderstood concept by many of our clients. In this video Paul discussess some very common pitfalls on the matter of influence and control as it relates to the [&hellip;]<\/p>\n","protected":false},"author":1,"featured_media":0,"parent":0,"menu_order":0,"comment_status":"closed","ping_status":"closed","template":"","meta":{"site-sidebar-layout":"no-sidebar","site-content-layout":"page-builder","ast-site-content-layout":"full-width-container","site-content-style":"unboxed","site-sidebar-style":"unboxed","ast-global-header-display":"","ast-banner-title-visibility":"","ast-main-header-display":"","ast-hfb-above-header-display":"","ast-hfb-below-header-display":"","ast-hfb-mobile-header-display":"","site-post-title":"disabled","ast-breadcrumbs-content":"","ast-featured-img":"disabled","footer-sml-layout":"","ast-disable-related-posts":"","theme-transparent-header-meta":"default","adv-header-id-meta":"","stick-header-meta":"default","header-above-stick-meta":"","header-main-stick-meta":"","header-below-stick-meta":"","astra-migrate-meta-layouts":"set","ast-page-background-enabled":"default","ast-page-background-meta":{"desktop":{"background-color":"","background-image":"","background-repeat":"repeat","background-position":"center center","background-size":"auto","background-attachment":"scroll","background-type":"","background-media":"","overlay-type":"","overlay-color":"","overlay-opacity":"","overlay-gradient":""},"tablet":{"background-color":"","background-image":"","background-repeat":"repeat","background-position":"center center","background-size":"auto","background-attachment":"scroll","background-type":"","background-media":"","overlay-type":"","overlay-color":"","overlay-opacity":"","overlay-gradient":""},"mobile":{"background-color":"","background-image":"","background-repeat":"repeat","background-position":"center center","background-size":"auto","background-attachment":"scroll","background-type":"","background-media":"","overlay-type":"","overlay-color":"","overlay-opacity":"","overlay-gradient":""}},"ast-content-background-meta":{"desktop":{"background-color":"var(--ast-global-color-5)","background-image":"","background-repeat":"repeat","background-position":"center center","background-size":"auto","background-attachment":"scroll","background-type":"","background-media":"","overlay-type":"","overlay-color":"","overlay-opacity":"","overlay-gradient":""},"tablet":{"background-color":"var(--ast-global-color-5)","background-image":"","background-repeat":"repeat","background-position":"center center","background-size":"auto","background-attachment":"scroll","background-type":"","background-media":"","overlay-type":"","overlay-color":"","overlay-opacity":"","overlay-gradient":""},"mobile":{"background-color":"var(--ast-global-color-5)","background-image":"","background-repeat":"repeat","background-position":"center center","background-size":"auto","background-attachment":"scroll","background-type":"","background-media":"","overlay-type":"","overlay-color":"","overlay-opacity":"","overlay-gradient":""}},"episode_type":"","audio_file":"","cover_image":"","cover_image_id":"","duration":"","filesize":"","filesize_raw":"","date_recorded":"","explicit":"","block":"","itunes_episode_number":"","itunes_title":"","itunes_season_number":"","itunes_episode_type":"","jetpack_post_was_ever_published":false,"footnotes":""},"class_list":["post-2582","page","type-page","status-publish","hentry"],"yoast_head":"<!-- This site is optimized with the Yoast SEO plugin v27.0 - https:\/\/yoast.com\/product\/yoast-seo-wordpress\/ -->\n<title>Organization Power \u2014 Understanding Influence &amp; Control<\/title>\n<meta name=\"description\" content=\"Learn what organization power really means \u2014 how influence and control shape decisions and outcomes within safety and leadership performance.\" \/>\n<meta name=\"robots\" content=\"index, follow, max-snippet:-1, max-image-preview:large, max-video-preview:-1\" \/>\n<link rel=\"canonical\" href=\"https:\/\/balmert.com\/es\/organization-power\/\" \/>\n<meta property=\"og:locale\" content=\"es_MX\" \/>\n<meta property=\"og:type\" content=\"article\" \/>\n<meta property=\"og:title\" content=\"Organization Power \u2014 Understanding Influence &amp; Control\" \/>\n<meta property=\"og:description\" content=\"Learn what organization power really means \u2014 how influence and control shape decisions and outcomes within safety and leadership performance.\" \/>\n<meta property=\"og:url\" content=\"https:\/\/balmert.com\/es\/organization-power\/\" \/>\n<meta property=\"og:site_name\" content=\"Balmert Consulting\" \/>\n<meta property=\"article:publisher\" content=\"https:\/\/www.facebook.com\/BalmertConsulting\/\" \/>\n<meta property=\"article:modified_time\" content=\"2026-01-02T07:16:12+00:00\" \/>\n<meta name=\"twitter:card\" content=\"summary_large_image\" \/>\n<meta name=\"twitter:label1\" content=\"Tiempo de lectura\" \/>\n\t<meta name=\"twitter:data1\" content=\"1 minuto\" \/>\n<script type=\"application\/ld+json\" class=\"yoast-schema-graph\">{\"@context\":\"https:\/\/schema.org\",\"@graph\":[{\"@type\":\"WebPage\",\"@id\":\"https:\/\/balmert.com\/organization-power\/\",\"url\":\"https:\/\/balmert.com\/organization-power\/\",\"name\":\"Organization Power \u2014 Understanding Influence & Control\",\"isPartOf\":{\"@id\":\"https:\/\/balmert.com\/#website\"},\"datePublished\":\"2022-02-22T19:10:15+00:00\",\"dateModified\":\"2026-01-02T07:16:12+00:00\",\"description\":\"Learn what organization power really means \u2014 how influence and control shape decisions and outcomes within safety and leadership performance.\",\"breadcrumb\":{\"@id\":\"https:\/\/balmert.com\/organization-power\/#breadcrumb\"},\"inLanguage\":\"es\",\"potentialAction\":[{\"@type\":\"ReadAction\",\"target\":[\"https:\/\/balmert.com\/organization-power\/\"]}]},{\"@type\":\"BreadcrumbList\",\"@id\":\"https:\/\/balmert.com\/organization-power\/#breadcrumb\",\"itemListElement\":[{\"@type\":\"ListItem\",\"position\":1,\"name\":\"Home\",\"item\":\"https:\/\/balmert.com\/\"},{\"@type\":\"ListItem\",\"position\":2,\"name\":\"Organization Power\"}]},{\"@type\":\"WebSite\",\"@id\":\"https:\/\/balmert.com\/#website\",\"url\":\"https:\/\/balmert.com\/\",\"name\":\"Balmert Consulting\",\"description\":\"Most of our clients have tough safety, leadership and\/or execution challenges that keep them up at night. They trust us to help them solve those problems.\",\"publisher\":{\"@id\":\"https:\/\/balmert.com\/#organization\"},\"potentialAction\":[{\"@type\":\"SearchAction\",\"target\":{\"@type\":\"EntryPoint\",\"urlTemplate\":\"https:\/\/balmert.com\/?s={search_term_string}\"},\"query-input\":{\"@type\":\"PropertyValueSpecification\",\"valueRequired\":true,\"valueName\":\"search_term_string\"}}],\"inLanguage\":\"es\"},{\"@type\":\"Organization\",\"@id\":\"https:\/\/balmert.com\/#organization\",\"name\":\"Balmert Consulting\",\"url\":\"https:\/\/balmert.com\/\",\"logo\":{\"@type\":\"ImageObject\",\"inLanguage\":\"es\",\"@id\":\"https:\/\/balmert.com\/#\/schema\/logo\/image\/\",\"url\":\"https:\/\/i0.wp.com\/balmert.com\/wp-content\/uploads\/2018\/10\/skeets.png?fit=206%2C258&ssl=1\",\"contentUrl\":\"https:\/\/i0.wp.com\/balmert.com\/wp-content\/uploads\/2018\/10\/skeets.png?fit=206%2C258&ssl=1\",\"width\":\"206\",\"height\":\"258\",\"caption\":\"Balmert Consulting\"},\"image\":{\"@id\":\"https:\/\/balmert.com\/#\/schema\/logo\/image\/\"},\"sameAs\":[\"https:\/\/www.facebook.com\/BalmertConsulting\/\",\"https:\/\/www.linkedin.com\/company\/balmert-consulting\/about\/\"]}]}<\/script>\n<!-- \/ Yoast SEO plugin. -->","yoast_head_json":{"title":"Organization Power \u2014 Understanding Influence & Control","description":"Learn what organization power really means \u2014 how influence and control shape decisions and outcomes within safety and leadership performance.","robots":{"index":"index","follow":"follow","max-snippet":"max-snippet:-1","max-image-preview":"max-image-preview:large","max-video-preview":"max-video-preview:-1"},"canonical":"https:\/\/balmert.com\/es\/organization-power\/","og_locale":"es_MX","og_type":"article","og_title":"Organization Power \u2014 Understanding Influence & Control","og_description":"Learn what organization power really means \u2014 how influence and control shape decisions and outcomes within safety and leadership performance.","og_url":"https:\/\/balmert.com\/es\/organization-power\/","og_site_name":"Balmert Consulting","article_publisher":"https:\/\/www.facebook.com\/BalmertConsulting\/","article_modified_time":"2026-01-02T07:16:12+00:00","twitter_card":"summary_large_image","twitter_misc":{"Tiempo de lectura":"1 minuto"},"schema":{"@context":"https:\/\/schema.org","@graph":[{"@type":"WebPage","@id":"https:\/\/balmert.com\/organization-power\/","url":"https:\/\/balmert.com\/organization-power\/","name":"Organization Power \u2014 Understanding Influence & Control","isPartOf":{"@id":"https:\/\/balmert.com\/#website"},"datePublished":"2022-02-22T19:10:15+00:00","dateModified":"2026-01-02T07:16:12+00:00","description":"Learn what organization power really means \u2014 how influence and control shape decisions and outcomes within safety and leadership performance.","breadcrumb":{"@id":"https:\/\/balmert.com\/organization-power\/#breadcrumb"},"inLanguage":"es","potentialAction":[{"@type":"ReadAction","target":["https:\/\/balmert.com\/organization-power\/"]}]},{"@type":"BreadcrumbList","@id":"https:\/\/balmert.com\/organization-power\/#breadcrumb","itemListElement":[{"@type":"ListItem","position":1,"name":"Home","item":"https:\/\/balmert.com\/"},{"@type":"ListItem","position":2,"name":"Organization Power"}]},{"@type":"WebSite","@id":"https:\/\/balmert.com\/#website","url":"https:\/\/balmert.com\/","name":"Balmert Consulting","description":"La mayor\u00eda de nuestros clientes tienen desaf\u00edos dif\u00edciles de seguridad, liderazgo y \/ o ejecuci\u00f3n que los mantienen despiertos por la noche. Conf\u00edan en nosotros para ayudarlos a resolver esos problemas.","publisher":{"@id":"https:\/\/balmert.com\/#organization"},"potentialAction":[{"@type":"SearchAction","target":{"@type":"EntryPoint","urlTemplate":"https:\/\/balmert.com\/?s={search_term_string}"},"query-input":{"@type":"PropertyValueSpecification","valueRequired":true,"valueName":"search_term_string"}}],"inLanguage":"es"},{"@type":"Organization","@id":"https:\/\/balmert.com\/#organization","name":"Balmert Consulting","url":"https:\/\/balmert.com\/","logo":{"@type":"ImageObject","inLanguage":"es","@id":"https:\/\/balmert.com\/#\/schema\/logo\/image\/","url":"https:\/\/i0.wp.com\/balmert.com\/wp-content\/uploads\/2018\/10\/skeets.png?fit=206%2C258&ssl=1","contentUrl":"https:\/\/i0.wp.com\/balmert.com\/wp-content\/uploads\/2018\/10\/skeets.png?fit=206%2C258&ssl=1","width":"206","height":"258","caption":"Balmert Consulting"},"image":{"@id":"https:\/\/balmert.com\/#\/schema\/logo\/image\/"},"sameAs":["https:\/\/www.facebook.com\/BalmertConsulting\/","https:\/\/www.linkedin.com\/company\/balmert-consulting\/about\/"]}]}},"jetpack_sharing_enabled":true,"jetpack_shortlink":"https:\/\/wp.me\/PaokrT-FE","jetpack_likes_enabled":false,"amp_enabled":true,"_links":{"self":[{"href":"https:\/\/balmert.com\/es\/wp-json\/wp\/v2\/pages\/2582","targetHints":{"allow":["GET"]}}],"collection":[{"href":"https:\/\/balmert.com\/es\/wp-json\/wp\/v2\/pages"}],"about":[{"href":"https:\/\/balmert.com\/es\/wp-json\/wp\/v2\/types\/page"}],"author":[{"embeddable":true,"href":"https:\/\/balmert.com\/es\/wp-json\/wp\/v2\/users\/1"}],"replies":[{"embeddable":true,"href":"https:\/\/balmert.com\/es\/wp-json\/wp\/v2\/comments?post=2582"}],"version-history":[{"count":17,"href":"https:\/\/balmert.com\/es\/wp-json\/wp\/v2\/pages\/2582\/revisions"}],"predecessor-version":[{"id":4742,"href":"https:\/\/balmert.com\/es\/wp-json\/wp\/v2\/pages\/2582\/revisions\/4742"}],"wp:attachment":[{"href":"https:\/\/balmert.com\/es\/wp-json\/wp\/v2\/media?parent=2582"}],"curies":[{"name":"gracias","href":"https:\/\/api.w.org\/{rel}","templated":true}]}}